{"id":16941,"date":"2025-02-07T12:20:30","date_gmt":"2025-02-07T10:20:30","guid":{"rendered":"https:\/\/www.ksttukku.fi\/kauppa\/?post_type=product&#038;p=16941"},"modified":"2025-02-07T12:20:30","modified_gmt":"2025-02-07T10:20:30","slug":"wc-istuimen-kansi-valkoinen","status":"publish","type":"product","link":"https:\/\/www.ksttukku.fi\/kauppa\/tuote\/wc-istuimen-kansi-valkoinen\/","title":{"rendered":"WC-istuimen kansi valkoinen"},"content":{"rendered":"<p>WC-istuimen kansi sulkeutuu pehme\u00e4sti ja \u00e4\u00e4nett\u00f6m\u00e4sti vaimentimilla varustettujen saranoiden ansiosta. Kansi soveltuu useimpiin WC-laitteisiin.<\/p>\n<p>Materiaali: polypropeenimuovia<\/p>\n<p>V\u00e4ri: valkoinen<\/p>\n<p>Kiinnitysruuvien pituus 110 mm<\/p>\n<p>Kiinnitysruuvien leveys s\u00e4\u00e4dett\u00e4viss\u00e4 130-170 mm<\/p>\n<p>Mitat: 295 x 230 mm( sis\u00e4)<\/p>\n<p>440 x 380 mm (ulko)<\/p>\n<p>425 &#8211; 455 mm syvyys\/ pituuss\u00e4\u00e4t\u00f6<\/p>\n<p>Hoito-ohjeet: Puhdista mietoon puhdistusaineeseen kostetulla liinalla<\/p>\n<p>ja kuivaa puhtaalla liinalla.<\/p>\n","protected":false},"excerpt":{"rendered":"<p>WC-istuimen kansi sulkeutuu pehme\u00e4sti ja \u00e4\u00e4nett\u00f6m\u00e4sti vaimentimilla varustettujen saranoiden ansiosta. Kansi soveltuu useimpiin WC-laitteisiin. Materiaali: polypropeenimuovia V\u00e4ri: valkoinen Kiinnitysruuvien pituus 110 mm Kiinnitysruuvien leveys s\u00e4\u00e4dett\u00e4viss\u00e4 130-170 mm Mitat: 295 x 230 mm( sis\u00e4) 440 x 380 mm (ulko) 425 &#8211; 455 mm syvyys\/ pituuss\u00e4\u00e4t\u00f6 Hoito-ohjeet: Puhdista mietoon puhdistusaineeseen kostetulla liinalla ja kuivaa puhtaalla liinalla.<\/p>\n","protected":false},"featured_media":16942,"comment_status":"closed","ping_status":"closed","template":"","meta":[],"product_brand":[],"product_cat":[150,546],"product_tag":[],"class_list":{"0":"post-16941","1":"product","2":"type-product","3":"status-publish","4":"has-post-thumbnail","6":"product_cat-kylpyhuone","7":"product_cat-wc-kansi","9":"first","10":"instock","11":"taxable","12":"shipping-taxable","13":"purchasable","14":"product-type-simple"},"_links":{"self":[{"href":"https:\/\/www.ksttukku.fi\/kauppa\/wp-json\/wp\/v2\/product\/16941","targetHints":{"allow":["GET"]}}],"collection":[{"href":"https:\/\/www.ksttukku.fi\/kauppa\/wp-json\/wp\/v2\/product"}],"about":[{"href":"https:\/\/www.ksttukku.fi\/kauppa\/wp-json\/wp\/v2\/types\/product"}],"replies":[{"embeddable":true,"href":"https:\/\/www.ksttukku.fi\/kauppa\/wp-json\/wp\/v2\/comments?post=16941"}],"wp:featuredmedia":[{"embeddable":true,"href":"https:\/\/www.ksttukku.fi\/kauppa\/wp-json\/wp\/v2\/media\/16942"}],"wp:attachment":[{"href":"https:\/\/www.ksttukku.fi\/kauppa\/wp-json\/wp\/v2\/media?parent=16941"}],"wp:term":[{"taxonomy":"product_brand","embeddable":true,"href":"https:\/\/www.ksttukku.fi\/kauppa\/wp-json\/wp\/v2\/product_brand?post=16941"},{"taxonomy":"product_cat","embeddable":true,"href":"https:\/\/www.ksttukku.fi\/kauppa\/wp-json\/wp\/v2\/product_cat?post=16941"},{"taxonomy":"product_tag","embeddable":true,"href":"https:\/\/www.ksttukku.fi\/kauppa\/wp-json\/wp\/v2\/product_tag?post=16941"}],"curies":[{"name":"wp","href":"https:\/\/api.w.org\/{rel}","templated":true}]}}