{"id":16945,"date":"2025-02-07T12:42:03","date_gmt":"2025-02-07T10:42:03","guid":{"rendered":"https:\/\/www.ksttukku.fi\/kauppa\/?post_type=product&#038;p=16945"},"modified":"2025-02-07T12:42:03","modified_gmt":"2025-02-07T10:42:03","slug":"reno-wc-kansi-valkoinen","status":"publish","type":"product","link":"https:\/\/www.ksttukku.fi\/kauppa\/tuote\/reno-wc-kansi-valkoinen\/","title":{"rendered":"Reno WC-kansi valkoinen"},"content":{"rendered":"<p>Tammiholman wc-istuinkansi sopii yleisimpiin wc-istuimiin.<\/p>\n<p>Pehme\u00e4 kansi on helppo irrottaa wc-istuimen puhdistuksen ajaksi.<\/p>\n<p>Istuinkansi on hygieniatuote, tuotteella ei ole vaihto- tai palautusoikeutta.<\/p>\n<ul>\n<li>Valmistettu\u00a0polypropyleenista<\/li>\n<li>Muoviset kiinnikkeet<\/li>\n<li>Mitat 45 x 37\u00a0cm<\/li>\n<li>S\u00e4\u00e4t\u00f6v\u00e4li 11,5-18\u00a0cm<\/li>\n<\/ul>\n","protected":false},"excerpt":{"rendered":"<p>Tammiholman wc-istuinkansi sopii yleisimpiin wc-istuimiin. Pehme\u00e4 kansi on helppo irrottaa wc-istuimen puhdistuksen ajaksi. Istuinkansi on hygieniatuote, tuotteella ei ole vaihto- tai palautusoikeutta. Valmistettu\u00a0polypropyleenista Muoviset kiinnikkeet Mitat 45 x 37\u00a0cm S\u00e4\u00e4t\u00f6v\u00e4li 11,5-18\u00a0cm<\/p>\n","protected":false},"featured_media":16946,"comment_status":"closed","ping_status":"closed","template":"","meta":[],"product_brand":[],"product_cat":[150,546],"product_tag":[],"class_list":{"0":"post-16945","1":"product","2":"type-product","3":"status-publish","4":"has-post-thumbnail","6":"product_cat-kylpyhuone","7":"product_cat-wc-kansi","9":"first","10":"instock","11":"taxable","12":"shipping-taxable","13":"purchasable","14":"product-type-simple"},"_links":{"self":[{"href":"https:\/\/www.ksttukku.fi\/kauppa\/wp-json\/wp\/v2\/product\/16945","targetHints":{"allow":["GET"]}}],"collection":[{"href":"https:\/\/www.ksttukku.fi\/kauppa\/wp-json\/wp\/v2\/product"}],"about":[{"href":"https:\/\/www.ksttukku.fi\/kauppa\/wp-json\/wp\/v2\/types\/product"}],"replies":[{"embeddable":true,"href":"https:\/\/www.ksttukku.fi\/kauppa\/wp-json\/wp\/v2\/comments?post=16945"}],"wp:featuredmedia":[{"embeddable":true,"href":"https:\/\/www.ksttukku.fi\/kauppa\/wp-json\/wp\/v2\/media\/16946"}],"wp:attachment":[{"href":"https:\/\/www.ksttukku.fi\/kauppa\/wp-json\/wp\/v2\/media?parent=16945"}],"wp:term":[{"taxonomy":"product_brand","embeddable":true,"href":"https:\/\/www.ksttukku.fi\/kauppa\/wp-json\/wp\/v2\/product_brand?post=16945"},{"taxonomy":"product_cat","embeddable":true,"href":"https:\/\/www.ksttukku.fi\/kauppa\/wp-json\/wp\/v2\/product_cat?post=16945"},{"taxonomy":"product_tag","embeddable":true,"href":"https:\/\/www.ksttukku.fi\/kauppa\/wp-json\/wp\/v2\/product_tag?post=16945"}],"curies":[{"name":"wp","href":"https:\/\/api.w.org\/{rel}","templated":true}]}}