{"id":16950,"date":"2025-02-11T16:43:14","date_gmt":"2025-02-11T14:43:14","guid":{"rendered":"https:\/\/www.ksttukku.fi\/kauppa\/?post_type=product&#038;p=16950"},"modified":"2025-02-11T16:43:14","modified_gmt":"2025-02-11T14:43:14","slug":"compact-multi-dim-7-w-ip-54-valkoinen","status":"publish","type":"product","link":"https:\/\/www.ksttukku.fi\/kauppa\/tuote\/compact-multi-dim-7-w-ip-54-valkoinen\/","title":{"rendered":"Compact Multi  DIM 7 W Ip 54 valkoinen"},"content":{"rendered":"<p>Suunnattava valaisin soveltuu yleisvalaistuksen luomiseen ja yksityiskohtien korostamiseen.<\/p>\n<p>K\u00e4ytt\u00f6kohteina ovat asuinrakennukset sek\u00e4 julkiset tilat, joissa tarvitaan laadukasta v\u00e4rintoistoa, kuten museot, ravintolat, galleriat ja hotellit.<\/p>\n<p>Valaisimen v\u00e4ril\u00e4mp\u00f6tila valitaan kolmesta vaihtoehdosta ennen asennusta. Himmennett\u00e4vyys tuo lis\u00e4\u00e4 mahdollisuuksia tilojen valaistukseen.<\/p>\n<p>V\u00e4ril\u00e4mp\u00f6tilan vaihto valaisimessa olevasta kytkimest\u00e4 (2700, 3000, 4000 K)<\/p>\n<p>Valaisimen osissa on k\u00e4ytetty kierr\u00e4tetty\u00e4 alumiinia ja muovia.<\/p>\n<p>Voidaan asentaa suoraan eristeeseen. \u00a0Kotelo muovia ja v\u00e4ri musta.<\/p>\n<p>Compact multi on egologinen valinta, sill\u00e4 sen valonl\u00e4hde on k\u00e4ytt\u00e4j\u00e4n helposti vaihdettavissa.<\/p>\n<p>Asennuskorkeus 2\u20136 metri\u00e4<\/p>\n","protected":false},"excerpt":{"rendered":"<p>Suunnattava valaisin soveltuu yleisvalaistuksen luomiseen ja yksityiskohtien korostamiseen. K\u00e4ytt\u00f6kohteina ovat asuinrakennukset sek\u00e4 julkiset tilat, joissa tarvitaan laadukasta v\u00e4rintoistoa, kuten museot, ravintolat, galleriat ja hotellit. Valaisimen v\u00e4ril\u00e4mp\u00f6tila valitaan kolmesta vaihtoehdosta ennen asennusta. Himmennett\u00e4vyys tuo lis\u00e4\u00e4 mahdollisuuksia tilojen valaistukseen. V\u00e4ril\u00e4mp\u00f6tilan vaihto valaisimessa olevasta kytkimest\u00e4 (2700, 3000, 4000 K) Valaisimen osissa on k\u00e4ytetty kierr\u00e4tetty\u00e4 alumiinia ja muovia. Voidaan [&hellip;]<\/p>\n","protected":false},"featured_media":16951,"comment_status":"closed","ping_status":"closed","template":"","meta":[],"product_brand":[],"product_cat":[46,174,35,36,52,34],"product_tag":[],"class_list":{"0":"post-16950","1":"product","2":"type-product","3":"status-publish","4":"has-post-thumbnail","6":"product_cat-alasvalot","7":"product_cat-riippuvalaisimet-ulkovalaisimet","8":"product_cat-sisavalaisimet","9":"product_cat-ulkovalaisimet","10":"product_cat-upotettavat","11":"product_cat-valaisimet","13":"first","14":"instock","15":"taxable","16":"shipping-taxable","17":"purchasable","18":"product-type-simple"},"_links":{"self":[{"href":"https:\/\/www.ksttukku.fi\/kauppa\/wp-json\/wp\/v2\/product\/16950","targetHints":{"allow":["GET"]}}],"collection":[{"href":"https:\/\/www.ksttukku.fi\/kauppa\/wp-json\/wp\/v2\/product"}],"about":[{"href":"https:\/\/www.ksttukku.fi\/kauppa\/wp-json\/wp\/v2\/types\/product"}],"replies":[{"embeddable":true,"href":"https:\/\/www.ksttukku.fi\/kauppa\/wp-json\/wp\/v2\/comments?post=16950"}],"wp:featuredmedia":[{"embeddable":true,"href":"https:\/\/www.ksttukku.fi\/kauppa\/wp-json\/wp\/v2\/media\/16951"}],"wp:attachment":[{"href":"https:\/\/www.ksttukku.fi\/kauppa\/wp-json\/wp\/v2\/media?parent=16950"}],"wp:term":[{"taxonomy":"product_brand","embeddable":true,"href":"https:\/\/www.ksttukku.fi\/kauppa\/wp-json\/wp\/v2\/product_brand?post=16950"},{"taxonomy":"product_cat","embeddable":true,"href":"https:\/\/www.ksttukku.fi\/kauppa\/wp-json\/wp\/v2\/product_cat?post=16950"},{"taxonomy":"product_tag","embeddable":true,"href":"https:\/\/www.ksttukku.fi\/kauppa\/wp-json\/wp\/v2\/product_tag?post=16950"}],"curies":[{"name":"wp","href":"https:\/\/api.w.org\/{rel}","templated":true}]}}