{"id":16960,"date":"2025-02-12T17:52:38","date_gmt":"2025-02-12T15:52:38","guid":{"rendered":"https:\/\/www.ksttukku.fi\/kauppa\/?post_type=product&#038;p=16960"},"modified":"2025-02-12T17:52:38","modified_gmt":"2025-02-12T15:52:38","slug":"multibay-ip65-ik08-200w-28000lm-da2","status":"publish","type":"product","link":"https:\/\/www.ksttukku.fi\/kauppa\/tuote\/multibay-ip65-ik08-200w-28000lm-da2\/","title":{"rendered":"Multibay IP65 IK08 200W 28000lm DA2"},"content":{"rendered":"<p>Multibay on kustannustehokas syv\u00e4s\u00e4teilij\u00e4, jossa yhdistyv\u00e4t monik\u00e4ytt\u00f6isyys ja erinomainen hintalaatusuhde. Kest\u00e4v\u00e4st\u00e4 alumiinista valmistettu syv\u00e4s\u00e4teilij\u00e4 soveltuu tehovaihtonsa ansiosta l\u00e4hes mihin tahansa suurta valontuottoa vaativaan kohteeseen, kuten korkeisiin, avoimiin halli- ja varastotiloihin. Valaisimen mukana toimitetaan valmiina karabiinihaka, joilla mahdollistat helpon ja nopean ripustusasennuksen. Pinta-asennus on mahdollista erikseen tilattavalla asennussangalla. On\/off-versiossa on kolme tehovaihtoehtoa. Dali-version voi konfiguroida haluttuun tehoon dalikonfiguroinnin yhteydess\u00e4.<\/p>\n<p>Runko alumiinia, linssit polykarbonaattia, avauskulma 90 astetta.<\/p>\n<p>Musta, RAL 9017.<\/p>\n<p>Suojausluokka I.<\/p>\n<p>P\u00e4\u00e4ttyv\u00e4 asennus 3 x 1 mm2 (on\/off) ja 5 x 1 mm2 (1-10V), kytkett\u00e4v\u00e4 erillisess\u00e4 rasiassa.<\/p>\n<p>Kaapelin pituus 300 mm.<\/p>\n<p>Ripustusasennus tai pinta-asennus asennussangalla (4338604), tilattava erikseen.<\/p>\n<p>Asennuskorkeus 6\u201310 m.<\/p>\n<p>V\u00e4ril\u00e4mp\u00f6tila 4000 K. CRI &gt; 80 \/ Ra &gt; 80.<\/p>\n<p>IP65.<\/p>\n<p>IK08.<\/p>\n<p>Kiinte\u00e4 led, teho vaihdettavissa valaisimesta.<\/p>\n<p>On\/off: 110 W \/ 16 500 lm; 150 W \/ 22 000 lm; 200 W \/ 28 000 lm.<\/p>\n<p>Dali: 200 W \/ 28 000 lm.<\/p>\n","protected":false},"excerpt":{"rendered":"<p>Multibay on kustannustehokas syv\u00e4s\u00e4teilij\u00e4, jossa yhdistyv\u00e4t monik\u00e4ytt\u00f6isyys ja erinomainen hintalaatusuhde. Kest\u00e4v\u00e4st\u00e4 alumiinista valmistettu syv\u00e4s\u00e4teilij\u00e4 soveltuu tehovaihtonsa ansiosta l\u00e4hes mihin tahansa suurta valontuottoa vaativaan kohteeseen, kuten korkeisiin, avoimiin halli- ja varastotiloihin. Valaisimen mukana toimitetaan valmiina karabiinihaka, joilla mahdollistat helpon ja nopean ripustusasennuksen. Pinta-asennus on mahdollista erikseen tilattavalla asennussangalla. On\/off-versiossa on kolme tehovaihtoehtoa. Dali-version voi konfiguroida haluttuun [&hellip;]<\/p>\n","protected":false},"featured_media":16961,"comment_status":"closed","ping_status":"closed","template":"","meta":[],"product_brand":[],"product_cat":[184,61,36,34,39],"product_tag":[],"class_list":{"0":"post-16960","1":"product","2":"type-product","3":"status-publish","4":"has-post-thumbnail","6":"product_cat-suurteho-valonheittimet","7":"product_cat-yleisvalaisimet","8":"product_cat-ulkovalaisimet","9":"product_cat-valaisimet","10":"product_cat-valonheittimet","12":"first","13":"instock","14":"sale","15":"taxable","16":"shipping-taxable","17":"purchasable","18":"product-type-simple"},"_links":{"self":[{"href":"https:\/\/www.ksttukku.fi\/kauppa\/wp-json\/wp\/v2\/product\/16960","targetHints":{"allow":["GET"]}}],"collection":[{"href":"https:\/\/www.ksttukku.fi\/kauppa\/wp-json\/wp\/v2\/product"}],"about":[{"href":"https:\/\/www.ksttukku.fi\/kauppa\/wp-json\/wp\/v2\/types\/product"}],"replies":[{"embeddable":true,"href":"https:\/\/www.ksttukku.fi\/kauppa\/wp-json\/wp\/v2\/comments?post=16960"}],"wp:featuredmedia":[{"embeddable":true,"href":"https:\/\/www.ksttukku.fi\/kauppa\/wp-json\/wp\/v2\/media\/16961"}],"wp:attachment":[{"href":"https:\/\/www.ksttukku.fi\/kauppa\/wp-json\/wp\/v2\/media?parent=16960"}],"wp:term":[{"taxonomy":"product_brand","embeddable":true,"href":"https:\/\/www.ksttukku.fi\/kauppa\/wp-json\/wp\/v2\/product_brand?post=16960"},{"taxonomy":"product_cat","embeddable":true,"href":"https:\/\/www.ksttukku.fi\/kauppa\/wp-json\/wp\/v2\/product_cat?post=16960"},{"taxonomy":"product_tag","embeddable":true,"href":"https:\/\/www.ksttukku.fi\/kauppa\/wp-json\/wp\/v2\/product_tag?post=16960"}],"curies":[{"name":"wp","href":"https:\/\/api.w.org\/{rel}","templated":true}]}}