{"id":16969,"date":"2025-02-15T11:54:34","date_gmt":"2025-02-15T09:54:34","guid":{"rendered":"https:\/\/www.ksttukku.fi\/kauppa\/?post_type=product&#038;p=16969"},"modified":"2025-09-03T17:06:41","modified_gmt":"2025-09-03T14:06:41","slug":"agudo-lattiavalaisin","status":"publish","type":"product","link":"https:\/\/www.ksttukku.fi\/kauppa\/tuote\/agudo-lattiavalaisin\/","title":{"rendered":"Agudo lattiavalaisin"},"content":{"rendered":"<p>Kaksiv\u00e4riset metallispotit tekev\u00e4t valaisimesta erityisen sisustuselementin kodissasi &#8211; kuten AGUDO-sarjan valaisimetkin. Nojatuolin viereen tai oleskelutilaan sijoitettuna valaisin luo kodikasta tunnelmaa\u00a0 l\u00e4mpim\u00e4ll\u00e4, luonnollisella ulkon\u00e4\u00f6ll\u00e4\u00e4n. Tyypillinen v\u00e4riyhdistelm\u00e4 kahvia, beige\u00e4 ja mattamustaa antaa valaisimelle tyyli\u00e4. Lampunvarjostimien mattapintainen metalli viimeistelee valaisimen t\u00e4ydellisesti.<\/p>\n<p>korkeus: 1610mm<\/p>\n<p>Kanta: 2 x E27<\/p>\n<ul>\n<li>Katkaisijan sijainti: Liitosjohdossa<\/li>\n<li>Suunnattava: Kyll\u00e4<\/li>\n<\/ul>\n","protected":false},"excerpt":{"rendered":"<p>Kaksiv\u00e4riset metallispotit tekev\u00e4t valaisimesta erityisen sisustuselementin kodissasi &#8211; kuten AGUDO-sarjan valaisimetkin. Nojatuolin viereen tai oleskelutilaan sijoitettuna valaisin luo kodikasta tunnelmaa\u00a0 l\u00e4mpim\u00e4ll\u00e4, luonnollisella ulkon\u00e4\u00f6ll\u00e4\u00e4n. Tyypillinen v\u00e4riyhdistelm\u00e4 kahvia, beige\u00e4 ja mattamustaa antaa valaisimelle tyyli\u00e4. Lampunvarjostimien mattapintainen metalli viimeistelee valaisimen t\u00e4ydellisesti. korkeus: 1610mm Kanta: 2 x E27 Katkaisijan sijainti: Liitosjohdossa Suunnattava: Kyll\u00e4<\/p>\n","protected":false},"featured_media":16970,"comment_status":"closed","ping_status":"closed","template":"","meta":[],"product_brand":[],"product_cat":[43,35,34],"product_tag":[],"class_list":{"0":"post-16969","1":"product","2":"type-product","3":"status-publish","4":"has-post-thumbnail","6":"product_cat-lattiavalaisimet","7":"product_cat-sisavalaisimet","8":"product_cat-valaisimet","10":"first","11":"instock","12":"taxable","13":"shipping-taxable","14":"purchasable","15":"product-type-simple"},"_links":{"self":[{"href":"https:\/\/www.ksttukku.fi\/kauppa\/wp-json\/wp\/v2\/product\/16969","targetHints":{"allow":["GET"]}}],"collection":[{"href":"https:\/\/www.ksttukku.fi\/kauppa\/wp-json\/wp\/v2\/product"}],"about":[{"href":"https:\/\/www.ksttukku.fi\/kauppa\/wp-json\/wp\/v2\/types\/product"}],"replies":[{"embeddable":true,"href":"https:\/\/www.ksttukku.fi\/kauppa\/wp-json\/wp\/v2\/comments?post=16969"}],"wp:featuredmedia":[{"embeddable":true,"href":"https:\/\/www.ksttukku.fi\/kauppa\/wp-json\/wp\/v2\/media\/16970"}],"wp:attachment":[{"href":"https:\/\/www.ksttukku.fi\/kauppa\/wp-json\/wp\/v2\/media?parent=16969"}],"wp:term":[{"taxonomy":"product_brand","embeddable":true,"href":"https:\/\/www.ksttukku.fi\/kauppa\/wp-json\/wp\/v2\/product_brand?post=16969"},{"taxonomy":"product_cat","embeddable":true,"href":"https:\/\/www.ksttukku.fi\/kauppa\/wp-json\/wp\/v2\/product_cat?post=16969"},{"taxonomy":"product_tag","embeddable":true,"href":"https:\/\/www.ksttukku.fi\/kauppa\/wp-json\/wp\/v2\/product_tag?post=16969"}],"curies":[{"name":"wp","href":"https:\/\/api.w.org\/{rel}","templated":true}]}}