{"id":16979,"date":"2025-02-18T17:39:34","date_gmt":"2025-02-18T15:39:34","guid":{"rendered":"https:\/\/www.ksttukku.fi\/kauppa\/?post_type=product&#038;p=16979"},"modified":"2025-02-18T17:39:34","modified_gmt":"2025-02-18T15:39:34","slug":"blanca-kattovalaisin-46w-4000k","status":"publish","type":"product","link":"https:\/\/www.ksttukku.fi\/kauppa\/tuote\/blanca-kattovalaisin-46w-4000k\/","title":{"rendered":"BLANCA \u2013 kattovalaisin  46W  4000K"},"content":{"rendered":"<p>BLANCA-kattovalaisin tekee vaikutuksen yksinkertaisella tyylikkyydell\u00e4\u00e4n. Pitk\u00e4nomainen kattovalaisin tarjoaa optimaalisen valaistuksen portaikoissa, k\u00e4yt\u00e4vill\u00e4 tai toimistoissa. Integroidun SWITCH-himmentimen avulla kirkkautta voidaan s\u00e4\u00e4t\u00e4\u00e4 kolmessa vaiheessa (100 %, 50 %, 25 %) tavallisella valokytkimell\u00e4, jolloin voidaan luoda erilaisia valaistustunnelmia.<\/p>\n<p>Pituus:\u00a0 120 cm<\/p>\n<p>Leveys:\u00a0 17 cm<\/p>\n<p>Korkeus: 6 cm<\/p>\n<p>Materiaali: muovi<\/p>\n","protected":false},"excerpt":{"rendered":"<p>BLANCA-kattovalaisin tekee vaikutuksen yksinkertaisella tyylikkyydell\u00e4\u00e4n. Pitk\u00e4nomainen kattovalaisin tarjoaa optimaalisen valaistuksen portaikoissa, k\u00e4yt\u00e4vill\u00e4 tai toimistoissa. Integroidun SWITCH-himmentimen avulla kirkkautta voidaan s\u00e4\u00e4t\u00e4\u00e4 kolmessa vaiheessa (100 %, 50 %, 25 %) tavallisella valokytkimell\u00e4, jolloin voidaan luoda erilaisia valaistustunnelmia. Pituus:\u00a0 120 cm Leveys:\u00a0 17 cm Korkeus: 6 cm Materiaali: muovi<\/p>\n","protected":false},"featured_media":16981,"comment_status":"closed","ping_status":"closed","template":"","meta":[],"product_brand":[],"product_cat":[40,51,35,34],"product_tag":[],"class_list":{"0":"post-16979","1":"product","2":"type-product","3":"status-publish","4":"has-post-thumbnail","6":"product_cat-kattovalaisimet","7":"product_cat-pinta-asennettavat","8":"product_cat-sisavalaisimet","9":"product_cat-valaisimet","11":"first","12":"instock","13":"taxable","14":"shipping-taxable","15":"purchasable","16":"product-type-simple"},"_links":{"self":[{"href":"https:\/\/www.ksttukku.fi\/kauppa\/wp-json\/wp\/v2\/product\/16979","targetHints":{"allow":["GET"]}}],"collection":[{"href":"https:\/\/www.ksttukku.fi\/kauppa\/wp-json\/wp\/v2\/product"}],"about":[{"href":"https:\/\/www.ksttukku.fi\/kauppa\/wp-json\/wp\/v2\/types\/product"}],"replies":[{"embeddable":true,"href":"https:\/\/www.ksttukku.fi\/kauppa\/wp-json\/wp\/v2\/comments?post=16979"}],"wp:featuredmedia":[{"embeddable":true,"href":"https:\/\/www.ksttukku.fi\/kauppa\/wp-json\/wp\/v2\/media\/16981"}],"wp:attachment":[{"href":"https:\/\/www.ksttukku.fi\/kauppa\/wp-json\/wp\/v2\/media?parent=16979"}],"wp:term":[{"taxonomy":"product_brand","embeddable":true,"href":"https:\/\/www.ksttukku.fi\/kauppa\/wp-json\/wp\/v2\/product_brand?post=16979"},{"taxonomy":"product_cat","embeddable":true,"href":"https:\/\/www.ksttukku.fi\/kauppa\/wp-json\/wp\/v2\/product_cat?post=16979"},{"taxonomy":"product_tag","embeddable":true,"href":"https:\/\/www.ksttukku.fi\/kauppa\/wp-json\/wp\/v2\/product_tag?post=16979"}],"curies":[{"name":"wp","href":"https:\/\/api.w.org\/{rel}","templated":true}]}}