{"id":16982,"date":"2025-02-18T17:50:51","date_gmt":"2025-02-18T15:50:51","guid":{"rendered":"https:\/\/www.ksttukku.fi\/kauppa\/?post_type=product&#038;p=16982"},"modified":"2025-02-18T17:50:52","modified_gmt":"2025-02-18T15:50:52","slug":"blanca-plafondi-46-w-5600lm-4000k","status":"publish","type":"product","link":"https:\/\/www.ksttukku.fi\/kauppa\/tuote\/blanca-plafondi-46-w-5600lm-4000k\/","title":{"rendered":"BLANCA plafondi  46 W 5600lm  4000K"},"content":{"rendered":"<p>BLANCA-kattovalaisin tekee vaikutuksen yksinkertaisella tyylikkyydell\u00e4 .Integroidun SWITCH-himmentimen avulla kirkkautta voidaan s\u00e4\u00e4t\u00e4\u00e4 kolmessa vaiheessa (100 %, 50 %, 25 %) tavallisella valokytkimell\u00e4, jolloin voidaan luoda erilaisia valaistustunnelmia.<\/p>\n<p>Halkaisija: 53 cm<\/p>\n<p>Korkeus: 5 cm<\/p>\n","protected":false},"excerpt":{"rendered":"<p>BLANCA-kattovalaisin tekee vaikutuksen yksinkertaisella tyylikkyydell\u00e4 .Integroidun SWITCH-himmentimen avulla kirkkautta voidaan s\u00e4\u00e4t\u00e4\u00e4 kolmessa vaiheessa (100 %, 50 %, 25 %) tavallisella valokytkimell\u00e4, jolloin voidaan luoda erilaisia valaistustunnelmia. Halkaisija: 53 cm Korkeus: 5 cm<\/p>\n","protected":false},"featured_media":16984,"comment_status":"closed","ping_status":"closed","template":"","meta":[],"product_brand":[],"product_cat":[40,183,35,34],"product_tag":[],"class_list":{"0":"post-16982","1":"product","2":"type-product","3":"status-publish","4":"has-post-thumbnail","6":"product_cat-kattovalaisimet","7":"product_cat-led-paneelivalaisimet","8":"product_cat-sisavalaisimet","9":"product_cat-valaisimet","11":"first","12":"instock","13":"taxable","14":"shipping-taxable","15":"purchasable","16":"product-type-simple"},"_links":{"self":[{"href":"https:\/\/www.ksttukku.fi\/kauppa\/wp-json\/wp\/v2\/product\/16982","targetHints":{"allow":["GET"]}}],"collection":[{"href":"https:\/\/www.ksttukku.fi\/kauppa\/wp-json\/wp\/v2\/product"}],"about":[{"href":"https:\/\/www.ksttukku.fi\/kauppa\/wp-json\/wp\/v2\/types\/product"}],"replies":[{"embeddable":true,"href":"https:\/\/www.ksttukku.fi\/kauppa\/wp-json\/wp\/v2\/comments?post=16982"}],"wp:featuredmedia":[{"embeddable":true,"href":"https:\/\/www.ksttukku.fi\/kauppa\/wp-json\/wp\/v2\/media\/16984"}],"wp:attachment":[{"href":"https:\/\/www.ksttukku.fi\/kauppa\/wp-json\/wp\/v2\/media?parent=16982"}],"wp:term":[{"taxonomy":"product_brand","embeddable":true,"href":"https:\/\/www.ksttukku.fi\/kauppa\/wp-json\/wp\/v2\/product_brand?post=16982"},{"taxonomy":"product_cat","embeddable":true,"href":"https:\/\/www.ksttukku.fi\/kauppa\/wp-json\/wp\/v2\/product_cat?post=16982"},{"taxonomy":"product_tag","embeddable":true,"href":"https:\/\/www.ksttukku.fi\/kauppa\/wp-json\/wp\/v2\/product_tag?post=16982"}],"curies":[{"name":"wp","href":"https:\/\/api.w.org\/{rel}","templated":true}]}}