{"id":16986,"date":"2025-02-19T16:04:17","date_gmt":"2025-02-19T14:04:17","guid":{"rendered":"https:\/\/www.ksttukku.fi\/kauppa\/?post_type=product&#038;p=16986"},"modified":"2025-02-19T16:04:18","modified_gmt":"2025-02-19T14:04:18","slug":"filo-riippuvalaisin-musta","status":"publish","type":"product","link":"https:\/\/www.ksttukku.fi\/kauppa\/tuote\/filo-riippuvalaisin-musta\/","title":{"rendered":"Filo riippuvalaisin musta"},"content":{"rendered":"<p>FILO luo tyylikk\u00e4it\u00e4 ja koristeellisia aksentteja. Materiaalien lasi ja metalli yhdistelm\u00e4 on jalo ja ehdottoman trendik\u00e4s. Kummankin lampun kahden varjostimen ansiosta syntyy erityisen pehme\u00e4, tunnelmallinen valo. Mustan mattapintainen valaisin, jossa on valkoinen lasivarjostin, on samanaikaisesti ajaton ja moderni, joten se sopii moneen sisustustyyliin.<\/p>\n<p>Halkaisija: 40<span class=\"ml-1\">cm<\/span><\/p>\n<p><span class=\"ml-1\">Kokonaispituus: 150 cm<\/span><\/p>\n<p><span class=\"ml-1\">Kanta: E27<\/span><\/p>\n<p><span class=\"ml-1\">V\u00e4ri: mattamusta<\/span><\/p>\n","protected":false},"excerpt":{"rendered":"<p>FILO luo tyylikk\u00e4it\u00e4 ja koristeellisia aksentteja. Materiaalien lasi ja metalli yhdistelm\u00e4 on jalo ja ehdottoman trendik\u00e4s. Kummankin lampun kahden varjostimen ansiosta syntyy erityisen pehme\u00e4, tunnelmallinen valo. Mustan mattapintainen valaisin, jossa on valkoinen lasivarjostin, on samanaikaisesti ajaton ja moderni, joten se sopii moneen sisustustyyliin. Halkaisija: 40cm Kokonaispituus: 150 cm Kanta: E27 V\u00e4ri: mattamusta<\/p>\n","protected":false},"featured_media":16989,"comment_status":"closed","ping_status":"closed","template":"","meta":[],"product_brand":[],"product_cat":[49,35,34],"product_tag":[],"class_list":{"0":"post-16986","1":"product","2":"type-product","3":"status-publish","4":"has-post-thumbnail","6":"product_cat-riippuvalaisimet","7":"product_cat-sisavalaisimet","8":"product_cat-valaisimet","10":"first","11":"instock","12":"taxable","13":"shipping-taxable","14":"purchasable","15":"product-type-simple"},"_links":{"self":[{"href":"https:\/\/www.ksttukku.fi\/kauppa\/wp-json\/wp\/v2\/product\/16986","targetHints":{"allow":["GET"]}}],"collection":[{"href":"https:\/\/www.ksttukku.fi\/kauppa\/wp-json\/wp\/v2\/product"}],"about":[{"href":"https:\/\/www.ksttukku.fi\/kauppa\/wp-json\/wp\/v2\/types\/product"}],"replies":[{"embeddable":true,"href":"https:\/\/www.ksttukku.fi\/kauppa\/wp-json\/wp\/v2\/comments?post=16986"}],"wp:featuredmedia":[{"embeddable":true,"href":"https:\/\/www.ksttukku.fi\/kauppa\/wp-json\/wp\/v2\/media\/16989"}],"wp:attachment":[{"href":"https:\/\/www.ksttukku.fi\/kauppa\/wp-json\/wp\/v2\/media?parent=16986"}],"wp:term":[{"taxonomy":"product_brand","embeddable":true,"href":"https:\/\/www.ksttukku.fi\/kauppa\/wp-json\/wp\/v2\/product_brand?post=16986"},{"taxonomy":"product_cat","embeddable":true,"href":"https:\/\/www.ksttukku.fi\/kauppa\/wp-json\/wp\/v2\/product_cat?post=16986"},{"taxonomy":"product_tag","embeddable":true,"href":"https:\/\/www.ksttukku.fi\/kauppa\/wp-json\/wp\/v2\/product_tag?post=16986"}],"curies":[{"name":"wp","href":"https:\/\/api.w.org\/{rel}","templated":true}]}}