{"id":16990,"date":"2025-02-19T16:28:39","date_gmt":"2025-02-19T14:28:39","guid":{"rendered":"https:\/\/www.ksttukku.fi\/kauppa\/?post_type=product&#038;p=16990"},"modified":"2025-03-13T14:39:26","modified_gmt":"2025-03-13T12:39:26","slug":"cardona-riippuvalaisin-musta-38w-4400lm","status":"publish","type":"product","link":"https:\/\/www.ksttukku.fi\/kauppa\/tuote\/cardona-riippuvalaisin-musta-38w-4400lm\/","title":{"rendered":"Trio CARDONA-riippuvalaisin musta 38W   4400lm  62 cm"},"content":{"rendered":"<p>Selkeys ja toiminnallisuus yhdistyv\u00e4t &#8211; CARDONA-riippuvalaisin tekee vaikutuksen py\u00f6re\u00e4ll\u00e4\u00a0 muotoilullaan, Moderniin olohuoneeseen, toimistoon tai ruokailuhuoneeseen sopiva valaisin antaa tasaisen, h\u00e4ik\u00e4isem\u00e4tt\u00f6m\u00e4n valaistuksen renkaan sis\u00e4ll\u00e4 olevan hienovaraisen valonl\u00e4hteen ansiosta ja luo miellytt\u00e4v\u00e4n tunnelman. Kirkkautta voidaan s\u00e4\u00e4t\u00e4\u00e4 kolmessa tasossa tavallisella valokytkimell\u00e4, ja valon v\u00e4ri\u00e4 voidaan s\u00e4\u00e4t\u00e4\u00e4 suoraan valaisimessa olevalla kytkimell\u00e4. Musta mattapintainen pinta antaa jokaiselle huoneelle ajattoman tyylikkyyden ja modernin kosketuksen<\/p>\n<p>Halkaisija: 62 cm<\/p>\n<p>Kokonaiskorkeus: 150 cm<\/p>\n<p>Materiaali: metalli<\/p>\n","protected":false},"excerpt":{"rendered":"<p>Selkeys ja toiminnallisuus yhdistyv\u00e4t &#8211; CARDONA-riippuvalaisin tekee vaikutuksen py\u00f6re\u00e4ll\u00e4\u00a0 muotoilullaan, Moderniin olohuoneeseen, toimistoon tai ruokailuhuoneeseen sopiva valaisin antaa tasaisen, h\u00e4ik\u00e4isem\u00e4tt\u00f6m\u00e4n valaistuksen renkaan sis\u00e4ll\u00e4 olevan hienovaraisen valonl\u00e4hteen ansiosta ja luo miellytt\u00e4v\u00e4n tunnelman. Kirkkautta voidaan s\u00e4\u00e4t\u00e4\u00e4 kolmessa tasossa tavallisella valokytkimell\u00e4, ja valon v\u00e4ri\u00e4 voidaan s\u00e4\u00e4t\u00e4\u00e4 suoraan valaisimessa olevalla kytkimell\u00e4. Musta mattapintainen pinta antaa jokaiselle huoneelle ajattoman tyylikkyyden [&hellip;]<\/p>\n","protected":false},"featured_media":16991,"comment_status":"closed","ping_status":"closed","template":"","meta":[],"product_brand":[],"product_cat":[49,35,34],"product_tag":[],"class_list":{"0":"post-16990","1":"product","2":"type-product","3":"status-publish","4":"has-post-thumbnail","6":"product_cat-riippuvalaisimet","7":"product_cat-sisavalaisimet","8":"product_cat-valaisimet","10":"first","11":"instock","12":"taxable","13":"shipping-taxable","14":"purchasable","15":"product-type-simple"},"_links":{"self":[{"href":"https:\/\/www.ksttukku.fi\/kauppa\/wp-json\/wp\/v2\/product\/16990","targetHints":{"allow":["GET"]}}],"collection":[{"href":"https:\/\/www.ksttukku.fi\/kauppa\/wp-json\/wp\/v2\/product"}],"about":[{"href":"https:\/\/www.ksttukku.fi\/kauppa\/wp-json\/wp\/v2\/types\/product"}],"replies":[{"embeddable":true,"href":"https:\/\/www.ksttukku.fi\/kauppa\/wp-json\/wp\/v2\/comments?post=16990"}],"wp:featuredmedia":[{"embeddable":true,"href":"https:\/\/www.ksttukku.fi\/kauppa\/wp-json\/wp\/v2\/media\/16991"}],"wp:attachment":[{"href":"https:\/\/www.ksttukku.fi\/kauppa\/wp-json\/wp\/v2\/media?parent=16990"}],"wp:term":[{"taxonomy":"product_brand","embeddable":true,"href":"https:\/\/www.ksttukku.fi\/kauppa\/wp-json\/wp\/v2\/product_brand?post=16990"},{"taxonomy":"product_cat","embeddable":true,"href":"https:\/\/www.ksttukku.fi\/kauppa\/wp-json\/wp\/v2\/product_cat?post=16990"},{"taxonomy":"product_tag","embeddable":true,"href":"https:\/\/www.ksttukku.fi\/kauppa\/wp-json\/wp\/v2\/product_tag?post=16990"}],"curies":[{"name":"wp","href":"https:\/\/api.w.org\/{rel}","templated":true}]}}