{"id":17009,"date":"2025-02-25T14:26:44","date_gmt":"2025-02-25T12:26:44","guid":{"rendered":"https:\/\/www.ksttukku.fi\/kauppa\/?post_type=product&#038;p=17009"},"modified":"2025-02-25T14:26:45","modified_gmt":"2025-02-25T12:26:45","slug":"airam-nero-pinta-asennusvalaisin-12w-3000k-4000k-1000lm-him-ip-44","status":"publish","type":"product","link":"https:\/\/www.ksttukku.fi\/kauppa\/tuote\/airam-nero-pinta-asennusvalaisin-12w-3000k-4000k-1000lm-him-ip-44\/","title":{"rendered":"Airam Nero Pinta-asennusvalaisin 12W 3000K\/4000K 1000lm Him IP 44"},"content":{"rendered":"<p>Nero on himmennett\u00e4v\u00e4 yleisvalaisin.<\/p>\n<p>K\u00e4ytt\u00f6kohteita ovat portaikot, k\u00e4yt\u00e4v\u00e4t ja yleiset tilat.<\/p>\n<p>IP44-luokittelun ansioista voit asentaa valaisimen my\u00f6s kylpyhuoneeseen ja muihin kosteisiin tiloihin.<\/p>\n<p>Valaisimessa on matala rakenne ja sen muotoilu on tyylik\u00e4s ja hillitty. Himmennysominaisuus lis\u00e4\u00e4 k\u00e4ytt\u00f6mukavuutta.<\/p>\n<p>Valaisimessa on kaksi v\u00e4ril\u00e4mp\u00f6tilaa\u00a0 830\/840<\/p>\n<p>Halkaisija: 350mm<\/p>\n","protected":false},"excerpt":{"rendered":"<p>Nero on himmennett\u00e4v\u00e4 yleisvalaisin. K\u00e4ytt\u00f6kohteita ovat portaikot, k\u00e4yt\u00e4v\u00e4t ja yleiset tilat. IP44-luokittelun ansioista voit asentaa valaisimen my\u00f6s kylpyhuoneeseen ja muihin kosteisiin tiloihin. Valaisimessa on matala rakenne ja sen muotoilu on tyylik\u00e4s ja hillitty. Himmennysominaisuus lis\u00e4\u00e4 k\u00e4ytt\u00f6mukavuutta. Valaisimessa on kaksi v\u00e4ril\u00e4mp\u00f6tilaa\u00a0 830\/840 Halkaisija: 350mm<\/p>\n","protected":false},"featured_media":17010,"comment_status":"closed","ping_status":"closed","template":"","meta":[],"product_brand":[],"product_cat":[40,48,35,34],"product_tag":[],"class_list":{"0":"post-17009","1":"product","2":"type-product","3":"status-publish","4":"has-post-thumbnail","6":"product_cat-kattovalaisimet","7":"product_cat-kosteantilanvalaisimet","8":"product_cat-sisavalaisimet","9":"product_cat-valaisimet","11":"first","12":"instock","13":"taxable","14":"shipping-taxable","15":"purchasable","16":"product-type-simple"},"_links":{"self":[{"href":"https:\/\/www.ksttukku.fi\/kauppa\/wp-json\/wp\/v2\/product\/17009","targetHints":{"allow":["GET"]}}],"collection":[{"href":"https:\/\/www.ksttukku.fi\/kauppa\/wp-json\/wp\/v2\/product"}],"about":[{"href":"https:\/\/www.ksttukku.fi\/kauppa\/wp-json\/wp\/v2\/types\/product"}],"replies":[{"embeddable":true,"href":"https:\/\/www.ksttukku.fi\/kauppa\/wp-json\/wp\/v2\/comments?post=17009"}],"wp:featuredmedia":[{"embeddable":true,"href":"https:\/\/www.ksttukku.fi\/kauppa\/wp-json\/wp\/v2\/media\/17010"}],"wp:attachment":[{"href":"https:\/\/www.ksttukku.fi\/kauppa\/wp-json\/wp\/v2\/media?parent=17009"}],"wp:term":[{"taxonomy":"product_brand","embeddable":true,"href":"https:\/\/www.ksttukku.fi\/kauppa\/wp-json\/wp\/v2\/product_brand?post=17009"},{"taxonomy":"product_cat","embeddable":true,"href":"https:\/\/www.ksttukku.fi\/kauppa\/wp-json\/wp\/v2\/product_cat?post=17009"},{"taxonomy":"product_tag","embeddable":true,"href":"https:\/\/www.ksttukku.fi\/kauppa\/wp-json\/wp\/v2\/product_tag?post=17009"}],"curies":[{"name":"wp","href":"https:\/\/api.w.org\/{rel}","templated":true}]}}