{"id":17012,"date":"2025-02-25T15:06:59","date_gmt":"2025-02-25T13:06:59","guid":{"rendered":"https:\/\/www.ksttukku.fi\/kauppa\/?post_type=product&#038;p=17012"},"modified":"2025-02-25T15:06:59","modified_gmt":"2025-02-25T13:06:59","slug":"stratum-riippuvalaisin-o-35-cm-valkoinen","status":"publish","type":"product","link":"https:\/\/www.ksttukku.fi\/kauppa\/tuote\/stratum-riippuvalaisin-o-35-cm-valkoinen\/","title":{"rendered":"Stratum riippuvalaisin \u00d8 35 cm, valkoinen"},"content":{"rendered":"<p>Tyylik\u00e4s riippuvalaisin string varjostimella ja s\u00e4ihkyvill\u00e4 koristeilla.<\/p>\n<p>Helppo asennus kattokoukkuun, mukana pistotulppa.<\/p>\n<p>Halkaisija: 350mm<\/p>\n<p>Kanta: E27<\/p>\n<p>Kokonaiskorkeus : 1600 mm<\/p>\n","protected":false},"excerpt":{"rendered":"<p>Tyylik\u00e4s riippuvalaisin string varjostimella ja s\u00e4ihkyvill\u00e4 koristeilla. Helppo asennus kattokoukkuun, mukana pistotulppa. Halkaisija: 350mm Kanta: E27 Kokonaiskorkeus : 1600 mm<\/p>\n","protected":false},"featured_media":17013,"comment_status":"closed","ping_status":"closed","template":"","meta":[],"product_brand":[],"product_cat":[49,34],"product_tag":[],"class_list":{"0":"post-17012","1":"product","2":"type-product","3":"status-publish","4":"has-post-thumbnail","6":"product_cat-riippuvalaisimet","7":"product_cat-valaisimet","9":"first","10":"instock","11":"taxable","12":"shipping-taxable","13":"purchasable","14":"product-type-simple"},"_links":{"self":[{"href":"https:\/\/www.ksttukku.fi\/kauppa\/wp-json\/wp\/v2\/product\/17012","targetHints":{"allow":["GET"]}}],"collection":[{"href":"https:\/\/www.ksttukku.fi\/kauppa\/wp-json\/wp\/v2\/product"}],"about":[{"href":"https:\/\/www.ksttukku.fi\/kauppa\/wp-json\/wp\/v2\/types\/product"}],"replies":[{"embeddable":true,"href":"https:\/\/www.ksttukku.fi\/kauppa\/wp-json\/wp\/v2\/comments?post=17012"}],"wp:featuredmedia":[{"embeddable":true,"href":"https:\/\/www.ksttukku.fi\/kauppa\/wp-json\/wp\/v2\/media\/17013"}],"wp:attachment":[{"href":"https:\/\/www.ksttukku.fi\/kauppa\/wp-json\/wp\/v2\/media?parent=17012"}],"wp:term":[{"taxonomy":"product_brand","embeddable":true,"href":"https:\/\/www.ksttukku.fi\/kauppa\/wp-json\/wp\/v2\/product_brand?post=17012"},{"taxonomy":"product_cat","embeddable":true,"href":"https:\/\/www.ksttukku.fi\/kauppa\/wp-json\/wp\/v2\/product_cat?post=17012"},{"taxonomy":"product_tag","embeddable":true,"href":"https:\/\/www.ksttukku.fi\/kauppa\/wp-json\/wp\/v2\/product_tag?post=17012"}],"curies":[{"name":"wp","href":"https:\/\/api.w.org\/{rel}","templated":true}]}}