{"id":17064,"date":"2025-03-24T16:05:39","date_gmt":"2025-03-24T14:05:39","guid":{"rendered":"https:\/\/www.ksttukku.fi\/kauppa\/?post_type=product&#038;p=17064"},"modified":"2025-03-24T16:39:42","modified_gmt":"2025-03-24T14:39:42","slug":"suihkukaappi-mustilla-metalliosilla-90-x-90-cm","status":"publish","type":"product","link":"https:\/\/www.ksttukku.fi\/kauppa\/tuote\/suihkukaappi-mustilla-metalliosilla-90-x-90-cm\/","title":{"rendered":"Suihkukaappi mustilla metalliosilla 90 x 90 cm"},"content":{"rendered":"<p>Suihkukaapilla hy\u00f6dynn\u00e4t kylpyhuoneen tilat j\u00e4rkev\u00e4sti ja kylpyhuone pysyy siistin\u00e4.<\/p>\n<p>sis\u00e4ltyy hana\u00a0 (eri merkkisten hanojen asennustarvikkeet sis\u00e4ltyv\u00e4t pakettiin). Kolmitoiminen k\u00e4sisuihku tulee aina mukana.<\/p>\n<p>Suihkukaappiin sis\u00e4ltyy my\u00f6s tukeva suihkuallas komposiittimateriaalista sek\u00e4 vesilukko. Se ohjaa vedet suoraan lattiakaivoon.<\/p>\n<p>Vesilukko ja viem\u00e4ri on aivan altaan etukulmassa \u2013 asennus ja puhdistus on helppoa. Itse suihkukaappiakaan ei tarvitse siirt\u00e4\u00e4 lattiaa puhdistettaessa.<\/p>\n<ul>\n<li>Edess\u00e4 huurrelasit<\/li>\n<li>Mustat metalliosat<\/li>\n<li>Valkoiset takalasit<\/li>\n<li><strong>HANALLA<\/strong><\/li>\n<li>Suihkusetti<\/li>\n<li>leveys 90 x 90 cm<\/li>\n<li>korkeus 200 cm<\/li>\n<li>sis\u00e4korkeus 188 cm<\/li>\n<\/ul>\n","protected":false},"excerpt":{"rendered":"<p>Suihkukaapilla hy\u00f6dynn\u00e4t kylpyhuoneen tilat j\u00e4rkev\u00e4sti ja kylpyhuone pysyy siistin\u00e4. sis\u00e4ltyy hana\u00a0 (eri merkkisten hanojen asennustarvikkeet sis\u00e4ltyv\u00e4t pakettiin). Kolmitoiminen k\u00e4sisuihku tulee aina mukana. Suihkukaappiin sis\u00e4ltyy my\u00f6s tukeva suihkuallas komposiittimateriaalista sek\u00e4 vesilukko. Se ohjaa vedet suoraan lattiakaivoon. Vesilukko ja viem\u00e4ri on aivan altaan etukulmassa \u2013 asennus ja puhdistus on helppoa. Itse suihkukaappiakaan ei tarvitse siirt\u00e4\u00e4 lattiaa puhdistettaessa. [&hellip;]<\/p>\n","protected":false},"featured_media":17066,"comment_status":"closed","ping_status":"closed","template":"","meta":[],"product_brand":[],"product_cat":[150,547],"product_tag":[],"class_list":{"0":"post-17064","1":"product","2":"type-product","3":"status-publish","4":"has-post-thumbnail","6":"product_cat-kylpyhuone","7":"product_cat-suihkukaapit","9":"first","10":"instock","11":"taxable","12":"shipping-taxable","13":"purchasable","14":"product-type-simple"},"_links":{"self":[{"href":"https:\/\/www.ksttukku.fi\/kauppa\/wp-json\/wp\/v2\/product\/17064","targetHints":{"allow":["GET"]}}],"collection":[{"href":"https:\/\/www.ksttukku.fi\/kauppa\/wp-json\/wp\/v2\/product"}],"about":[{"href":"https:\/\/www.ksttukku.fi\/kauppa\/wp-json\/wp\/v2\/types\/product"}],"replies":[{"embeddable":true,"href":"https:\/\/www.ksttukku.fi\/kauppa\/wp-json\/wp\/v2\/comments?post=17064"}],"wp:featuredmedia":[{"embeddable":true,"href":"https:\/\/www.ksttukku.fi\/kauppa\/wp-json\/wp\/v2\/media\/17066"}],"wp:attachment":[{"href":"https:\/\/www.ksttukku.fi\/kauppa\/wp-json\/wp\/v2\/media?parent=17064"}],"wp:term":[{"taxonomy":"product_brand","embeddable":true,"href":"https:\/\/www.ksttukku.fi\/kauppa\/wp-json\/wp\/v2\/product_brand?post=17064"},{"taxonomy":"product_cat","embeddable":true,"href":"https:\/\/www.ksttukku.fi\/kauppa\/wp-json\/wp\/v2\/product_cat?post=17064"},{"taxonomy":"product_tag","embeddable":true,"href":"https:\/\/www.ksttukku.fi\/kauppa\/wp-json\/wp\/v2\/product_tag?post=17064"}],"curies":[{"name":"wp","href":"https:\/\/api.w.org\/{rel}","templated":true}]}}