{"id":17111,"date":"2025-04-15T15:31:35","date_gmt":"2025-04-15T12:31:35","guid":{"rendered":"https:\/\/www.ksttukku.fi\/kauppa\/?post_type=product&#038;p=17111"},"modified":"2025-04-23T14:58:20","modified_gmt":"2025-04-23T11:58:20","slug":"lucifer-rumba-kaasugrilli-4-poltinta","status":"publish","type":"product","link":"https:\/\/www.ksttukku.fi\/kauppa\/tuote\/lucifer-rumba-kaasugrilli-4-poltinta\/","title":{"rendered":"Lucifer Rumba Kaasugrilli  4 poltinta"},"content":{"rendered":"<p>Grillipes\u00e4 on emaloitu ja helppo puhdistaa. Grillauspinnat ovat valurautaa, siit\u00e4 puolet on ritil\u00e4\u00e4- ja puolet valurautaparilaa<\/p>\n<p>. Etupaneelissa on sis\u00e4\u00e4nrakennettu hylly, jossa s\u00e4ilyt\u00e4t grillausmausteet.<\/p>\n<p>Etulevyn takana s\u00e4il\u00f6t grilliv\u00e4lineet ja muut tyk\u00f6tarpeet suojassa silloin kun grilli\u00e4 ei k\u00e4ytet\u00e4.<\/p>\n<p>Grillin kansi ja ohjauspaneeli ovat kest\u00e4v\u00e4\u00e4 RST:t\u00e4.<\/p>\n<ul>\n<li><strong>Mitat:<\/strong> 130 x 53 x 111 cm<\/li>\n<li><strong>Paistopinta-ala:<\/strong> 66 x 38 cm<\/li>\n<li><strong>L\u00e4mp\u00f6hylly:<\/strong> Kyll\u00e4, lankaritil\u00e4<\/li>\n<li><strong>Teho:<\/strong> 3,10 kW\/poltin<\/li>\n<li><strong>Sivukeitin:<\/strong> Ei<\/li>\n<li><strong>Sytytin:<\/strong> Integroitu s\u00e4\u00e4timeen<\/li>\n<li><strong>Kupu:<\/strong> RST<\/li>\n<li><strong>Grillipes\u00e4:<\/strong> Emaloitu ter\u00e4s<\/li>\n<li><strong>Runko:<\/strong> Pulverimaalattu<\/li>\n<li><strong>Etupaneeli:<\/strong> RST<\/li>\n<li><strong>Sivutasot:<\/strong> Pulverimaalattu<\/li>\n<li><strong>Polttimet:<\/strong> RST<\/li>\n<li><strong>Paistopinta:<\/strong> Valurautaparila &amp; -ritil\u00e4<\/li>\n<li><strong>Pakkaus:<\/strong> 77 x 57 x 52 cm<\/li>\n<li><strong>Takuu:<\/strong> 2 vuotta<\/li>\n<\/ul>\n","protected":false},"excerpt":{"rendered":"<p>Grillipes\u00e4 on emaloitu ja helppo puhdistaa. Grillauspinnat ovat valurautaa, siit\u00e4 puolet on ritil\u00e4\u00e4- ja puolet valurautaparilaa . Etupaneelissa on sis\u00e4\u00e4nrakennettu hylly, jossa s\u00e4ilyt\u00e4t grillausmausteet. Etulevyn takana s\u00e4il\u00f6t grilliv\u00e4lineet ja muut tyk\u00f6tarpeet suojassa silloin kun grilli\u00e4 ei k\u00e4ytet\u00e4. Grillin kansi ja ohjauspaneeli ovat kest\u00e4v\u00e4\u00e4 RST:t\u00e4. Mitat: 130 x 53 x 111 cm Paistopinta-ala: 66 x 38 [&hellip;]<\/p>\n","protected":false},"featured_media":17114,"comment_status":"closed","ping_status":"closed","template":"","meta":[],"product_brand":[],"product_cat":[132,133],"product_tag":[],"class_list":{"0":"post-17111","1":"product","2":"type-product","3":"status-publish","4":"has-post-thumbnail","6":"product_cat-grillit-ja-grillausarvikkeet","7":"product_cat-grillit","9":"first","10":"instock","11":"taxable","12":"shipping-taxable","13":"purchasable","14":"product-type-simple"},"_links":{"self":[{"href":"https:\/\/www.ksttukku.fi\/kauppa\/wp-json\/wp\/v2\/product\/17111","targetHints":{"allow":["GET"]}}],"collection":[{"href":"https:\/\/www.ksttukku.fi\/kauppa\/wp-json\/wp\/v2\/product"}],"about":[{"href":"https:\/\/www.ksttukku.fi\/kauppa\/wp-json\/wp\/v2\/types\/product"}],"replies":[{"embeddable":true,"href":"https:\/\/www.ksttukku.fi\/kauppa\/wp-json\/wp\/v2\/comments?post=17111"}],"wp:featuredmedia":[{"embeddable":true,"href":"https:\/\/www.ksttukku.fi\/kauppa\/wp-json\/wp\/v2\/media\/17114"}],"wp:attachment":[{"href":"https:\/\/www.ksttukku.fi\/kauppa\/wp-json\/wp\/v2\/media?parent=17111"}],"wp:term":[{"taxonomy":"product_brand","embeddable":true,"href":"https:\/\/www.ksttukku.fi\/kauppa\/wp-json\/wp\/v2\/product_brand?post=17111"},{"taxonomy":"product_cat","embeddable":true,"href":"https:\/\/www.ksttukku.fi\/kauppa\/wp-json\/wp\/v2\/product_cat?post=17111"},{"taxonomy":"product_tag","embeddable":true,"href":"https:\/\/www.ksttukku.fi\/kauppa\/wp-json\/wp\/v2\/product_tag?post=17111"}],"curies":[{"name":"wp","href":"https:\/\/api.w.org\/{rel}","templated":true}]}}