{"id":17117,"date":"2025-04-15T16:19:51","date_gmt":"2025-04-15T13:19:51","guid":{"rendered":"https:\/\/www.ksttukku.fi\/kauppa\/?post_type=product&#038;p=17117"},"modified":"2025-04-15T16:19:51","modified_gmt":"2025-04-15T13:19:51","slug":"lucifer-matalapainesaadin-30mbar-manometri-mittarilla","status":"publish","type":"product","link":"https:\/\/www.ksttukku.fi\/kauppa\/tuote\/lucifer-matalapainesaadin-30mbar-manometri-mittarilla\/","title":{"rendered":"Lucifer Matalapaines\u00e4\u00e4din 30mBar manometri-mittarilla"},"content":{"rendered":"<p>Lucifer-matalapaineens\u00e4\u00e4din on uuden sukupolven s\u00e4\u00e4din kaikkiin matalapaineella (30mbar) toimiviin nestekaasulaitteisiin. Matalapaines\u00e4\u00e4timess\u00e4 on manometrimittari, joka kertoo kaasun m\u00e4\u00e4r\u00e4n kaasupullossa ja kaasuvuototesteri.<span id=\"more-358\"><\/span>\u00a0Vuototesti on helppo tehd\u00e4. Mittarin menness\u00e4 keltaiselle alueelle k\u00e4ytt\u00f6aikaa on j\u00e4ljell\u00e4 n 1-2 tuntia (vaihtelee kaasulaitteen kulutuksesta). S\u00e4\u00e4timess\u00e4 on my\u00f6s automaattinen kaasunvirtauksen sulkuventtiili, joka katkaisee kaasun tulon v\u00e4litt\u00f6m\u00e4sti, jos kaasuletku rikkoutuu. Lucifer matalapaines\u00e4\u00e4dinsarja t\u00e4ytt\u00e4\u00e4 uuden EN161290-standardin sek\u00e4 tiukan GAR-standardin.<\/p>\n<p><strong>HUOM!<\/strong> S\u00e4\u00e4din tulisi vaihtaa uuteen viiden vuoden ja kaasuletku kolmen vuoden v\u00e4lein.<\/p>\n","protected":false},"excerpt":{"rendered":"<p>Lucifer-matalapaineens\u00e4\u00e4din on uuden sukupolven s\u00e4\u00e4din kaikkiin matalapaineella (30mbar) toimiviin nestekaasulaitteisiin. Matalapaines\u00e4\u00e4timess\u00e4 on manometrimittari, joka kertoo kaasun m\u00e4\u00e4r\u00e4n kaasupullossa ja kaasuvuototesteri.\u00a0Vuototesti on helppo tehd\u00e4. Mittarin menness\u00e4 keltaiselle alueelle k\u00e4ytt\u00f6aikaa on j\u00e4ljell\u00e4 n 1-2 tuntia (vaihtelee kaasulaitteen kulutuksesta). S\u00e4\u00e4timess\u00e4 on my\u00f6s automaattinen kaasunvirtauksen sulkuventtiili, joka katkaisee kaasun tulon v\u00e4litt\u00f6m\u00e4sti, jos kaasuletku rikkoutuu. Lucifer matalapaines\u00e4\u00e4dinsarja t\u00e4ytt\u00e4\u00e4 uuden EN161290-standardin [&hellip;]<\/p>\n","protected":false},"featured_media":17118,"comment_status":"closed","ping_status":"closed","template":"","meta":[],"product_brand":[],"product_cat":[134,132],"product_tag":[],"class_list":{"0":"post-17117","1":"product","2":"type-product","3":"status-publish","4":"has-post-thumbnail","6":"product_cat-grillaustarvikkeet","7":"product_cat-grillit-ja-grillausarvikkeet","9":"first","10":"instock","11":"taxable","12":"shipping-taxable","13":"purchasable","14":"product-type-simple"},"_links":{"self":[{"href":"https:\/\/www.ksttukku.fi\/kauppa\/wp-json\/wp\/v2\/product\/17117","targetHints":{"allow":["GET"]}}],"collection":[{"href":"https:\/\/www.ksttukku.fi\/kauppa\/wp-json\/wp\/v2\/product"}],"about":[{"href":"https:\/\/www.ksttukku.fi\/kauppa\/wp-json\/wp\/v2\/types\/product"}],"replies":[{"embeddable":true,"href":"https:\/\/www.ksttukku.fi\/kauppa\/wp-json\/wp\/v2\/comments?post=17117"}],"wp:featuredmedia":[{"embeddable":true,"href":"https:\/\/www.ksttukku.fi\/kauppa\/wp-json\/wp\/v2\/media\/17118"}],"wp:attachment":[{"href":"https:\/\/www.ksttukku.fi\/kauppa\/wp-json\/wp\/v2\/media?parent=17117"}],"wp:term":[{"taxonomy":"product_brand","embeddable":true,"href":"https:\/\/www.ksttukku.fi\/kauppa\/wp-json\/wp\/v2\/product_brand?post=17117"},{"taxonomy":"product_cat","embeddable":true,"href":"https:\/\/www.ksttukku.fi\/kauppa\/wp-json\/wp\/v2\/product_cat?post=17117"},{"taxonomy":"product_tag","embeddable":true,"href":"https:\/\/www.ksttukku.fi\/kauppa\/wp-json\/wp\/v2\/product_tag?post=17117"}],"curies":[{"name":"wp","href":"https:\/\/api.w.org\/{rel}","templated":true}]}}