{"id":17126,"date":"2025-04-22T17:09:59","date_gmt":"2025-04-22T14:09:59","guid":{"rendered":"https:\/\/www.ksttukku.fi\/kauppa\/?post_type=product&#038;p=17126"},"modified":"2025-04-22T17:09:59","modified_gmt":"2025-04-22T14:09:59","slug":"kaasugrilli-kingsville-61-black","status":"publish","type":"product","link":"https:\/\/www.ksttukku.fi\/kauppa\/tuote\/kaasugrilli-kingsville-61-black\/","title":{"rendered":"Kaasugrilli Kingsville 6+1 Black"},"content":{"rendered":"<p>Kuusipoltin kaasugrilli sivukeittimell\u00e4. P\u00e4\u00e4polttimien teho \u00e1 2,0 kW, sivukeittimen teho 2,5 kW. Kokonaisteho 14,5 kW. Polttimet ruostumattomasta ter\u00e4ksest\u00e4. Grillausala 77 x 41,5 cm. Grillausala jatettu 1 kpl valurautaritil\u00e4 37,5 x 41,5 cm ja valurautaisen parilan kesken 37,5 x 41,5 cm. L\u00e4mmitysritil\u00e4 75 x 13 cm. Kromattua lankater\u00e4st\u00e4. 2 kpl l\u00e4mm\u00f6njakopeltej\u00e4 emaloidusta ter\u00e4ksest\u00e4. Grillin kansi, tulilaatikko, sivutasot, ohjauspaneli, etupaneli ja vaunu on valmistettu pulverimaatatusta ter\u00e4ksest\u00e4. 2 iso py\u00f6r\u00e4\u00e4 helpottaa siirtely\u00e4.<\/p>\n<p>Leveys:139 cm<\/p>\n<p>Korkeus: 114 cm<\/p>\n<p>Syvyys: 53 cm<\/p>\n<p>Materiaali: ter\u00e4s, valurauta, ruostumaton ter\u00e4s<\/p>\n","protected":false},"excerpt":{"rendered":"<p>Kuusipoltin kaasugrilli sivukeittimell\u00e4. P\u00e4\u00e4polttimien teho \u00e1 2,0 kW, sivukeittimen teho 2,5 kW. Kokonaisteho 14,5 kW. Polttimet ruostumattomasta ter\u00e4ksest\u00e4. Grillausala 77 x 41,5 cm. Grillausala jatettu 1 kpl valurautaritil\u00e4 37,5 x 41,5 cm ja valurautaisen parilan kesken 37,5 x 41,5 cm. L\u00e4mmitysritil\u00e4 75 x 13 cm. Kromattua lankater\u00e4st\u00e4. 2 kpl l\u00e4mm\u00f6njakopeltej\u00e4 emaloidusta ter\u00e4ksest\u00e4. Grillin kansi, tulilaatikko, [&hellip;]<\/p>\n","protected":false},"featured_media":17129,"comment_status":"closed","ping_status":"closed","template":"","meta":[],"product_brand":[],"product_cat":[132,133],"product_tag":[],"class_list":{"0":"post-17126","1":"product","2":"type-product","3":"status-publish","4":"has-post-thumbnail","6":"product_cat-grillit-ja-grillausarvikkeet","7":"product_cat-grillit","9":"first","10":"instock","11":"taxable","12":"shipping-taxable","13":"purchasable","14":"product-type-simple"},"_links":{"self":[{"href":"https:\/\/www.ksttukku.fi\/kauppa\/wp-json\/wp\/v2\/product\/17126","targetHints":{"allow":["GET"]}}],"collection":[{"href":"https:\/\/www.ksttukku.fi\/kauppa\/wp-json\/wp\/v2\/product"}],"about":[{"href":"https:\/\/www.ksttukku.fi\/kauppa\/wp-json\/wp\/v2\/types\/product"}],"replies":[{"embeddable":true,"href":"https:\/\/www.ksttukku.fi\/kauppa\/wp-json\/wp\/v2\/comments?post=17126"}],"wp:featuredmedia":[{"embeddable":true,"href":"https:\/\/www.ksttukku.fi\/kauppa\/wp-json\/wp\/v2\/media\/17129"}],"wp:attachment":[{"href":"https:\/\/www.ksttukku.fi\/kauppa\/wp-json\/wp\/v2\/media?parent=17126"}],"wp:term":[{"taxonomy":"product_brand","embeddable":true,"href":"https:\/\/www.ksttukku.fi\/kauppa\/wp-json\/wp\/v2\/product_brand?post=17126"},{"taxonomy":"product_cat","embeddable":true,"href":"https:\/\/www.ksttukku.fi\/kauppa\/wp-json\/wp\/v2\/product_cat?post=17126"},{"taxonomy":"product_tag","embeddable":true,"href":"https:\/\/www.ksttukku.fi\/kauppa\/wp-json\/wp\/v2\/product_tag?post=17126"}],"curies":[{"name":"wp","href":"https:\/\/api.w.org\/{rel}","templated":true}]}}