{"id":17134,"date":"2025-04-23T12:21:07","date_gmt":"2025-04-23T09:21:07","guid":{"rendered":"https:\/\/www.ksttukku.fi\/kauppa\/?post_type=product&#038;p=17134"},"modified":"2025-04-23T12:21:07","modified_gmt":"2025-04-23T09:21:07","slug":"kaasugrilli-augusta-41","status":"publish","type":"product","link":"https:\/\/www.ksttukku.fi\/kauppa\/tuote\/kaasugrilli-augusta-41\/","title":{"rendered":"Kaasugrilli Augusta 4+1"},"content":{"rendered":"<p>Modernin ulkoasun kaasugrilli nelj\u00e4ll\u00e4 polttimella ja sivukeittimell\u00e4. Teho 4 x 3,3 kW + 1 x 3,3 kW. Teho yhteens\u00e4 16,5 kW. Polttimet SS201 ruostumattomasta ter\u00e4ksest\u00e4. Grillausala 72 x 42 cm. Grillausritil\u00e4 3 kpl 23,7 x 42 cm. Ritil\u00e4t mattaemaloitua valurautaa. Ritil\u00f6iss\u00e4 halk. 30 cm Multigrill grillausritil\u00e4. Grillin mukana tulee 30 cm halkaisijan mattaemaloitu valurautaparila. L\u00e4mmitysritil\u00e4 66,5 x 12 cm, emaloitua lankater\u00e4st\u00e4. 4 kpl l\u00e4mm\u00f6njakopeltej\u00e4 emaloidusta ter\u00e4ksest\u00e4. Grillin tuplakansi, sivutasot, vaunu ja kaapinovet pulverimaalattua ter\u00e4st\u00e4. 2 kpl isoa siirtopy\u00f6r\u00e4\u00e4 helpottavat grillin siirtely\u00e4.<\/p>\n<p>Leveys: 145 cm<\/p>\n<p>Korkeus: 112 cm<\/p>\n<p>Syvyys: 60 cm<\/p>\n<p>Materiaali: ter\u00e4s, ruostumaton ter\u00e4s, valurauta<\/p>\n<p>V\u00e4ri: harmaa\/musta<\/p>\n<p>10 vuoden takuu.<\/p>\n","protected":false},"excerpt":{"rendered":"<p>Modernin ulkoasun kaasugrilli nelj\u00e4ll\u00e4 polttimella ja sivukeittimell\u00e4. Teho 4 x 3,3 kW + 1 x 3,3 kW. Teho yhteens\u00e4 16,5 kW. Polttimet SS201 ruostumattomasta ter\u00e4ksest\u00e4. Grillausala 72 x 42 cm. Grillausritil\u00e4 3 kpl 23,7 x 42 cm. Ritil\u00e4t mattaemaloitua valurautaa. Ritil\u00f6iss\u00e4 halk. 30 cm Multigrill grillausritil\u00e4. Grillin mukana tulee 30 cm halkaisijan mattaemaloitu valurautaparila. L\u00e4mmitysritil\u00e4 [&hellip;]<\/p>\n","protected":false},"featured_media":17137,"comment_status":"closed","ping_status":"closed","template":"","meta":[],"product_brand":[],"product_cat":[132,133],"product_tag":[],"class_list":{"0":"post-17134","1":"product","2":"type-product","3":"status-publish","4":"has-post-thumbnail","6":"product_cat-grillit-ja-grillausarvikkeet","7":"product_cat-grillit","9":"first","10":"instock","11":"taxable","12":"shipping-taxable","13":"purchasable","14":"product-type-simple"},"_links":{"self":[{"href":"https:\/\/www.ksttukku.fi\/kauppa\/wp-json\/wp\/v2\/product\/17134","targetHints":{"allow":["GET"]}}],"collection":[{"href":"https:\/\/www.ksttukku.fi\/kauppa\/wp-json\/wp\/v2\/product"}],"about":[{"href":"https:\/\/www.ksttukku.fi\/kauppa\/wp-json\/wp\/v2\/types\/product"}],"replies":[{"embeddable":true,"href":"https:\/\/www.ksttukku.fi\/kauppa\/wp-json\/wp\/v2\/comments?post=17134"}],"wp:featuredmedia":[{"embeddable":true,"href":"https:\/\/www.ksttukku.fi\/kauppa\/wp-json\/wp\/v2\/media\/17137"}],"wp:attachment":[{"href":"https:\/\/www.ksttukku.fi\/kauppa\/wp-json\/wp\/v2\/media?parent=17134"}],"wp:term":[{"taxonomy":"product_brand","embeddable":true,"href":"https:\/\/www.ksttukku.fi\/kauppa\/wp-json\/wp\/v2\/product_brand?post=17134"},{"taxonomy":"product_cat","embeddable":true,"href":"https:\/\/www.ksttukku.fi\/kauppa\/wp-json\/wp\/v2\/product_cat?post=17134"},{"taxonomy":"product_tag","embeddable":true,"href":"https:\/\/www.ksttukku.fi\/kauppa\/wp-json\/wp\/v2\/product_tag?post=17134"}],"curies":[{"name":"wp","href":"https:\/\/api.w.org\/{rel}","templated":true}]}}