{"id":17141,"date":"2025-04-28T14:49:58","date_gmt":"2025-04-28T11:49:58","guid":{"rendered":"https:\/\/www.ksttukku.fi\/kauppa\/?post_type=product&#038;p=17141"},"modified":"2025-04-28T14:59:47","modified_gmt":"2025-04-28T11:59:47","slug":"lucifer-topaz-3-kaasugrilli","status":"publish","type":"product","link":"https:\/\/www.ksttukku.fi\/kauppa\/tuote\/lucifer-topaz-3-kaasugrilli\/","title":{"rendered":"Lucifer Topaz 3 kaasugrilli"},"content":{"rendered":"<p>Topaz-3 on ollut monta vuotta yksi suosituimmista Lucifer-grilleist\u00e4. Grillin kaksoiskupu, etupaneeli, sivutasot ja vaunun ovet ovat korkealaatuista rosteria. K\u00e4tev\u00e4 lis\u00e4 on toiseen sivutasoon integroitu astia, jolla siirr\u00e4t valmistettavan ruoan keitti\u00f6st\u00e4 grillille. Grillin suuri paistopinta-ala muodostuu valurautaparilasta ja -ritil\u00e4st\u00e4. Sivukeittimen ansiosta valmistat keitokset samalla kun grillaat. Rosterin hohtoinen laadukas kokonaisuus on todellinen kes\u00e4pihan komistus<\/p>\n<p>Mitat: 133x55x115cm<\/p>\n<ul>\n<li>Sytytin: \u00a0integroitu<\/li>\n<li>Valmistusmateriaali: kupu rosteria (tupla)<\/li>\n<li>Grillipes\u00e4:\u00a0emaloitu<\/li>\n<li>Runko:\u00a0\u00a0pulverimaalattu<\/li>\n<li>Etupaneeli:\u00a0 rosteri<\/li>\n<li>Sivutasot: rosteri \/ pulverimaalattu<\/li>\n<\/ul>\n","protected":false},"excerpt":{"rendered":"<p>Topaz-3 on ollut monta vuotta yksi suosituimmista Lucifer-grilleist\u00e4. Grillin kaksoiskupu, etupaneeli, sivutasot ja vaunun ovet ovat korkealaatuista rosteria. K\u00e4tev\u00e4 lis\u00e4 on toiseen sivutasoon integroitu astia, jolla siirr\u00e4t valmistettavan ruoan keitti\u00f6st\u00e4 grillille. Grillin suuri paistopinta-ala muodostuu valurautaparilasta ja -ritil\u00e4st\u00e4. Sivukeittimen ansiosta valmistat keitokset samalla kun grillaat. Rosterin hohtoinen laadukas kokonaisuus on todellinen kes\u00e4pihan komistus Mitat: 133x55x115cm [&hellip;]<\/p>\n","protected":false},"featured_media":17142,"comment_status":"closed","ping_status":"closed","template":"","meta":[],"product_brand":[],"product_cat":[132,133],"product_tag":[],"class_list":{"0":"post-17141","1":"product","2":"type-product","3":"status-publish","4":"has-post-thumbnail","6":"product_cat-grillit-ja-grillausarvikkeet","7":"product_cat-grillit","9":"first","10":"instock","11":"taxable","12":"shipping-taxable","13":"purchasable","14":"product-type-simple"},"_links":{"self":[{"href":"https:\/\/www.ksttukku.fi\/kauppa\/wp-json\/wp\/v2\/product\/17141","targetHints":{"allow":["GET"]}}],"collection":[{"href":"https:\/\/www.ksttukku.fi\/kauppa\/wp-json\/wp\/v2\/product"}],"about":[{"href":"https:\/\/www.ksttukku.fi\/kauppa\/wp-json\/wp\/v2\/types\/product"}],"replies":[{"embeddable":true,"href":"https:\/\/www.ksttukku.fi\/kauppa\/wp-json\/wp\/v2\/comments?post=17141"}],"wp:featuredmedia":[{"embeddable":true,"href":"https:\/\/www.ksttukku.fi\/kauppa\/wp-json\/wp\/v2\/media\/17142"}],"wp:attachment":[{"href":"https:\/\/www.ksttukku.fi\/kauppa\/wp-json\/wp\/v2\/media?parent=17141"}],"wp:term":[{"taxonomy":"product_brand","embeddable":true,"href":"https:\/\/www.ksttukku.fi\/kauppa\/wp-json\/wp\/v2\/product_brand?post=17141"},{"taxonomy":"product_cat","embeddable":true,"href":"https:\/\/www.ksttukku.fi\/kauppa\/wp-json\/wp\/v2\/product_cat?post=17141"},{"taxonomy":"product_tag","embeddable":true,"href":"https:\/\/www.ksttukku.fi\/kauppa\/wp-json\/wp\/v2\/product_tag?post=17141"}],"curies":[{"name":"wp","href":"https:\/\/api.w.org\/{rel}","templated":true}]}}