{"id":17146,"date":"2025-04-28T15:36:02","date_gmt":"2025-04-28T12:36:02","guid":{"rendered":"https:\/\/www.ksttukku.fi\/kauppa\/?post_type=product&#038;p=17146"},"modified":"2025-04-28T15:36:02","modified_gmt":"2025-04-28T12:36:02","slug":"lucifer-stone-4-kaasugrilli-deluxe","status":"publish","type":"product","link":"https:\/\/www.ksttukku.fi\/kauppa\/tuote\/lucifer-stone-4-kaasugrilli-deluxe\/","title":{"rendered":"Lucifer Stone 4 kaasugrilli  Deluxe"},"content":{"rendered":"<p>Stone-4 on ollut monta vuotta yksi suosituimmista Lucifer-grilleist\u00e4. Grillin kaksoiskupu, etupaneeli, sivutasot ja vaunun ovet ovat korkealaatuista rosteria. K\u00e4tev\u00e4 lis\u00e4 on toiseen sivutasoon integroitu astia, jolla siirr\u00e4t valmistettavan ruoan keitti\u00f6st\u00e4 grillille. Grillin suuri paistopinta-ala muodostuu valurautaparilasta ja -ritil\u00e4st\u00e4. Sivukeittimen ansiosta valmistat keitokset samalla kun grillaat. Rosterinhohtoinen laadukas kokonaisuus on todellinen kes\u00e4pihan komistus!<\/p>\n<ul>\n<li>Mitat: 143 x 55 x 115 cm<\/li>\n<li>Paistopinta-ala: 74 x 44 cm<\/li>\n<li>L\u00e4mp\u00f6hylly: kyll\u00e4<\/li>\n<li>Teho:\u00a03,5kw\/poltin<\/li>\n<li>Sivukeitin:\u00a0kyll\u00e4<\/li>\n<li>Sytytin: integroitu<\/li>\n<li>Valmistusmateriaali:<\/li>\n<li>Kupu:\u00a0rosteria (tupla)<\/li>\n<li>Grillipes\u00e4:\u00a0emaloitu<\/li>\n<li>Runko: pulverimaalattu<\/li>\n<li>Etupaneeli:\u00a0rosteri<\/li>\n<li>Sivutasot: rosteri \/ pulverimaalattu<\/li>\n<li>Polttimet:\u00a0rosteria # 443<\/li>\n<li>Paistopinta:\u00a0valurautaritil\u00e4 &amp; -parila<\/li>\n<li>Takuu 2 vuotta<\/li>\n<\/ul>\n","protected":false},"excerpt":{"rendered":"<p>Stone-4 on ollut monta vuotta yksi suosituimmista Lucifer-grilleist\u00e4. Grillin kaksoiskupu, etupaneeli, sivutasot ja vaunun ovet ovat korkealaatuista rosteria. K\u00e4tev\u00e4 lis\u00e4 on toiseen sivutasoon integroitu astia, jolla siirr\u00e4t valmistettavan ruoan keitti\u00f6st\u00e4 grillille. Grillin suuri paistopinta-ala muodostuu valurautaparilasta ja -ritil\u00e4st\u00e4. Sivukeittimen ansiosta valmistat keitokset samalla kun grillaat. Rosterinhohtoinen laadukas kokonaisuus on todellinen kes\u00e4pihan komistus! Mitat: 143 x [&hellip;]<\/p>\n","protected":false},"featured_media":17147,"comment_status":"closed","ping_status":"closed","template":"","meta":[],"product_brand":[],"product_cat":[132,133],"product_tag":[],"class_list":{"0":"post-17146","1":"product","2":"type-product","3":"status-publish","4":"has-post-thumbnail","6":"product_cat-grillit-ja-grillausarvikkeet","7":"product_cat-grillit","9":"first","10":"instock","11":"taxable","12":"shipping-taxable","13":"purchasable","14":"product-type-simple"},"_links":{"self":[{"href":"https:\/\/www.ksttukku.fi\/kauppa\/wp-json\/wp\/v2\/product\/17146","targetHints":{"allow":["GET"]}}],"collection":[{"href":"https:\/\/www.ksttukku.fi\/kauppa\/wp-json\/wp\/v2\/product"}],"about":[{"href":"https:\/\/www.ksttukku.fi\/kauppa\/wp-json\/wp\/v2\/types\/product"}],"replies":[{"embeddable":true,"href":"https:\/\/www.ksttukku.fi\/kauppa\/wp-json\/wp\/v2\/comments?post=17146"}],"wp:featuredmedia":[{"embeddable":true,"href":"https:\/\/www.ksttukku.fi\/kauppa\/wp-json\/wp\/v2\/media\/17147"}],"wp:attachment":[{"href":"https:\/\/www.ksttukku.fi\/kauppa\/wp-json\/wp\/v2\/media?parent=17146"}],"wp:term":[{"taxonomy":"product_brand","embeddable":true,"href":"https:\/\/www.ksttukku.fi\/kauppa\/wp-json\/wp\/v2\/product_brand?post=17146"},{"taxonomy":"product_cat","embeddable":true,"href":"https:\/\/www.ksttukku.fi\/kauppa\/wp-json\/wp\/v2\/product_cat?post=17146"},{"taxonomy":"product_tag","embeddable":true,"href":"https:\/\/www.ksttukku.fi\/kauppa\/wp-json\/wp\/v2\/product_tag?post=17146"}],"curies":[{"name":"wp","href":"https:\/\/api.w.org\/{rel}","templated":true}]}}