{"id":17157,"date":"2025-05-07T17:36:37","date_gmt":"2025-05-07T14:36:37","guid":{"rendered":"https:\/\/www.ksttukku.fi\/kauppa\/?post_type=product&#038;p=17157"},"modified":"2025-05-08T10:20:46","modified_gmt":"2025-05-08T07:20:46","slug":"lumme-riippuvalaisin-valkoinen","status":"publish","type":"product","link":"https:\/\/www.ksttukku.fi\/kauppa\/tuote\/lumme-riippuvalaisin-valkoinen\/","title":{"rendered":"Lumme riippuvalaisin valkoinen"},"content":{"rendered":"<p>Lumme kauniisti muotoiltu riippuvalaisin joka sopii t\u00e4ydellisesti kodin kaikkiin kuiviin tiloihin. Valaisin on valmistettu valkoisista puulamelleista ja sis\u00e4lt\u00e4\u00e4 valaisinpistotulpan. Lumme on elegantti ja sopii hyvin skandinaaviseen makuun.<\/p>\n<p>Mitat: \u2205 340mm. varjostimenkorkeus 400 mm, kokonaiskorkeus 2000mm<\/p>\n<p>Kanta: E27 (pakkaus ei sis\u00e4ll\u00e4 lamppua)<\/p>\n<p>V\u00e4ri: valkoinen \/ puu<\/p>\n","protected":false},"excerpt":{"rendered":"<p>Lumme kauniisti muotoiltu riippuvalaisin joka sopii t\u00e4ydellisesti kodin kaikkiin kuiviin tiloihin. Valaisin on valmistettu valkoisista puulamelleista ja sis\u00e4lt\u00e4\u00e4 valaisinpistotulpan. Lumme on elegantti ja sopii hyvin skandinaaviseen makuun. Mitat: \u2205 340mm. varjostimenkorkeus 400 mm, kokonaiskorkeus 2000mm Kanta: E27 (pakkaus ei sis\u00e4ll\u00e4 lamppua) V\u00e4ri: valkoinen \/ puu<\/p>\n","protected":false},"featured_media":17160,"comment_status":"closed","ping_status":"closed","template":"","meta":[],"product_brand":[],"product_cat":[49,35,34],"product_tag":[],"class_list":{"0":"post-17157","1":"product","2":"type-product","3":"status-publish","4":"has-post-thumbnail","6":"product_cat-riippuvalaisimet","7":"product_cat-sisavalaisimet","8":"product_cat-valaisimet","10":"first","11":"instock","12":"taxable","13":"shipping-taxable","14":"purchasable","15":"product-type-simple"},"_links":{"self":[{"href":"https:\/\/www.ksttukku.fi\/kauppa\/wp-json\/wp\/v2\/product\/17157","targetHints":{"allow":["GET"]}}],"collection":[{"href":"https:\/\/www.ksttukku.fi\/kauppa\/wp-json\/wp\/v2\/product"}],"about":[{"href":"https:\/\/www.ksttukku.fi\/kauppa\/wp-json\/wp\/v2\/types\/product"}],"replies":[{"embeddable":true,"href":"https:\/\/www.ksttukku.fi\/kauppa\/wp-json\/wp\/v2\/comments?post=17157"}],"wp:featuredmedia":[{"embeddable":true,"href":"https:\/\/www.ksttukku.fi\/kauppa\/wp-json\/wp\/v2\/media\/17160"}],"wp:attachment":[{"href":"https:\/\/www.ksttukku.fi\/kauppa\/wp-json\/wp\/v2\/media?parent=17157"}],"wp:term":[{"taxonomy":"product_brand","embeddable":true,"href":"https:\/\/www.ksttukku.fi\/kauppa\/wp-json\/wp\/v2\/product_brand?post=17157"},{"taxonomy":"product_cat","embeddable":true,"href":"https:\/\/www.ksttukku.fi\/kauppa\/wp-json\/wp\/v2\/product_cat?post=17157"},{"taxonomy":"product_tag","embeddable":true,"href":"https:\/\/www.ksttukku.fi\/kauppa\/wp-json\/wp\/v2\/product_tag?post=17157"}],"curies":[{"name":"wp","href":"https:\/\/api.w.org\/{rel}","templated":true}]}}