{"id":17162,"date":"2025-05-08T13:07:13","date_gmt":"2025-05-08T10:07:13","guid":{"rendered":"https:\/\/www.ksttukku.fi\/kauppa\/?post_type=product&#038;p=17162"},"modified":"2025-05-08T15:01:36","modified_gmt":"2025-05-08T12:01:36","slug":"metsa-ikkunavalaisin-valkoinen","status":"publish","type":"product","link":"https:\/\/www.ksttukku.fi\/kauppa\/tuote\/metsa-ikkunavalaisin-valkoinen\/","title":{"rendered":"Mets\u00e4 ikkunavalaisin valkoinen"},"content":{"rendered":"<div class=\"product-detail\">\n<div class=\"text\">\n<p>METS\u00c4-ikkunavalaisin on muotoilultaan moderni ja raikas. Valo suodattuu alumiinisen varjostimen takaa kauniisti luoden tilaan pehmeytt\u00e4 ja tyyli\u00e4. Se sopii erityisen hyvin ikkunavalaisimekai sill\u00e4 se siroaa valoa juuri sopivalla voimakkuudella. T\u00e4m\u00e4 valaisin luo todellisen vaikutuksen.<\/p>\n<\/div>\n<\/div>\n<div class=\"product-table\">\n<div class=\"row\">\n<div class=\"col-5\">V\u00e4ri:Valkoinen<\/div>\n<\/div>\n<div class=\"row\">\n<div class=\"col-7\">Mitat: \u2205 100 mm, varjostimen korkeus 170 mm, max kokonaiskorkeus 3500 mm<\/div>\n<\/div>\n<div class=\"row\">\n<div class=\"col-5\">Lampunkanta: 1 x G9<\/div>\n<\/div>\n<div class=\"row\">\n<div class=\"col-7\">Johdonpituus 3,5 m + v\u00e4likytkin + europistoke<\/div>\n<\/div>\n<\/div>\n","protected":false},"excerpt":{"rendered":"<p>METS\u00c4-ikkunavalaisin on muotoilultaan moderni ja raikas. Valo suodattuu alumiinisen varjostimen takaa kauniisti luoden tilaan pehmeytt\u00e4 ja tyyli\u00e4. Se sopii erityisen hyvin ikkunavalaisimekai sill\u00e4 se siroaa valoa juuri sopivalla voimakkuudella. T\u00e4m\u00e4 valaisin luo todellisen vaikutuksen. V\u00e4ri:Valkoinen Mitat: \u2205 100 mm, varjostimen korkeus 170 mm, max kokonaiskorkeus 3500 mm Lampunkanta: 1 x G9 Johdonpituus 3,5 m + [&hellip;]<\/p>\n","protected":false},"featured_media":17163,"comment_status":"closed","ping_status":"closed","template":"","meta":[],"product_brand":[],"product_cat":[315,49,35,34],"product_tag":[],"class_list":{"0":"post-17162","1":"product","2":"type-product","3":"status-publish","4":"has-post-thumbnail","6":"product_cat-ikkunavalaisimet","7":"product_cat-riippuvalaisimet","8":"product_cat-sisavalaisimet","9":"product_cat-valaisimet","11":"first","12":"instock","13":"taxable","14":"shipping-taxable","15":"purchasable","16":"product-type-simple"},"_links":{"self":[{"href":"https:\/\/www.ksttukku.fi\/kauppa\/wp-json\/wp\/v2\/product\/17162","targetHints":{"allow":["GET"]}}],"collection":[{"href":"https:\/\/www.ksttukku.fi\/kauppa\/wp-json\/wp\/v2\/product"}],"about":[{"href":"https:\/\/www.ksttukku.fi\/kauppa\/wp-json\/wp\/v2\/types\/product"}],"replies":[{"embeddable":true,"href":"https:\/\/www.ksttukku.fi\/kauppa\/wp-json\/wp\/v2\/comments?post=17162"}],"wp:featuredmedia":[{"embeddable":true,"href":"https:\/\/www.ksttukku.fi\/kauppa\/wp-json\/wp\/v2\/media\/17163"}],"wp:attachment":[{"href":"https:\/\/www.ksttukku.fi\/kauppa\/wp-json\/wp\/v2\/media?parent=17162"}],"wp:term":[{"taxonomy":"product_brand","embeddable":true,"href":"https:\/\/www.ksttukku.fi\/kauppa\/wp-json\/wp\/v2\/product_brand?post=17162"},{"taxonomy":"product_cat","embeddable":true,"href":"https:\/\/www.ksttukku.fi\/kauppa\/wp-json\/wp\/v2\/product_cat?post=17162"},{"taxonomy":"product_tag","embeddable":true,"href":"https:\/\/www.ksttukku.fi\/kauppa\/wp-json\/wp\/v2\/product_tag?post=17162"}],"curies":[{"name":"wp","href":"https:\/\/api.w.org\/{rel}","templated":true}]}}