{"id":17178,"date":"2025-05-09T18:33:07","date_gmt":"2025-05-09T15:33:07","guid":{"rendered":"https:\/\/www.ksttukku.fi\/kauppa\/?post_type=product&#038;p=17178"},"modified":"2025-05-09T18:33:08","modified_gmt":"2025-05-09T15:33:08","slug":"hikari-led-starlight-kattovalaisin-3-step-74-cm","status":"publish","type":"product","link":"https:\/\/www.ksttukku.fi\/kauppa\/tuote\/hikari-led-starlight-kattovalaisin-3-step-74-cm\/","title":{"rendered":"Hikari Led-Starlight Kattovalaisin 3-Step  74 cm"},"content":{"rendered":"<p>N\u00e4ytt\u00e4v\u00e4 valaisin jota on helppo ohjata sein\u00e4kytkimest\u00e4 3- step toiminnolla<\/p>\n<p>Kuvussa kaunis starlight-kuviointi<\/p>\n<p>Valonvirta: 5100 lm<\/p>\n<p>V\u00e4ril\u00e4mp\u00f6: 4000K<\/p>\n<p>Halkaisija 74 cm<\/p>\n<p>Korkeus 12,1 cm.<\/p>\n<p>Runko ja kupu valkoista muovia<\/p>\n","protected":false},"excerpt":{"rendered":"<p>N\u00e4ytt\u00e4v\u00e4 valaisin jota on helppo ohjata sein\u00e4kytkimest\u00e4 3- step toiminnolla Kuvussa kaunis starlight-kuviointi Valonvirta: 5100 lm V\u00e4ril\u00e4mp\u00f6: 4000K Halkaisija 74 cm Korkeus 12,1 cm. Runko ja kupu valkoista muovia<\/p>\n","protected":false},"featured_media":17179,"comment_status":"closed","ping_status":"closed","template":"","meta":[],"product_brand":[],"product_cat":[40,35,34],"product_tag":[],"class_list":{"0":"post-17178","1":"product","2":"type-product","3":"status-publish","4":"has-post-thumbnail","6":"product_cat-kattovalaisimet","7":"product_cat-sisavalaisimet","8":"product_cat-valaisimet","10":"first","11":"instock","12":"taxable","13":"shipping-taxable","14":"purchasable","15":"product-type-simple"},"_links":{"self":[{"href":"https:\/\/www.ksttukku.fi\/kauppa\/wp-json\/wp\/v2\/product\/17178","targetHints":{"allow":["GET"]}}],"collection":[{"href":"https:\/\/www.ksttukku.fi\/kauppa\/wp-json\/wp\/v2\/product"}],"about":[{"href":"https:\/\/www.ksttukku.fi\/kauppa\/wp-json\/wp\/v2\/types\/product"}],"replies":[{"embeddable":true,"href":"https:\/\/www.ksttukku.fi\/kauppa\/wp-json\/wp\/v2\/comments?post=17178"}],"wp:featuredmedia":[{"embeddable":true,"href":"https:\/\/www.ksttukku.fi\/kauppa\/wp-json\/wp\/v2\/media\/17179"}],"wp:attachment":[{"href":"https:\/\/www.ksttukku.fi\/kauppa\/wp-json\/wp\/v2\/media?parent=17178"}],"wp:term":[{"taxonomy":"product_brand","embeddable":true,"href":"https:\/\/www.ksttukku.fi\/kauppa\/wp-json\/wp\/v2\/product_brand?post=17178"},{"taxonomy":"product_cat","embeddable":true,"href":"https:\/\/www.ksttukku.fi\/kauppa\/wp-json\/wp\/v2\/product_cat?post=17178"},{"taxonomy":"product_tag","embeddable":true,"href":"https:\/\/www.ksttukku.fi\/kauppa\/wp-json\/wp\/v2\/product_tag?post=17178"}],"curies":[{"name":"wp","href":"https:\/\/api.w.org\/{rel}","templated":true}]}}