{"id":17221,"date":"2025-05-15T17:01:34","date_gmt":"2025-05-15T14:01:34","guid":{"rendered":"https:\/\/www.ksttukku.fi\/kauppa\/?post_type=product&#038;p=17221"},"modified":"2025-05-15T17:01:51","modified_gmt":"2025-05-15T14:01:51","slug":"kaksipuoleinen-alumiinikomposiittilevy-ruskea-marmori-kiiltava-peilaava-kulta-610-x-3010-x-3-mm","status":"publish","type":"product","link":"https:\/\/www.ksttukku.fi\/kauppa\/tuote\/kaksipuoleinen-alumiinikomposiittilevy-ruskea-marmori-kiiltava-peilaava-kulta-610-x-3010-x-3-mm\/","title":{"rendered":"Kaksipuoleinen alumiinikomposiittilevy ruskea marmori | kiilt\u00e4v\u00e4\/peilaava kulta 610 x 3010 x 3 mm"},"content":{"rendered":"<p>Uudistat keitti\u00f6kaappien vanhan v\u00e4litilan, teet tehostesein\u00e4n tai tuunaat kolhiintuneet ovet tai kalusteet. Tukeva ja ter\u00e4v\u00e4 mattoveitsi, mitta ja kaksipuolista asennusteippi\u00e4 tai asennusliimaa: kevyesti k\u00e4sitelt\u00e4v\u00e4 ja n\u00e4pp\u00e4r\u00e4sti katkaistava levy on nopea ja helppo asentaa vanhan tai uuden pinnan p\u00e4\u00e4lle.<\/p>\n<p>Kaksipuoleinen alumiinikomposiittilevy ruskea marmori | kiilt\u00e4v\u00e4\/peilaava kulta<\/p>\n<p>koko 610 x 3010 x 3 mm<\/p>\n<ul>\n<li>Kaksipuoleinen<\/li>\n<li>Hygieeninen ja helppo pit\u00e4\u00e4 puhtaana<\/li>\n<li>Helppo muokata ja nopea asentaa<\/li>\n<li>Huonekalujen tuunaukseen<\/li>\n<li>Paneelit kiinnitet\u00e4\u00e4n asennusteipill\u00e4 tai -liimalla<\/li>\n<li>Vedenkest\u00e4v\u00e4, l\u00e4mm\u00f6nkest\u00e4vyys 70\u00b0 C<\/li>\n<li>Levyj\u00e4 voi my\u00f6s kantata ja taivuttaa<\/li>\n<li>Tarkista useampia samoja v\u00e4rej\u00e4 asennettaessa, ett\u00e4 levyjen valmistusnumerot ovat samoja<\/li>\n<\/ul>\n","protected":false},"excerpt":{"rendered":"<p>Uudistat keitti\u00f6kaappien vanhan v\u00e4litilan, teet tehostesein\u00e4n tai tuunaat kolhiintuneet ovet tai kalusteet. Tukeva ja ter\u00e4v\u00e4 mattoveitsi, mitta ja kaksipuolista asennusteippi\u00e4 tai asennusliimaa: kevyesti k\u00e4sitelt\u00e4v\u00e4 ja n\u00e4pp\u00e4r\u00e4sti katkaistava levy on nopea ja helppo asentaa vanhan tai uuden pinnan p\u00e4\u00e4lle. Kaksipuoleinen alumiinikomposiittilevy ruskea marmori | kiilt\u00e4v\u00e4\/peilaava kulta koko 610 x 3010 x 3 mm Kaksipuoleinen Hygieeninen ja [&hellip;]<\/p>\n","protected":false},"featured_media":17225,"comment_status":"closed","ping_status":"closed","template":"","meta":[],"product_brand":[],"product_cat":[245,373],"product_tag":[],"class_list":{"0":"post-17221","1":"product","2":"type-product","3":"status-publish","4":"has-post-thumbnail","6":"product_cat-sisustuslevyt","7":"product_cat-stocksund-komposiittilevyt","9":"first","10":"instock","11":"taxable","12":"shipping-taxable","13":"purchasable","14":"product-type-simple"},"_links":{"self":[{"href":"https:\/\/www.ksttukku.fi\/kauppa\/wp-json\/wp\/v2\/product\/17221","targetHints":{"allow":["GET"]}}],"collection":[{"href":"https:\/\/www.ksttukku.fi\/kauppa\/wp-json\/wp\/v2\/product"}],"about":[{"href":"https:\/\/www.ksttukku.fi\/kauppa\/wp-json\/wp\/v2\/types\/product"}],"replies":[{"embeddable":true,"href":"https:\/\/www.ksttukku.fi\/kauppa\/wp-json\/wp\/v2\/comments?post=17221"}],"wp:featuredmedia":[{"embeddable":true,"href":"https:\/\/www.ksttukku.fi\/kauppa\/wp-json\/wp\/v2\/media\/17225"}],"wp:attachment":[{"href":"https:\/\/www.ksttukku.fi\/kauppa\/wp-json\/wp\/v2\/media?parent=17221"}],"wp:term":[{"taxonomy":"product_brand","embeddable":true,"href":"https:\/\/www.ksttukku.fi\/kauppa\/wp-json\/wp\/v2\/product_brand?post=17221"},{"taxonomy":"product_cat","embeddable":true,"href":"https:\/\/www.ksttukku.fi\/kauppa\/wp-json\/wp\/v2\/product_cat?post=17221"},{"taxonomy":"product_tag","embeddable":true,"href":"https:\/\/www.ksttukku.fi\/kauppa\/wp-json\/wp\/v2\/product_tag?post=17221"}],"curies":[{"name":"wp","href":"https:\/\/api.w.org\/{rel}","templated":true}]}}