{"id":17301,"date":"2025-05-21T10:28:18","date_gmt":"2025-05-21T07:28:18","guid":{"rendered":"https:\/\/www.ksttukku.fi\/kauppa\/?post_type=product&#038;p=17301"},"modified":"2025-05-21T10:28:19","modified_gmt":"2025-05-21T07:28:19","slug":"konstsmide-pistoia-pollarivalaisin-ip-54-musta","status":"publish","type":"product","link":"https:\/\/www.ksttukku.fi\/kauppa\/tuote\/konstsmide-pistoia-pollarivalaisin-ip-54-musta\/","title":{"rendered":"Konstsmide Pistoia pollarivalaisin IP 54 musta"},"content":{"rendered":"<p>Uutuus Pistoia pollarivalaisin<\/p>\n<p>N\u00e4ytt\u00e4v\u00e4 Pistoia luo tunnelmaa ulkotiloihin valaisemalla ymp\u00e4rist\u00f6a<\/p>\n<p>pehme\u00e4ll\u00e4 valolla<\/p>\n<p>Pistoialla on IP54-suojausluokitus, joten se on suojattu p\u00f6lylt\u00e4 ja roiskevedelt\u00e4.<\/p>\n<p>Materiaali: metalli\/muovi opaalikupu<\/p>\n<p>Kanta: E27<\/p>\n<p>Korkeus: 95 cm<\/p>\n<p>Halkaisija: 10.5 cm<\/p>\n","protected":false},"excerpt":{"rendered":"<p>Uutuus Pistoia pollarivalaisin N\u00e4ytt\u00e4v\u00e4 Pistoia luo tunnelmaa ulkotiloihin valaisemalla ymp\u00e4rist\u00f6a pehme\u00e4ll\u00e4 valolla Pistoialla on IP54-suojausluokitus, joten se on suojattu p\u00f6lylt\u00e4 ja roiskevedelt\u00e4. Materiaali: metalli\/muovi opaalikupu Kanta: E27 Korkeus: 95 cm Halkaisija: 10.5 cm<\/p>\n","protected":false},"featured_media":17302,"comment_status":"closed","ping_status":"closed","template":"","meta":[],"product_brand":[],"product_cat":[38,36,34],"product_tag":[],"class_list":{"0":"post-17301","1":"product","2":"type-product","3":"status-publish","4":"has-post-thumbnail","6":"product_cat-pylvasvalaisimet","7":"product_cat-ulkovalaisimet","8":"product_cat-valaisimet","10":"first","11":"instock","12":"taxable","13":"shipping-taxable","14":"purchasable","15":"product-type-simple"},"_links":{"self":[{"href":"https:\/\/www.ksttukku.fi\/kauppa\/wp-json\/wp\/v2\/product\/17301","targetHints":{"allow":["GET"]}}],"collection":[{"href":"https:\/\/www.ksttukku.fi\/kauppa\/wp-json\/wp\/v2\/product"}],"about":[{"href":"https:\/\/www.ksttukku.fi\/kauppa\/wp-json\/wp\/v2\/types\/product"}],"replies":[{"embeddable":true,"href":"https:\/\/www.ksttukku.fi\/kauppa\/wp-json\/wp\/v2\/comments?post=17301"}],"wp:featuredmedia":[{"embeddable":true,"href":"https:\/\/www.ksttukku.fi\/kauppa\/wp-json\/wp\/v2\/media\/17302"}],"wp:attachment":[{"href":"https:\/\/www.ksttukku.fi\/kauppa\/wp-json\/wp\/v2\/media?parent=17301"}],"wp:term":[{"taxonomy":"product_brand","embeddable":true,"href":"https:\/\/www.ksttukku.fi\/kauppa\/wp-json\/wp\/v2\/product_brand?post=17301"},{"taxonomy":"product_cat","embeddable":true,"href":"https:\/\/www.ksttukku.fi\/kauppa\/wp-json\/wp\/v2\/product_cat?post=17301"},{"taxonomy":"product_tag","embeddable":true,"href":"https:\/\/www.ksttukku.fi\/kauppa\/wp-json\/wp\/v2\/product_tag?post=17301"}],"curies":[{"name":"wp","href":"https:\/\/api.w.org\/{rel}","templated":true}]}}