{"id":17311,"date":"2025-05-21T11:08:36","date_gmt":"2025-05-21T08:08:36","guid":{"rendered":"https:\/\/www.ksttukku.fi\/kauppa\/?post_type=product&#038;p=17311"},"modified":"2025-05-21T11:08:36","modified_gmt":"2025-05-21T08:08:36","slug":"konstsmide-pistoia-ulkoseinavalaisin-ruoste-ip-54","status":"publish","type":"product","link":"https:\/\/www.ksttukku.fi\/kauppa\/tuote\/konstsmide-pistoia-ulkoseinavalaisin-ruoste-ip-54\/","title":{"rendered":"Konstsmide Pistoia ulkosein\u00e4valaisin ruoste  IP 54"},"content":{"rendered":"<p>Uutuus Pistoia on tyylik\u00e4s ja moderni ulkosein\u00e4valaisin.<\/p>\n<p>Pistoia tarjoaa miellytt\u00e4v\u00e4n valaistuksen pihallesi.<\/p>\n<p>Ulkosein\u00e4valaisimella on IP54-suojausluokitus, joten se on suojattu p\u00f6lylt\u00e4 ja roiskevedelt\u00e4.<\/p>\n<p>Materiaali: maalattu alumiini\/muovi<\/p>\n<p>Kanta: E27<\/p>\n<div class=\"flex items-center justify-between border-t pb-2 pt-2 pdp-ProductDepth\">\n<p class=\"m-0\">Korkeus: 16.5 cm<\/p>\n<\/div>\n<div class=\"flex items-center justify-between border-t pb-2 pt-2 pdp-ProductHeight\">\n<p class=\"m-0\">Leveys: 17 cm<\/p>\n<div class=\"text-right\">\n<div class=\"prose max-w-none\">Syvyys: 10.5 cm<\/div>\n<div><\/div>\n<\/div>\n<\/div>\n<p>Pistoiasta saatavilla my\u00f6s pollariversio.<\/p>\n","protected":false},"excerpt":{"rendered":"<p>Uutuus Pistoia on tyylik\u00e4s ja moderni ulkosein\u00e4valaisin. Pistoia tarjoaa miellytt\u00e4v\u00e4n valaistuksen pihallesi. Ulkosein\u00e4valaisimella on IP54-suojausluokitus, joten se on suojattu p\u00f6lylt\u00e4 ja roiskevedelt\u00e4. Materiaali: maalattu alumiini\/muovi Kanta: E27 Korkeus: 16.5 cm Leveys: 17 cm Syvyys: 10.5 cm Pistoiasta saatavilla my\u00f6s pollariversio.<\/p>\n","protected":false},"featured_media":17312,"comment_status":"closed","ping_status":"closed","template":"","meta":[],"product_brand":[],"product_cat":[37,36,34],"product_tag":[],"class_list":{"0":"post-17311","1":"product","2":"type-product","3":"status-publish","4":"has-post-thumbnail","6":"product_cat-seinavalaisimet","7":"product_cat-ulkovalaisimet","8":"product_cat-valaisimet","10":"first","11":"instock","12":"taxable","13":"shipping-taxable","14":"purchasable","15":"product-type-simple"},"_links":{"self":[{"href":"https:\/\/www.ksttukku.fi\/kauppa\/wp-json\/wp\/v2\/product\/17311","targetHints":{"allow":["GET"]}}],"collection":[{"href":"https:\/\/www.ksttukku.fi\/kauppa\/wp-json\/wp\/v2\/product"}],"about":[{"href":"https:\/\/www.ksttukku.fi\/kauppa\/wp-json\/wp\/v2\/types\/product"}],"replies":[{"embeddable":true,"href":"https:\/\/www.ksttukku.fi\/kauppa\/wp-json\/wp\/v2\/comments?post=17311"}],"wp:featuredmedia":[{"embeddable":true,"href":"https:\/\/www.ksttukku.fi\/kauppa\/wp-json\/wp\/v2\/media\/17312"}],"wp:attachment":[{"href":"https:\/\/www.ksttukku.fi\/kauppa\/wp-json\/wp\/v2\/media?parent=17311"}],"wp:term":[{"taxonomy":"product_brand","embeddable":true,"href":"https:\/\/www.ksttukku.fi\/kauppa\/wp-json\/wp\/v2\/product_brand?post=17311"},{"taxonomy":"product_cat","embeddable":true,"href":"https:\/\/www.ksttukku.fi\/kauppa\/wp-json\/wp\/v2\/product_cat?post=17311"},{"taxonomy":"product_tag","embeddable":true,"href":"https:\/\/www.ksttukku.fi\/kauppa\/wp-json\/wp\/v2\/product_tag?post=17311"}],"curies":[{"name":"wp","href":"https:\/\/api.w.org\/{rel}","templated":true}]}}