{"id":17366,"date":"2025-05-22T13:53:18","date_gmt":"2025-05-22T10:53:18","guid":{"rendered":"https:\/\/www.ksttukku.fi\/kauppa\/?post_type=product&#038;p=17366"},"modified":"2025-05-22T13:53:19","modified_gmt":"2025-05-22T10:53:19","slug":"konstsmide-rho-seinavalaisin-ip54","status":"publish","type":"product","link":"https:\/\/www.ksttukku.fi\/kauppa\/tuote\/konstsmide-rho-seinavalaisin-ip54\/","title":{"rendered":"Konstsmide  RHO-sein\u00e4valaisin IP54"},"content":{"rendered":"<p>Uutuus RHO- sein\u00e4valaisin ulkok\u00e4ytt\u00f6\u00f6n IP 54<\/p>\n<p>Valoteho: 880lm, kiinte\u00e4 LED 10W, 2700K<\/p>\n<p>Materiaali: alumiini\/kirkaslasi \/<span class=\"specification-row__label\"> Suojaus<\/span><span class=\"specification-row__value\">pinnoitettu ruosteenv\u00e4risell\u00e4 jauhemaalauksella<br \/>\n<\/span><\/p>\n<p>Korkeus: 28 cm<\/p>\n<p>Leveys: 12 cm<\/p>\n<p>Syvyys: 12 cm<\/p>\n","protected":false},"excerpt":{"rendered":"<p>Uutuus RHO- sein\u00e4valaisin ulkok\u00e4ytt\u00f6\u00f6n IP 54 Valoteho: 880lm, kiinte\u00e4 LED 10W, 2700K Materiaali: alumiini\/kirkaslasi \/ Suojauspinnoitettu ruosteenv\u00e4risell\u00e4 jauhemaalauksella Korkeus: 28 cm Leveys: 12 cm Syvyys: 12 cm<\/p>\n","protected":false},"featured_media":17367,"comment_status":"closed","ping_status":"closed","template":"","meta":[],"product_brand":[],"product_cat":[37,36,34],"product_tag":[],"class_list":{"0":"post-17366","1":"product","2":"type-product","3":"status-publish","4":"has-post-thumbnail","6":"product_cat-seinavalaisimet","7":"product_cat-ulkovalaisimet","8":"product_cat-valaisimet","10":"first","11":"instock","12":"taxable","13":"shipping-taxable","14":"purchasable","15":"product-type-simple"},"_links":{"self":[{"href":"https:\/\/www.ksttukku.fi\/kauppa\/wp-json\/wp\/v2\/product\/17366","targetHints":{"allow":["GET"]}}],"collection":[{"href":"https:\/\/www.ksttukku.fi\/kauppa\/wp-json\/wp\/v2\/product"}],"about":[{"href":"https:\/\/www.ksttukku.fi\/kauppa\/wp-json\/wp\/v2\/types\/product"}],"replies":[{"embeddable":true,"href":"https:\/\/www.ksttukku.fi\/kauppa\/wp-json\/wp\/v2\/comments?post=17366"}],"wp:featuredmedia":[{"embeddable":true,"href":"https:\/\/www.ksttukku.fi\/kauppa\/wp-json\/wp\/v2\/media\/17367"}],"wp:attachment":[{"href":"https:\/\/www.ksttukku.fi\/kauppa\/wp-json\/wp\/v2\/media?parent=17366"}],"wp:term":[{"taxonomy":"product_brand","embeddable":true,"href":"https:\/\/www.ksttukku.fi\/kauppa\/wp-json\/wp\/v2\/product_brand?post=17366"},{"taxonomy":"product_cat","embeddable":true,"href":"https:\/\/www.ksttukku.fi\/kauppa\/wp-json\/wp\/v2\/product_cat?post=17366"},{"taxonomy":"product_tag","embeddable":true,"href":"https:\/\/www.ksttukku.fi\/kauppa\/wp-json\/wp\/v2\/product_tag?post=17366"}],"curies":[{"name":"wp","href":"https:\/\/api.w.org\/{rel}","templated":true}]}}