{"id":17379,"date":"2025-05-22T17:13:37","date_gmt":"2025-05-22T14:13:37","guid":{"rendered":"https:\/\/www.ksttukku.fi\/kauppa\/?post_type=product&#038;p=17379"},"modified":"2025-05-23T11:23:18","modified_gmt":"2025-05-23T08:23:18","slug":"airam-sund-seinavalaisin-ip-44-valkoinen","status":"publish","type":"product","link":"https:\/\/www.ksttukku.fi\/kauppa\/tuote\/airam-sund-seinavalaisin-ip-44-valkoinen\/","title":{"rendered":"Airam Sund sein\u00e4valaisin    IP 44 valkoinen"},"content":{"rendered":"<p>Siro Sund sein\u00e4valaisin valaisee alasp\u00e4in. Kompaktin koon ansiosta Sund sopii moneen tilaan sis\u00e4tiloissa ja ulkona. Valitse valonl\u00e4hteeksi GU10-kantainen lamppu haluamallasi v\u00e4ril\u00e4mp\u00f6tilalla, teholla ja valokeilalla<\/p>\n<p>Materiaali: Alumiinirunko, kupu karkaistua lasia.<\/p>\n<p>Rungon v\u00e4ri: valkoinen<\/p>\n<div class=\"technical-group-data\" data-v-d6a8b82c=\"\">\n<div class=\"technical-group-label\" data-v-d6a8b82c=\"\">Leveys (mm)\u00a0 68<\/div>\n<\/div>\n<div class=\"technical-group-data\" data-v-d6a8b82c=\"\">\n<div class=\"technical-group-label\" data-v-d6a8b82c=\"\">Korkeus\/syvyys (mm)\u00a0 80<\/div>\n<\/div>\n<div class=\"technical-group-data\" data-v-d6a8b82c=\"\">\n<div class=\"technical-group-label\" data-v-d6a8b82c=\"\">Pituus (mm) 93<\/div>\n<\/div>\n","protected":false},"excerpt":{"rendered":"<p>Siro Sund sein\u00e4valaisin valaisee alasp\u00e4in. Kompaktin koon ansiosta Sund sopii moneen tilaan sis\u00e4tiloissa ja ulkona. Valitse valonl\u00e4hteeksi GU10-kantainen lamppu haluamallasi v\u00e4ril\u00e4mp\u00f6tilalla, teholla ja valokeilalla Materiaali: Alumiinirunko, kupu karkaistua lasia. Rungon v\u00e4ri: valkoinen Leveys (mm)\u00a0 68 Korkeus\/syvyys (mm)\u00a0 80 Pituus (mm) 93<\/p>\n","protected":false},"featured_media":17381,"comment_status":"closed","ping_status":"closed","template":"","meta":[],"product_brand":[],"product_cat":[37,36,34],"product_tag":[],"class_list":{"0":"post-17379","1":"product","2":"type-product","3":"status-publish","4":"has-post-thumbnail","6":"product_cat-seinavalaisimet","7":"product_cat-ulkovalaisimet","8":"product_cat-valaisimet","10":"first","11":"instock","12":"taxable","13":"shipping-taxable","14":"purchasable","15":"product-type-simple"},"_links":{"self":[{"href":"https:\/\/www.ksttukku.fi\/kauppa\/wp-json\/wp\/v2\/product\/17379","targetHints":{"allow":["GET"]}}],"collection":[{"href":"https:\/\/www.ksttukku.fi\/kauppa\/wp-json\/wp\/v2\/product"}],"about":[{"href":"https:\/\/www.ksttukku.fi\/kauppa\/wp-json\/wp\/v2\/types\/product"}],"replies":[{"embeddable":true,"href":"https:\/\/www.ksttukku.fi\/kauppa\/wp-json\/wp\/v2\/comments?post=17379"}],"wp:featuredmedia":[{"embeddable":true,"href":"https:\/\/www.ksttukku.fi\/kauppa\/wp-json\/wp\/v2\/media\/17381"}],"wp:attachment":[{"href":"https:\/\/www.ksttukku.fi\/kauppa\/wp-json\/wp\/v2\/media?parent=17379"}],"wp:term":[{"taxonomy":"product_brand","embeddable":true,"href":"https:\/\/www.ksttukku.fi\/kauppa\/wp-json\/wp\/v2\/product_brand?post=17379"},{"taxonomy":"product_cat","embeddable":true,"href":"https:\/\/www.ksttukku.fi\/kauppa\/wp-json\/wp\/v2\/product_cat?post=17379"},{"taxonomy":"product_tag","embeddable":true,"href":"https:\/\/www.ksttukku.fi\/kauppa\/wp-json\/wp\/v2\/product_tag?post=17379"}],"curies":[{"name":"wp","href":"https:\/\/api.w.org\/{rel}","templated":true}]}}