{"id":17395,"date":"2025-05-23T16:23:43","date_gmt":"2025-05-23T13:23:43","guid":{"rendered":"https:\/\/www.ksttukku.fi\/kauppa\/?post_type=product&#038;p=17395"},"modified":"2025-05-24T12:33:22","modified_gmt":"2025-05-24T09:33:22","slug":"persius-valaisinpylvas-valkoinen-90-cm","status":"publish","type":"product","link":"https:\/\/www.ksttukku.fi\/kauppa\/tuote\/persius-valaisinpylvas-valkoinen-90-cm\/","title":{"rendered":"Persius valaisinpylv\u00e4s valkoinen 90 cm"},"content":{"rendered":"<p>Valaisinpylv\u00e4s pylv\u00e4\u00e4n p\u00e4\u00e4h\u00e4n kiinnitett\u00e4v\u00e4lle valaisimelle.<\/p>\n<p>Materiaali: alumiini<\/p>\n<p>Korkeus: 900 mm<\/p>\n<p>Leveys: 48 mm<\/p>\n","protected":false},"excerpt":{"rendered":"<p>Valaisinpylv\u00e4s pylv\u00e4\u00e4n p\u00e4\u00e4h\u00e4n kiinnitett\u00e4v\u00e4lle valaisimelle. Materiaali: alumiini Korkeus: 900 mm Leveys: 48 mm<\/p>\n","protected":false},"featured_media":17396,"comment_status":"closed","ping_status":"closed","template":"","meta":[],"product_brand":[],"product_cat":[38,36,34],"product_tag":[],"class_list":{"0":"post-17395","1":"product","2":"type-product","3":"status-publish","4":"has-post-thumbnail","6":"product_cat-pylvasvalaisimet","7":"product_cat-ulkovalaisimet","8":"product_cat-valaisimet","10":"first","11":"instock","12":"taxable","13":"shipping-taxable","14":"purchasable","15":"product-type-simple"},"_links":{"self":[{"href":"https:\/\/www.ksttukku.fi\/kauppa\/wp-json\/wp\/v2\/product\/17395","targetHints":{"allow":["GET"]}}],"collection":[{"href":"https:\/\/www.ksttukku.fi\/kauppa\/wp-json\/wp\/v2\/product"}],"about":[{"href":"https:\/\/www.ksttukku.fi\/kauppa\/wp-json\/wp\/v2\/types\/product"}],"replies":[{"embeddable":true,"href":"https:\/\/www.ksttukku.fi\/kauppa\/wp-json\/wp\/v2\/comments?post=17395"}],"wp:featuredmedia":[{"embeddable":true,"href":"https:\/\/www.ksttukku.fi\/kauppa\/wp-json\/wp\/v2\/media\/17396"}],"wp:attachment":[{"href":"https:\/\/www.ksttukku.fi\/kauppa\/wp-json\/wp\/v2\/media?parent=17395"}],"wp:term":[{"taxonomy":"product_brand","embeddable":true,"href":"https:\/\/www.ksttukku.fi\/kauppa\/wp-json\/wp\/v2\/product_brand?post=17395"},{"taxonomy":"product_cat","embeddable":true,"href":"https:\/\/www.ksttukku.fi\/kauppa\/wp-json\/wp\/v2\/product_cat?post=17395"},{"taxonomy":"product_tag","embeddable":true,"href":"https:\/\/www.ksttukku.fi\/kauppa\/wp-json\/wp\/v2\/product_tag?post=17395"}],"curies":[{"name":"wp","href":"https:\/\/api.w.org\/{rel}","templated":true}]}}