{"id":17449,"date":"2025-05-31T14:05:19","date_gmt":"2025-05-31T11:05:19","guid":{"rendered":"https:\/\/www.ksttukku.fi\/kauppa\/?post_type=product&#038;p=17449"},"modified":"2025-05-31T14:07:26","modified_gmt":"2025-05-31T11:07:26","slug":"peilivalaisin-ebirin-ac-led-luz-11-w-450mm-kromi-ip44","status":"publish","type":"product","link":"https:\/\/www.ksttukku.fi\/kauppa\/tuote\/peilivalaisin-ebirin-ac-led-luz-11-w-450mm-kromi-ip44\/","title":{"rendered":"Peilivalaisin Ebirin  AC-LED LUZ  11 W  450MM KROMI IP44"},"content":{"rendered":"<p>Ebirin uusi AC-ledvalaisin LUZ.<\/p>\n<p>Kapselimuotoilu hiekkapuhalletulla diffuusorilla ja kromi<br \/>\nviimeistelyll\u00e4 sopii hyvin t\u00e4ydent\u00e4m\u00e4\u00e4n muodikkaita taustavalaistuja peilej\u00e4.<\/p>\n<p>Luz valaisinkytket\u00e4\u00e4n suoraan verkkovirtaan ilman erillist\u00e4 muuntajaa.<\/p>\n<p>Se voidaan asentaa kaapin p\u00e4\u00e4lle mukana tulevan lis\u00e4osan<br \/>\navulla, peilin taakse tai max. 6mm peilin reunaan.<\/p>\n<p>Mitat<br \/>\n70x450x29mm, virtajohto 1,5m europlug-pistokkeella.<\/p>\n<p>IP44, k\u00e4ytt\u00f6ik\u00e4 yli 30000h, 1115lm, 4000K, CRI 90.<\/p>\n<p>Takuu 5 vuotta<br \/>\nTuote sis\u00e4lt\u00e4\u00e4 valonl\u00e4hteen energiatehokkuudella F<br \/>\nvalonl\u00e4hde on irrotettavissa mutta ei vaihdettavissa.<\/p>\n","protected":false},"excerpt":{"rendered":"<p>Ebirin uusi AC-ledvalaisin LUZ. Kapselimuotoilu hiekkapuhalletulla diffuusorilla ja kromi viimeistelyll\u00e4 sopii hyvin t\u00e4ydent\u00e4m\u00e4\u00e4n muodikkaita taustavalaistuja peilej\u00e4. Luz valaisinkytket\u00e4\u00e4n suoraan verkkovirtaan ilman erillist\u00e4 muuntajaa. Se voidaan asentaa kaapin p\u00e4\u00e4lle mukana tulevan lis\u00e4osan avulla, peilin taakse tai max. 6mm peilin reunaan. Mitat 70x450x29mm, virtajohto 1,5m europlug-pistokkeella. IP44, k\u00e4ytt\u00f6ik\u00e4 yli 30000h, 1115lm, 4000K, CRI 90. Takuu 5 vuotta [&hellip;]<\/p>\n","protected":false},"featured_media":17450,"comment_status":"closed","ping_status":"closed","template":"","meta":[],"product_brand":[],"product_cat":[48,150,35,34,240],"product_tag":[],"class_list":{"0":"post-17449","1":"product","2":"type-product","3":"status-publish","4":"has-post-thumbnail","6":"product_cat-kosteantilanvalaisimet","7":"product_cat-kylpyhuone","8":"product_cat-sisavalaisimet","9":"product_cat-valaisimet","10":"product_cat-valolipat-ja-valaisimet","12":"first","13":"instock","14":"taxable","15":"shipping-taxable","16":"purchasable","17":"product-type-simple"},"_links":{"self":[{"href":"https:\/\/www.ksttukku.fi\/kauppa\/wp-json\/wp\/v2\/product\/17449","targetHints":{"allow":["GET"]}}],"collection":[{"href":"https:\/\/www.ksttukku.fi\/kauppa\/wp-json\/wp\/v2\/product"}],"about":[{"href":"https:\/\/www.ksttukku.fi\/kauppa\/wp-json\/wp\/v2\/types\/product"}],"replies":[{"embeddable":true,"href":"https:\/\/www.ksttukku.fi\/kauppa\/wp-json\/wp\/v2\/comments?post=17449"}],"wp:featuredmedia":[{"embeddable":true,"href":"https:\/\/www.ksttukku.fi\/kauppa\/wp-json\/wp\/v2\/media\/17450"}],"wp:attachment":[{"href":"https:\/\/www.ksttukku.fi\/kauppa\/wp-json\/wp\/v2\/media?parent=17449"}],"wp:term":[{"taxonomy":"product_brand","embeddable":true,"href":"https:\/\/www.ksttukku.fi\/kauppa\/wp-json\/wp\/v2\/product_brand?post=17449"},{"taxonomy":"product_cat","embeddable":true,"href":"https:\/\/www.ksttukku.fi\/kauppa\/wp-json\/wp\/v2\/product_cat?post=17449"},{"taxonomy":"product_tag","embeddable":true,"href":"https:\/\/www.ksttukku.fi\/kauppa\/wp-json\/wp\/v2\/product_tag?post=17449"}],"curies":[{"name":"wp","href":"https:\/\/api.w.org\/{rel}","templated":true}]}}