{"id":17457,"date":"2025-05-31T14:34:46","date_gmt":"2025-05-31T11:34:46","guid":{"rendered":"https:\/\/www.ksttukku.fi\/kauppa\/?post_type=product&#038;p=17457"},"modified":"2025-05-31T14:34:47","modified_gmt":"2025-05-31T11:34:47","slug":"land-kuppivedin-64-mm-tina","status":"publish","type":"product","link":"https:\/\/www.ksttukku.fi\/kauppa\/tuote\/land-kuppivedin-64-mm-tina\/","title":{"rendered":"LAND KUPPIVEDIN 64 MM TINA"},"content":{"rendered":"<p>Ajaton vintage-henkinen kuppivedin. Leveys 98 mm,<br \/>\nreik\u00e4v\u00e4li 64 mm.<\/p>\n<p>V\u00e4ri: tina<\/p>\n<p>Materiaali: metalli<\/p>\n","protected":false},"excerpt":{"rendered":"<p>Ajaton vintage-henkinen kuppivedin. Leveys 98 mm, reik\u00e4v\u00e4li 64 mm. V\u00e4ri: tina Materiaali: metalli<\/p>\n","protected":false},"featured_media":17459,"comment_status":"closed","ping_status":"closed","template":"","meta":[],"product_brand":[],"product_cat":[486,263,265],"product_tag":[],"class_list":{"0":"post-17457","1":"product","2":"type-product","3":"status-publish","4":"has-post-thumbnail","6":"product_cat-antiikkivetimet","7":"product_cat-vetimet","8":"product_cat-vetimet-ja-nupit","10":"first","11":"instock","12":"taxable","13":"shipping-taxable","14":"purchasable","15":"product-type-simple"},"_links":{"self":[{"href":"https:\/\/www.ksttukku.fi\/kauppa\/wp-json\/wp\/v2\/product\/17457","targetHints":{"allow":["GET"]}}],"collection":[{"href":"https:\/\/www.ksttukku.fi\/kauppa\/wp-json\/wp\/v2\/product"}],"about":[{"href":"https:\/\/www.ksttukku.fi\/kauppa\/wp-json\/wp\/v2\/types\/product"}],"replies":[{"embeddable":true,"href":"https:\/\/www.ksttukku.fi\/kauppa\/wp-json\/wp\/v2\/comments?post=17457"}],"wp:featuredmedia":[{"embeddable":true,"href":"https:\/\/www.ksttukku.fi\/kauppa\/wp-json\/wp\/v2\/media\/17459"}],"wp:attachment":[{"href":"https:\/\/www.ksttukku.fi\/kauppa\/wp-json\/wp\/v2\/media?parent=17457"}],"wp:term":[{"taxonomy":"product_brand","embeddable":true,"href":"https:\/\/www.ksttukku.fi\/kauppa\/wp-json\/wp\/v2\/product_brand?post=17457"},{"taxonomy":"product_cat","embeddable":true,"href":"https:\/\/www.ksttukku.fi\/kauppa\/wp-json\/wp\/v2\/product_cat?post=17457"},{"taxonomy":"product_tag","embeddable":true,"href":"https:\/\/www.ksttukku.fi\/kauppa\/wp-json\/wp\/v2\/product_tag?post=17457"}],"curies":[{"name":"wp","href":"https:\/\/api.w.org\/{rel}","templated":true}]}}