{"id":17485,"date":"2025-06-04T15:56:59","date_gmt":"2025-06-04T12:56:59","guid":{"rendered":"https:\/\/www.ksttukku.fi\/kauppa\/?post_type=product&#038;p=17485"},"modified":"2025-06-04T15:56:59","modified_gmt":"2025-06-04T12:56:59","slug":"peilivalaisin-seinakiinnityksella-12w-600mm","status":"publish","type":"product","link":"https:\/\/www.ksttukku.fi\/kauppa\/tuote\/peilivalaisin-seinakiinnityksella-12w-600mm\/","title":{"rendered":"Peilivalaisin sein\u00e4kiinnityksell\u00e4 12W  600mm"},"content":{"rendered":"<p>Led Energie Peilivalaisin sein\u00e4kiinnityksell\u00e4 12W\u00a0 960lm<\/p>\n<p>Mukana 0,30 m kaapeli ilman pistoketta<\/p>\n<p>Valonv\u00e4ri: 4000K<\/p>\n<p>Materiaali:\u00a0 alumiini<\/p>\n<p>IP 21<\/p>\n<p>Leveys: 600mm<\/p>\n<p>Syvyys: 121 mm<\/p>\n","protected":false},"excerpt":{"rendered":"<p>Led Energie Peilivalaisin sein\u00e4kiinnityksell\u00e4 12W\u00a0 960lm Mukana 0,30 m kaapeli ilman pistoketta Valonv\u00e4ri: 4000K Materiaali:\u00a0 alumiini IP 21 Leveys: 600mm Syvyys: 121 mm<\/p>\n","protected":false},"featured_media":17487,"comment_status":"closed","ping_status":"closed","template":"","meta":[],"product_brand":[],"product_cat":[48,42,35,34],"product_tag":[],"class_list":{"0":"post-17485","1":"product","2":"type-product","3":"status-publish","4":"has-post-thumbnail","6":"product_cat-kosteantilanvalaisimet","7":"product_cat-seinavalaisimet-sisavalaisimet","8":"product_cat-sisavalaisimet","9":"product_cat-valaisimet","11":"first","12":"instock","13":"taxable","14":"shipping-taxable","15":"purchasable","16":"product-type-simple"},"_links":{"self":[{"href":"https:\/\/www.ksttukku.fi\/kauppa\/wp-json\/wp\/v2\/product\/17485","targetHints":{"allow":["GET"]}}],"collection":[{"href":"https:\/\/www.ksttukku.fi\/kauppa\/wp-json\/wp\/v2\/product"}],"about":[{"href":"https:\/\/www.ksttukku.fi\/kauppa\/wp-json\/wp\/v2\/types\/product"}],"replies":[{"embeddable":true,"href":"https:\/\/www.ksttukku.fi\/kauppa\/wp-json\/wp\/v2\/comments?post=17485"}],"wp:featuredmedia":[{"embeddable":true,"href":"https:\/\/www.ksttukku.fi\/kauppa\/wp-json\/wp\/v2\/media\/17487"}],"wp:attachment":[{"href":"https:\/\/www.ksttukku.fi\/kauppa\/wp-json\/wp\/v2\/media?parent=17485"}],"wp:term":[{"taxonomy":"product_brand","embeddable":true,"href":"https:\/\/www.ksttukku.fi\/kauppa\/wp-json\/wp\/v2\/product_brand?post=17485"},{"taxonomy":"product_cat","embeddable":true,"href":"https:\/\/www.ksttukku.fi\/kauppa\/wp-json\/wp\/v2\/product_cat?post=17485"},{"taxonomy":"product_tag","embeddable":true,"href":"https:\/\/www.ksttukku.fi\/kauppa\/wp-json\/wp\/v2\/product_tag?post=17485"}],"curies":[{"name":"wp","href":"https:\/\/api.w.org\/{rel}","templated":true}]}}