{"id":17498,"date":"2025-06-05T16:07:39","date_gmt":"2025-06-05T13:07:39","guid":{"rendered":"https:\/\/www.ksttukku.fi\/kauppa\/?post_type=product&#038;p=17498"},"modified":"2025-06-05T16:07:39","modified_gmt":"2025-06-05T13:07:39","slug":"lantern-riippuvalaisin-satiini-kirkas-lasi","status":"publish","type":"product","link":"https:\/\/www.ksttukku.fi\/kauppa\/tuote\/lantern-riippuvalaisin-satiini-kirkas-lasi\/","title":{"rendered":"Lantern-riippuvalaisin  Satiini \/ kirkas lasi"},"content":{"rendered":"<p>Lantern on keskikokoinen kattovalaisin kauniilla aaltoilevalla lasikuvulla. Aaltoileva lasikupu heijastaa valoa antaen huoneelle omanlaisensa tunnelman. Lantern on halkaisijaltaan 20-senttinen ja siin\u00e4 on kolmen metrin kangasp\u00e4\u00e4llysteinen johto sek\u00e4 koukkukiinnitys.<\/p>\n<ul class=\"product-technical-data\">\n<li>Halkaisija: 20 cm<\/li>\n<li>Korkeus 32 cm<\/li>\n<li>1 x E27, max 60 W (polttimo ei sis\u00e4lly)<\/li>\n<li>Johdon pituus: 3 m (s\u00e4\u00e4dett\u00e4viss\u00e4)<\/li>\n<li>Koukkukiinnitys ja valaisinpistotulppa<\/li>\n<li>Satiini \/ kirkas lasi<\/li>\n<\/ul>\n","protected":false},"excerpt":{"rendered":"<p>Lantern on keskikokoinen kattovalaisin kauniilla aaltoilevalla lasikuvulla. Aaltoileva lasikupu heijastaa valoa antaen huoneelle omanlaisensa tunnelman. Lantern on halkaisijaltaan 20-senttinen ja siin\u00e4 on kolmen metrin kangasp\u00e4\u00e4llysteinen johto sek\u00e4 koukkukiinnitys. Halkaisija: 20 cm Korkeus 32 cm 1 x E27, max 60 W (polttimo ei sis\u00e4lly) Johdon pituus: 3 m (s\u00e4\u00e4dett\u00e4viss\u00e4) Koukkukiinnitys ja valaisinpistotulppa Satiini \/ kirkas lasi<\/p>\n","protected":false},"featured_media":17499,"comment_status":"closed","ping_status":"closed","template":"","meta":[],"product_brand":[],"product_cat":[49,35,34],"product_tag":[],"class_list":{"0":"post-17498","1":"product","2":"type-product","3":"status-publish","4":"has-post-thumbnail","6":"product_cat-riippuvalaisimet","7":"product_cat-sisavalaisimet","8":"product_cat-valaisimet","10":"first","11":"instock","12":"taxable","13":"shipping-taxable","14":"purchasable","15":"product-type-simple"},"_links":{"self":[{"href":"https:\/\/www.ksttukku.fi\/kauppa\/wp-json\/wp\/v2\/product\/17498","targetHints":{"allow":["GET"]}}],"collection":[{"href":"https:\/\/www.ksttukku.fi\/kauppa\/wp-json\/wp\/v2\/product"}],"about":[{"href":"https:\/\/www.ksttukku.fi\/kauppa\/wp-json\/wp\/v2\/types\/product"}],"replies":[{"embeddable":true,"href":"https:\/\/www.ksttukku.fi\/kauppa\/wp-json\/wp\/v2\/comments?post=17498"}],"wp:featuredmedia":[{"embeddable":true,"href":"https:\/\/www.ksttukku.fi\/kauppa\/wp-json\/wp\/v2\/media\/17499"}],"wp:attachment":[{"href":"https:\/\/www.ksttukku.fi\/kauppa\/wp-json\/wp\/v2\/media?parent=17498"}],"wp:term":[{"taxonomy":"product_brand","embeddable":true,"href":"https:\/\/www.ksttukku.fi\/kauppa\/wp-json\/wp\/v2\/product_brand?post=17498"},{"taxonomy":"product_cat","embeddable":true,"href":"https:\/\/www.ksttukku.fi\/kauppa\/wp-json\/wp\/v2\/product_cat?post=17498"},{"taxonomy":"product_tag","embeddable":true,"href":"https:\/\/www.ksttukku.fi\/kauppa\/wp-json\/wp\/v2\/product_tag?post=17498"}],"curies":[{"name":"wp","href":"https:\/\/api.w.org\/{rel}","templated":true}]}}