{"id":17507,"date":"2025-06-06T14:09:05","date_gmt":"2025-06-06T11:09:05","guid":{"rendered":"https:\/\/www.ksttukku.fi\/kauppa\/?post_type=product&#038;p=17507"},"modified":"2025-06-06T14:09:05","modified_gmt":"2025-06-06T11:09:05","slug":"saarekevalaisin-pendy-uhe1200-226w-24v-nw-him-1200mm","status":"publish","type":"product","link":"https:\/\/www.ksttukku.fi\/kauppa\/tuote\/saarekevalaisin-pendy-uhe1200-226w-24v-nw-him-1200mm\/","title":{"rendered":"Saarekevalaisin PENDY UHE1200\/22,6W\/24V NW Him  1200mm"},"content":{"rendered":"<p>Saarekevalaisin Pendy UHE Dim on n\u00e4ytt\u00e4v\u00e4 katosta riippuva<br \/>\nledvalaisin saarekkeen tai p\u00f6yt\u00e4tason p\u00e4\u00e4lle.<\/p>\n<p>V\u00e4ri mattamusta<\/p>\n<p>Kattoon tuleva kotelo 500x68x34mm, ledprofiili1200x42x10 mm<br \/>\nKorkeus s\u00e4\u00e4dett\u00e4viss\u00e4 max. 2000mm vaijerien pituutta muuttamalla<br \/>\n3900K, 22,6W, himmennett\u00e4viss\u00e4 sein\u00e4kytkimell\u00e4 (230V)<\/p>\n","protected":false},"excerpt":{"rendered":"<p>Saarekevalaisin Pendy UHE Dim on n\u00e4ytt\u00e4v\u00e4 katosta riippuva ledvalaisin saarekkeen tai p\u00f6yt\u00e4tason p\u00e4\u00e4lle. V\u00e4ri mattamusta Kattoon tuleva kotelo 500x68x34mm, ledprofiili1200x42x10 mm Korkeus s\u00e4\u00e4dett\u00e4viss\u00e4 max. 2000mm vaijerien pituutta muuttamalla 3900K, 22,6W, himmennett\u00e4viss\u00e4 sein\u00e4kytkimell\u00e4 (230V)<\/p>\n","protected":false},"featured_media":17504,"comment_status":"closed","ping_status":"closed","template":"","meta":[],"product_brand":[],"product_cat":[49,35,34],"product_tag":[],"class_list":{"0":"post-17507","1":"product","2":"type-product","3":"status-publish","4":"has-post-thumbnail","6":"product_cat-riippuvalaisimet","7":"product_cat-sisavalaisimet","8":"product_cat-valaisimet","10":"first","11":"instock","12":"taxable","13":"shipping-taxable","14":"purchasable","15":"product-type-simple"},"_links":{"self":[{"href":"https:\/\/www.ksttukku.fi\/kauppa\/wp-json\/wp\/v2\/product\/17507","targetHints":{"allow":["GET"]}}],"collection":[{"href":"https:\/\/www.ksttukku.fi\/kauppa\/wp-json\/wp\/v2\/product"}],"about":[{"href":"https:\/\/www.ksttukku.fi\/kauppa\/wp-json\/wp\/v2\/types\/product"}],"replies":[{"embeddable":true,"href":"https:\/\/www.ksttukku.fi\/kauppa\/wp-json\/wp\/v2\/comments?post=17507"}],"wp:featuredmedia":[{"embeddable":true,"href":"https:\/\/www.ksttukku.fi\/kauppa\/wp-json\/wp\/v2\/media\/17504"}],"wp:attachment":[{"href":"https:\/\/www.ksttukku.fi\/kauppa\/wp-json\/wp\/v2\/media?parent=17507"}],"wp:term":[{"taxonomy":"product_brand","embeddable":true,"href":"https:\/\/www.ksttukku.fi\/kauppa\/wp-json\/wp\/v2\/product_brand?post=17507"},{"taxonomy":"product_cat","embeddable":true,"href":"https:\/\/www.ksttukku.fi\/kauppa\/wp-json\/wp\/v2\/product_cat?post=17507"},{"taxonomy":"product_tag","embeddable":true,"href":"https:\/\/www.ksttukku.fi\/kauppa\/wp-json\/wp\/v2\/product_tag?post=17507"}],"curies":[{"name":"wp","href":"https:\/\/api.w.org\/{rel}","templated":true}]}}