{"id":17523,"date":"2025-06-06T16:05:00","date_gmt":"2025-06-06T13:05:00","guid":{"rendered":"https:\/\/www.ksttukku.fi\/kauppa\/?post_type=product&#038;p=17523"},"modified":"2025-06-06T16:05:01","modified_gmt":"2025-06-06T13:05:01","slug":"uutuus-vedin-inx-160mm-himmea-messinki","status":"publish","type":"product","link":"https:\/\/www.ksttukku.fi\/kauppa\/tuote\/uutuus-vedin-inx-160mm-himmea-messinki\/","title":{"rendered":"Uutuus Vedin INX 160mm himme\u00e4 messinki"},"content":{"rendered":"<p>Industrial lookin uutuusvedin INX, jossa rihlattu<br \/>\nkeskiosa.<\/p>\n<p>V\u00e4ri himme\u00e4 messinki<\/p>\n<p>Reik\u00e4jako 160mm,<br \/>\nkokonaispituus 170mm.<\/p>\n<p>Vetimen \u00d810mm, rihlatulta osaltaan<br \/>\n\u00d813mm.<\/p>\n<p>Korkeus 34mm.<\/p>\n<p>Materiaali alumiini.<\/p>\n<p>Vedinruuveille kierre M4x8mm.<\/p>\n","protected":false},"excerpt":{"rendered":"<p>Industrial lookin uutuusvedin INX, jossa rihlattu keskiosa. V\u00e4ri himme\u00e4 messinki Reik\u00e4jako 160mm, kokonaispituus 170mm. Vetimen \u00d810mm, rihlatulta osaltaan \u00d813mm. Korkeus 34mm. Materiaali alumiini. Vedinruuveille kierre M4x8mm.<\/p>\n","protected":false},"featured_media":17526,"comment_status":"closed","ping_status":"closed","template":"","meta":[],"product_brand":[],"product_cat":[263,265],"product_tag":[],"class_list":{"0":"post-17523","1":"product","2":"type-product","3":"status-publish","4":"has-post-thumbnail","6":"product_cat-vetimet","7":"product_cat-vetimet-ja-nupit","9":"first","10":"instock","11":"taxable","12":"shipping-taxable","13":"purchasable","14":"product-type-simple"},"_links":{"self":[{"href":"https:\/\/www.ksttukku.fi\/kauppa\/wp-json\/wp\/v2\/product\/17523","targetHints":{"allow":["GET"]}}],"collection":[{"href":"https:\/\/www.ksttukku.fi\/kauppa\/wp-json\/wp\/v2\/product"}],"about":[{"href":"https:\/\/www.ksttukku.fi\/kauppa\/wp-json\/wp\/v2\/types\/product"}],"replies":[{"embeddable":true,"href":"https:\/\/www.ksttukku.fi\/kauppa\/wp-json\/wp\/v2\/comments?post=17523"}],"wp:featuredmedia":[{"embeddable":true,"href":"https:\/\/www.ksttukku.fi\/kauppa\/wp-json\/wp\/v2\/media\/17526"}],"wp:attachment":[{"href":"https:\/\/www.ksttukku.fi\/kauppa\/wp-json\/wp\/v2\/media?parent=17523"}],"wp:term":[{"taxonomy":"product_brand","embeddable":true,"href":"https:\/\/www.ksttukku.fi\/kauppa\/wp-json\/wp\/v2\/product_brand?post=17523"},{"taxonomy":"product_cat","embeddable":true,"href":"https:\/\/www.ksttukku.fi\/kauppa\/wp-json\/wp\/v2\/product_cat?post=17523"},{"taxonomy":"product_tag","embeddable":true,"href":"https:\/\/www.ksttukku.fi\/kauppa\/wp-json\/wp\/v2\/product_tag?post=17523"}],"curies":[{"name":"wp","href":"https:\/\/api.w.org\/{rel}","templated":true}]}}