{"id":17527,"date":"2025-06-06T16:13:50","date_gmt":"2025-06-06T13:13:50","guid":{"rendered":"https:\/\/www.ksttukku.fi\/kauppa\/?post_type=product&#038;p=17527"},"modified":"2025-06-06T16:13:50","modified_gmt":"2025-06-06T13:13:50","slug":"uutuus-vedin-inx-160mm-rst-look","status":"publish","type":"product","link":"https:\/\/www.ksttukku.fi\/kauppa\/tuote\/uutuus-vedin-inx-160mm-rst-look\/","title":{"rendered":"Uutuus Vedin INX 160mm rst look"},"content":{"rendered":"<p>Industrial lookin uutuusvedin INX, jossa rihlattu<br \/>\nkeskiosa.<\/p>\n<p>V\u00e4ri: RST<\/p>\n<p>Reik\u00e4jako 160mm,<br \/>\nkokonaispituus 170mm.<\/p>\n<p>Vetimen \u00d810mm, rihlatulta osaltaan<br \/>\n\u00d813mm.<\/p>\n<p>Korkeus 34mm.<\/p>\n<p>Materiaali alumiini.<\/p>\n<p>Vedinruuveille kierre M4x8mm.<\/p>\n","protected":false},"excerpt":{"rendered":"<p>Industrial lookin uutuusvedin INX, jossa rihlattu keskiosa. V\u00e4ri: RST Reik\u00e4jako 160mm, kokonaispituus 170mm. Vetimen \u00d810mm, rihlatulta osaltaan \u00d813mm. Korkeus 34mm. Materiaali alumiini. Vedinruuveille kierre M4x8mm.<\/p>\n","protected":false},"featured_media":17529,"comment_status":"closed","ping_status":"closed","template":"","meta":[],"product_brand":[],"product_cat":[135],"product_tag":[],"class_list":{"0":"post-17527","1":"product","2":"type-product","3":"status-publish","4":"has-post-thumbnail","6":"product_cat-uncategorized","8":"first","9":"instock","10":"taxable","11":"shipping-taxable","12":"purchasable","13":"product-type-simple"},"_links":{"self":[{"href":"https:\/\/www.ksttukku.fi\/kauppa\/wp-json\/wp\/v2\/product\/17527","targetHints":{"allow":["GET"]}}],"collection":[{"href":"https:\/\/www.ksttukku.fi\/kauppa\/wp-json\/wp\/v2\/product"}],"about":[{"href":"https:\/\/www.ksttukku.fi\/kauppa\/wp-json\/wp\/v2\/types\/product"}],"replies":[{"embeddable":true,"href":"https:\/\/www.ksttukku.fi\/kauppa\/wp-json\/wp\/v2\/comments?post=17527"}],"wp:featuredmedia":[{"embeddable":true,"href":"https:\/\/www.ksttukku.fi\/kauppa\/wp-json\/wp\/v2\/media\/17529"}],"wp:attachment":[{"href":"https:\/\/www.ksttukku.fi\/kauppa\/wp-json\/wp\/v2\/media?parent=17527"}],"wp:term":[{"taxonomy":"product_brand","embeddable":true,"href":"https:\/\/www.ksttukku.fi\/kauppa\/wp-json\/wp\/v2\/product_brand?post=17527"},{"taxonomy":"product_cat","embeddable":true,"href":"https:\/\/www.ksttukku.fi\/kauppa\/wp-json\/wp\/v2\/product_cat?post=17527"},{"taxonomy":"product_tag","embeddable":true,"href":"https:\/\/www.ksttukku.fi\/kauppa\/wp-json\/wp\/v2\/product_tag?post=17527"}],"curies":[{"name":"wp","href":"https:\/\/api.w.org\/{rel}","templated":true}]}}