{"id":17535,"date":"2025-06-06T16:34:33","date_gmt":"2025-06-06T13:34:33","guid":{"rendered":"https:\/\/www.ksttukku.fi\/kauppa\/?post_type=product&#038;p=17535"},"modified":"2025-06-06T16:35:17","modified_gmt":"2025-06-06T13:35:17","slug":"uutuus-nuppi-inx-o25mm-himmea-messinki","status":"publish","type":"product","link":"https:\/\/www.ksttukku.fi\/kauppa\/tuote\/uutuus-nuppi-inx-o25mm-himmea-messinki\/","title":{"rendered":"Uutuus Nuppi INX \u00d825mm himme\u00e4 messinki"},"content":{"rendered":"<p>industrial lookin rihlattu uutuusnuppi INX.<\/p>\n<p>V\u00e4ri himme\u00e4 messinki<br \/>\nNupin rihlattuosa \u00d825mm.<\/p>\n<p>Korkeus 28mm. Materiaali alumiini.<br \/>\nVedinruuville kierre M4x8mm.<\/p>\n","protected":false},"excerpt":{"rendered":"<p>industrial lookin rihlattu uutuusnuppi INX. V\u00e4ri himme\u00e4 messinki Nupin rihlattuosa \u00d825mm. Korkeus 28mm. Materiaali alumiini. Vedinruuville kierre M4x8mm.<\/p>\n","protected":false},"featured_media":17538,"comment_status":"closed","ping_status":"closed","template":"","meta":[],"product_brand":[],"product_cat":[264,265],"product_tag":[],"class_list":{"0":"post-17535","1":"product","2":"type-product","3":"status-publish","4":"has-post-thumbnail","6":"product_cat-nupit","7":"product_cat-vetimet-ja-nupit","9":"first","10":"instock","11":"taxable","12":"shipping-taxable","13":"purchasable","14":"product-type-simple"},"_links":{"self":[{"href":"https:\/\/www.ksttukku.fi\/kauppa\/wp-json\/wp\/v2\/product\/17535","targetHints":{"allow":["GET"]}}],"collection":[{"href":"https:\/\/www.ksttukku.fi\/kauppa\/wp-json\/wp\/v2\/product"}],"about":[{"href":"https:\/\/www.ksttukku.fi\/kauppa\/wp-json\/wp\/v2\/types\/product"}],"replies":[{"embeddable":true,"href":"https:\/\/www.ksttukku.fi\/kauppa\/wp-json\/wp\/v2\/comments?post=17535"}],"wp:featuredmedia":[{"embeddable":true,"href":"https:\/\/www.ksttukku.fi\/kauppa\/wp-json\/wp\/v2\/media\/17538"}],"wp:attachment":[{"href":"https:\/\/www.ksttukku.fi\/kauppa\/wp-json\/wp\/v2\/media?parent=17535"}],"wp:term":[{"taxonomy":"product_brand","embeddable":true,"href":"https:\/\/www.ksttukku.fi\/kauppa\/wp-json\/wp\/v2\/product_brand?post=17535"},{"taxonomy":"product_cat","embeddable":true,"href":"https:\/\/www.ksttukku.fi\/kauppa\/wp-json\/wp\/v2\/product_cat?post=17535"},{"taxonomy":"product_tag","embeddable":true,"href":"https:\/\/www.ksttukku.fi\/kauppa\/wp-json\/wp\/v2\/product_tag?post=17535"}],"curies":[{"name":"wp","href":"https:\/\/api.w.org\/{rel}","templated":true}]}}