{"id":17572,"date":"2025-06-10T15:02:57","date_gmt":"2025-06-10T12:02:57","guid":{"rendered":"https:\/\/www.ksttukku.fi\/kauppa\/?post_type=product&#038;p=17572"},"modified":"2025-06-10T15:16:18","modified_gmt":"2025-06-10T12:16:18","slug":"star-kaytavamatto-vihrea-leveys-80cm","status":"publish","type":"product","link":"https:\/\/www.ksttukku.fi\/kauppa\/tuote\/star-kaytavamatto-vihrea-leveys-80cm\/","title":{"rendered":"Star k\u00e4yt\u00e4v\u00e4matto vihre\u00e4 leveys 80cm"},"content":{"rendered":"<p>Star terassimatot ovat ulkon\u00e4\u00f6lt\u00e4\u00e4n, v\u00e4rilt\u00e4\u00e4n ja koostumukseltaan upeita. Punottu-kudottu ulkoasu on tiivis ja eritt\u00e4in kest\u00e4v\u00e4 kest\u00e4\u00e4kseen s\u00e4\u00e4t\u00e4 ymp\u00e4ri vuoden. Valmistettu 100 % polypropeenikuidusta, joka on helppo puhdistaa. Maton materiaali on likaa hylkiv\u00e4\u00e4.<\/p>\n<p>Materiaali 100% Maclon polypropyleeni Konekudottu, laadukas, sile\u00e4pintainen matto<\/p>\n<p>Paikallisten, tuoreiden tahrojen poisto mahdollista kostealla, vaahdotetulla (Marseille-saippua) sienell\u00e4 tai liinalla<\/p>\n<p>T\u00e4ll\u00e4 tuotteella on OEKO-TEX\u00ae STANDARD 100 -merkki. Merkki takaa, ett\u00e4 tuote ei sis\u00e4ll\u00e4 haitallisia aineita tai torjunta-aine- ja raskasmetallij\u00e4\u00e4mi\u00e4. Jokainen STANDARD 100 -mvaarattomia ihmisten terveydelle.erkinn\u00e4ll\u00e4 varustetun tuotteen osa on testattu haitallisten aineiden varalta, joten ne ovat\u00a0 ihmisten terveydelle.<\/p>\n<p>\u00c4l\u00e4 unohda tilata mattojen p\u00e4iden kanttauspalvelua.<\/p>\n","protected":false},"excerpt":{"rendered":"<p>Star terassimatot ovat ulkon\u00e4\u00f6lt\u00e4\u00e4n, v\u00e4rilt\u00e4\u00e4n ja koostumukseltaan upeita. Punottu-kudottu ulkoasu on tiivis ja eritt\u00e4in kest\u00e4v\u00e4 kest\u00e4\u00e4kseen s\u00e4\u00e4t\u00e4 ymp\u00e4ri vuoden. Valmistettu 100 % polypropeenikuidusta, joka on helppo puhdistaa. Maton materiaali on likaa hylkiv\u00e4\u00e4. Materiaali 100% Maclon polypropyleeni Konekudottu, laadukas, sile\u00e4pintainen matto Paikallisten, tuoreiden tahrojen poisto mahdollista kostealla, vaahdotetulla (Marseille-saippua) sienell\u00e4 tai liinalla T\u00e4ll\u00e4 tuotteella on OEKO-TEX\u00ae [&hellip;]<\/p>\n","protected":false},"featured_media":17574,"comment_status":"closed","ping_status":"closed","template":"","meta":[],"product_brand":[],"product_cat":[23,22],"product_tag":[],"class_list":{"0":"post-17572","1":"product","2":"type-product","3":"status-publish","4":"has-post-thumbnail","6":"product_cat-kaytava-ja-yleismatot","7":"product_cat-matot","9":"first","10":"instock","11":"taxable","12":"shipping-taxable","13":"purchasable","14":"product-type-simple"},"_links":{"self":[{"href":"https:\/\/www.ksttukku.fi\/kauppa\/wp-json\/wp\/v2\/product\/17572","targetHints":{"allow":["GET"]}}],"collection":[{"href":"https:\/\/www.ksttukku.fi\/kauppa\/wp-json\/wp\/v2\/product"}],"about":[{"href":"https:\/\/www.ksttukku.fi\/kauppa\/wp-json\/wp\/v2\/types\/product"}],"replies":[{"embeddable":true,"href":"https:\/\/www.ksttukku.fi\/kauppa\/wp-json\/wp\/v2\/comments?post=17572"}],"wp:featuredmedia":[{"embeddable":true,"href":"https:\/\/www.ksttukku.fi\/kauppa\/wp-json\/wp\/v2\/media\/17574"}],"wp:attachment":[{"href":"https:\/\/www.ksttukku.fi\/kauppa\/wp-json\/wp\/v2\/media?parent=17572"}],"wp:term":[{"taxonomy":"product_brand","embeddable":true,"href":"https:\/\/www.ksttukku.fi\/kauppa\/wp-json\/wp\/v2\/product_brand?post=17572"},{"taxonomy":"product_cat","embeddable":true,"href":"https:\/\/www.ksttukku.fi\/kauppa\/wp-json\/wp\/v2\/product_cat?post=17572"},{"taxonomy":"product_tag","embeddable":true,"href":"https:\/\/www.ksttukku.fi\/kauppa\/wp-json\/wp\/v2\/product_tag?post=17572"}],"curies":[{"name":"wp","href":"https:\/\/api.w.org\/{rel}","templated":true}]}}