{"id":17583,"date":"2025-06-14T12:56:08","date_gmt":"2025-06-14T09:56:08","guid":{"rendered":"https:\/\/www.ksttukku.fi\/kauppa\/?post_type=product&#038;p=17583"},"modified":"2025-06-14T12:56:08","modified_gmt":"2025-06-14T09:56:08","slug":"led-paneelivalaisin-40w-3200lm-dim-2","status":"publish","type":"product","link":"https:\/\/www.ksttukku.fi\/kauppa\/tuote\/led-paneelivalaisin-40w-3200lm-dim-2\/","title":{"rendered":"LED-paneelivalaisin 40W, 3200lm DIM"},"content":{"rendered":"<p>Helposti asennettava himmennett\u00e4v\u00e4\u00a0 LED-paneelivalaisin sisustus- ja yleisvalaistukseen sek\u00e4 toimisto ja julkisten tilojen valaistukseen.<\/p>\n<p>Soveltuu pinta-sek\u00e4 uppoasennukseen.<\/p>\n<p>40W, 3200 lm, 4000K<\/p>\n<p>Pinta-asennusta varten saatavilla erikseen myyt\u00e4v\u00e4 asennuskehys.<\/p>\n<p><a href=\"https:\/\/sisustetalo.com\/collections\/led-paneelivalaisimet\/products\/pinta-asennuskehys-595-595-paneelivalaisimelle\">Pinta-asennuskehys 595\u00d7595 paneelivalaisimelle<\/a><\/p>\n<p>Koko: 595 x 595 mm<\/p>\n<p>&nbsp;<\/p>\n","protected":false},"excerpt":{"rendered":"<p>Helposti asennettava himmennett\u00e4v\u00e4\u00a0 LED-paneelivalaisin sisustus- ja yleisvalaistukseen sek\u00e4 toimisto ja julkisten tilojen valaistukseen. Soveltuu pinta-sek\u00e4 uppoasennukseen. 40W, 3200 lm, 4000K Pinta-asennusta varten saatavilla erikseen myyt\u00e4v\u00e4 asennuskehys. Pinta-asennuskehys 595\u00d7595 paneelivalaisimelle Koko: 595 x 595 mm &nbsp;<\/p>\n","protected":false},"featured_media":17584,"comment_status":"closed","ping_status":"closed","template":"","meta":[],"product_brand":[],"product_cat":[183,35,34],"product_tag":[],"class_list":{"0":"post-17583","1":"product","2":"type-product","3":"status-publish","4":"has-post-thumbnail","6":"product_cat-led-paneelivalaisimet","7":"product_cat-sisavalaisimet","8":"product_cat-valaisimet","10":"first","11":"instock","12":"sale","13":"taxable","14":"shipping-taxable","15":"purchasable","16":"product-type-simple"},"_links":{"self":[{"href":"https:\/\/www.ksttukku.fi\/kauppa\/wp-json\/wp\/v2\/product\/17583","targetHints":{"allow":["GET"]}}],"collection":[{"href":"https:\/\/www.ksttukku.fi\/kauppa\/wp-json\/wp\/v2\/product"}],"about":[{"href":"https:\/\/www.ksttukku.fi\/kauppa\/wp-json\/wp\/v2\/types\/product"}],"replies":[{"embeddable":true,"href":"https:\/\/www.ksttukku.fi\/kauppa\/wp-json\/wp\/v2\/comments?post=17583"}],"wp:featuredmedia":[{"embeddable":true,"href":"https:\/\/www.ksttukku.fi\/kauppa\/wp-json\/wp\/v2\/media\/17584"}],"wp:attachment":[{"href":"https:\/\/www.ksttukku.fi\/kauppa\/wp-json\/wp\/v2\/media?parent=17583"}],"wp:term":[{"taxonomy":"product_brand","embeddable":true,"href":"https:\/\/www.ksttukku.fi\/kauppa\/wp-json\/wp\/v2\/product_brand?post=17583"},{"taxonomy":"product_cat","embeddable":true,"href":"https:\/\/www.ksttukku.fi\/kauppa\/wp-json\/wp\/v2\/product_cat?post=17583"},{"taxonomy":"product_tag","embeddable":true,"href":"https:\/\/www.ksttukku.fi\/kauppa\/wp-json\/wp\/v2\/product_tag?post=17583"}],"curies":[{"name":"wp","href":"https:\/\/api.w.org\/{rel}","templated":true}]}}