{"id":17609,"date":"2025-06-19T16:10:38","date_gmt":"2025-06-19T13:10:38","guid":{"rendered":"https:\/\/www.ksttukku.fi\/kauppa\/?post_type=product&#038;p=17609"},"modified":"2025-09-05T12:40:50","modified_gmt":"2025-09-05T09:40:50","slug":"airam-alos-kattovalaisin-290-18-w-4000k-step-dim-musta","status":"publish","type":"product","link":"https:\/\/www.ksttukku.fi\/kauppa\/tuote\/airam-alos-kattovalaisin-290-18-w-4000k-step-dim-musta\/","title":{"rendered":"Airam Alos Kattovalaisin 290  18 W  4000K  Step DIM musta"},"content":{"rendered":"<p>Laadukas kattovalaisin kodin kuivien sis\u00e4tilojen yleisvalaistukseen<\/p>\n<p>Tyylik\u00e4s matala runkorakenne, jota korostaa valaisimen taakse kiinnityspintaan heijastuva valo<\/p>\n<p>Kotelointiluokka IP20.<\/p>\n<p>Materiaali metalli ja muovi, v\u00e4ri musta<\/p>\n<p>Pinta-asennus kattoon tai sein\u00e4\u00e4n, tai asennus kattorasiaan.<\/p>\n<p>\u00d8 290 mm<\/p>\n<p>Led kiinte\u00e4 18 W 1500 lm , 4000 K.<\/p>\n<p>CRI90<\/p>\n<p>Portaittain himmennett\u00e4v\u00e4: 100 % &gt; 50 % &gt; 10 %. Himmennys valokytkimell\u00e4, ei vaadi erillist\u00e4 himmennint\u00e4.<\/p>\n","protected":false},"excerpt":{"rendered":"<p>Laadukas kattovalaisin kodin kuivien sis\u00e4tilojen yleisvalaistukseen Tyylik\u00e4s matala runkorakenne, jota korostaa valaisimen taakse kiinnityspintaan heijastuva valo Kotelointiluokka IP20. Materiaali metalli ja muovi, v\u00e4ri musta Pinta-asennus kattoon tai sein\u00e4\u00e4n, tai asennus kattorasiaan. \u00d8 290 mm Led kiinte\u00e4 18 W 1500 lm , 4000 K. CRI90 Portaittain himmennett\u00e4v\u00e4: 100 % &gt; 50 % &gt; 10 %. Himmennys [&hellip;]<\/p>\n","protected":false},"featured_media":17601,"comment_status":"closed","ping_status":"closed","template":"","meta":[],"product_brand":[],"product_cat":[40,35,34],"product_tag":[],"class_list":{"0":"post-17609","1":"product","2":"type-product","3":"status-publish","4":"has-post-thumbnail","6":"product_cat-kattovalaisimet","7":"product_cat-sisavalaisimet","8":"product_cat-valaisimet","10":"first","11":"instock","12":"taxable","13":"shipping-taxable","14":"purchasable","15":"product-type-simple"},"_links":{"self":[{"href":"https:\/\/www.ksttukku.fi\/kauppa\/wp-json\/wp\/v2\/product\/17609","targetHints":{"allow":["GET"]}}],"collection":[{"href":"https:\/\/www.ksttukku.fi\/kauppa\/wp-json\/wp\/v2\/product"}],"about":[{"href":"https:\/\/www.ksttukku.fi\/kauppa\/wp-json\/wp\/v2\/types\/product"}],"replies":[{"embeddable":true,"href":"https:\/\/www.ksttukku.fi\/kauppa\/wp-json\/wp\/v2\/comments?post=17609"}],"wp:featuredmedia":[{"embeddable":true,"href":"https:\/\/www.ksttukku.fi\/kauppa\/wp-json\/wp\/v2\/media\/17601"}],"wp:attachment":[{"href":"https:\/\/www.ksttukku.fi\/kauppa\/wp-json\/wp\/v2\/media?parent=17609"}],"wp:term":[{"taxonomy":"product_brand","embeddable":true,"href":"https:\/\/www.ksttukku.fi\/kauppa\/wp-json\/wp\/v2\/product_brand?post=17609"},{"taxonomy":"product_cat","embeddable":true,"href":"https:\/\/www.ksttukku.fi\/kauppa\/wp-json\/wp\/v2\/product_cat?post=17609"},{"taxonomy":"product_tag","embeddable":true,"href":"https:\/\/www.ksttukku.fi\/kauppa\/wp-json\/wp\/v2\/product_tag?post=17609"}],"curies":[{"name":"wp","href":"https:\/\/api.w.org\/{rel}","templated":true}]}}