{"id":17622,"date":"2025-06-28T12:00:54","date_gmt":"2025-06-28T09:00:54","guid":{"rendered":"https:\/\/www.ksttukku.fi\/kauppa\/?post_type=product&#038;p=17622"},"modified":"2025-06-28T12:00:54","modified_gmt":"2025-06-28T09:00:54","slug":"lund-kattotuuletinvalaisin-mattamusta","status":"publish","type":"product","link":"https:\/\/www.ksttukku.fi\/kauppa\/tuote\/lund-kattotuuletinvalaisin-mattamusta\/","title":{"rendered":"Lund kattotuuletinvalaisin mattamusta"},"content":{"rendered":"<p>Lund kattotuuletinvalaisimessa on k\u00e4tev\u00e4 himmennin ja portaattomasti s\u00e4\u00e4dett\u00e4v\u00e4 v\u00e4ril\u00e4mp\u00f6tila (2700\u20136500 K )<\/p>\n<p>DC-tuulettimet toimivat my\u00f6s eritt\u00e4in hiljaisesti ja tasaisesti. Ne sopivat erinomaisesti hiljaisiin tiloihin, esim. makuuhuoneisiin, lastenhuoneisiin, lukutiloihin ja toimistoihin.<\/p>\n<p>Tuuletinvalaisimessa on eteen- ja taaksep\u00e4in ajo ( kes\u00e4- ja talvik\u00e4ytt\u00f6)<\/p>\n<p>Y\u00f6valotoiminto, ajastin ja muistitoiminto.<\/p>\n<p>V\u00e4ri: mattamusta<\/p>\n<p>Materiaali: muovi<\/p>\n<p>Halkaisija: 53 cm<\/p>\n","protected":false},"excerpt":{"rendered":"<p>Lund kattotuuletinvalaisimessa on k\u00e4tev\u00e4 himmennin ja portaattomasti s\u00e4\u00e4dett\u00e4v\u00e4 v\u00e4ril\u00e4mp\u00f6tila (2700\u20136500 K ) DC-tuulettimet toimivat my\u00f6s eritt\u00e4in hiljaisesti ja tasaisesti. Ne sopivat erinomaisesti hiljaisiin tiloihin, esim. makuuhuoneisiin, lastenhuoneisiin, lukutiloihin ja toimistoihin. Tuuletinvalaisimessa on eteen- ja taaksep\u00e4in ajo ( kes\u00e4- ja talvik\u00e4ytt\u00f6) Y\u00f6valotoiminto, ajastin ja muistitoiminto. V\u00e4ri: mattamusta Materiaali: muovi Halkaisija: 53 cm<\/p>\n","protected":false},"featured_media":17623,"comment_status":"closed","ping_status":"closed","template":"","meta":[],"product_brand":[],"product_cat":[175,40,35,34],"product_tag":[],"class_list":{"0":"post-17622","1":"product","2":"type-product","3":"status-publish","4":"has-post-thumbnail","6":"product_cat-tuuletinvalaisimet","7":"product_cat-kattovalaisimet","8":"product_cat-sisavalaisimet","9":"product_cat-valaisimet","11":"first","12":"instock","13":"taxable","14":"shipping-taxable","15":"purchasable","16":"product-type-simple"},"_links":{"self":[{"href":"https:\/\/www.ksttukku.fi\/kauppa\/wp-json\/wp\/v2\/product\/17622","targetHints":{"allow":["GET"]}}],"collection":[{"href":"https:\/\/www.ksttukku.fi\/kauppa\/wp-json\/wp\/v2\/product"}],"about":[{"href":"https:\/\/www.ksttukku.fi\/kauppa\/wp-json\/wp\/v2\/types\/product"}],"replies":[{"embeddable":true,"href":"https:\/\/www.ksttukku.fi\/kauppa\/wp-json\/wp\/v2\/comments?post=17622"}],"wp:featuredmedia":[{"embeddable":true,"href":"https:\/\/www.ksttukku.fi\/kauppa\/wp-json\/wp\/v2\/media\/17623"}],"wp:attachment":[{"href":"https:\/\/www.ksttukku.fi\/kauppa\/wp-json\/wp\/v2\/media?parent=17622"}],"wp:term":[{"taxonomy":"product_brand","embeddable":true,"href":"https:\/\/www.ksttukku.fi\/kauppa\/wp-json\/wp\/v2\/product_brand?post=17622"},{"taxonomy":"product_cat","embeddable":true,"href":"https:\/\/www.ksttukku.fi\/kauppa\/wp-json\/wp\/v2\/product_cat?post=17622"},{"taxonomy":"product_tag","embeddable":true,"href":"https:\/\/www.ksttukku.fi\/kauppa\/wp-json\/wp\/v2\/product_tag?post=17622"}],"curies":[{"name":"wp","href":"https:\/\/api.w.org\/{rel}","templated":true}]}}