{"id":17627,"date":"2025-06-30T11:36:13","date_gmt":"2025-06-30T08:36:13","guid":{"rendered":"https:\/\/www.ksttukku.fi\/kauppa\/?post_type=product&#038;p=17627"},"modified":"2026-03-25T17:00:13","modified_gmt":"2026-03-25T15:00:13","slug":"mora-kattotuuletinvalaisin-1400-lm-led-13w","status":"publish","type":"product","link":"https:\/\/www.ksttukku.fi\/kauppa\/tuote\/mora-kattotuuletinvalaisin-1400-lm-led-13w\/","title":{"rendered":"MORA Kattotuuletinvalaisin  1400 lm   LED 13W,"},"content":{"rendered":"<p>Mora kattotuuletinvalaisin toimii hiljaisesti ja tasaisesti. Sopii erinomaisesti esim. makuuhuoneisiin, lastenhuoneisiin, lukutiloihin ja toimistoihin<\/p>\n<p>Valaisin ja tuuletin ovat erikseen ohjattavissa, joten voit helposti luoda juuri haluamasi tunnelman.<\/p>\n<p>Y\u00f6valotoiminto, ajastin ja muistitoiminto.<\/p>\n<p>V\u00e4ril\u00e4mp\u00f6tila: 2700 K \u2013 6500 K (s\u00e4\u00e4dett\u00e4viss\u00e4)<\/p>\n<p>Himmennett\u00e4viss\u00e4 kauko-ohjaimella<\/p>\n<p>V\u00e4ri: valkoinen<\/p>\n<p>Materiaali: muovi<\/p>\n<p>Halkaisija: 45 cm<\/p>\n","protected":false},"excerpt":{"rendered":"<p>Mora kattotuuletinvalaisin toimii hiljaisesti ja tasaisesti. Sopii erinomaisesti esim. makuuhuoneisiin, lastenhuoneisiin, lukutiloihin ja toimistoihin Valaisin ja tuuletin ovat erikseen ohjattavissa, joten voit helposti luoda juuri haluamasi tunnelman. Y\u00f6valotoiminto, ajastin ja muistitoiminto. V\u00e4ril\u00e4mp\u00f6tila: 2700 K \u2013 6500 K (s\u00e4\u00e4dett\u00e4viss\u00e4) Himmennett\u00e4viss\u00e4 kauko-ohjaimella V\u00e4ri: valkoinen Materiaali: muovi Halkaisija: 45 cm<\/p>\n","protected":false},"featured_media":17628,"comment_status":"closed","ping_status":"closed","template":"","meta":[],"product_brand":[],"product_cat":[175,40,35,34],"product_tag":[],"class_list":{"0":"post-17627","1":"product","2":"type-product","3":"status-publish","4":"has-post-thumbnail","6":"product_cat-tuuletinvalaisimet","7":"product_cat-kattovalaisimet","8":"product_cat-sisavalaisimet","9":"product_cat-valaisimet","11":"first","12":"instock","13":"taxable","14":"shipping-taxable","15":"purchasable","16":"product-type-simple"},"_links":{"self":[{"href":"https:\/\/www.ksttukku.fi\/kauppa\/wp-json\/wp\/v2\/product\/17627","targetHints":{"allow":["GET"]}}],"collection":[{"href":"https:\/\/www.ksttukku.fi\/kauppa\/wp-json\/wp\/v2\/product"}],"about":[{"href":"https:\/\/www.ksttukku.fi\/kauppa\/wp-json\/wp\/v2\/types\/product"}],"replies":[{"embeddable":true,"href":"https:\/\/www.ksttukku.fi\/kauppa\/wp-json\/wp\/v2\/comments?post=17627"}],"wp:featuredmedia":[{"embeddable":true,"href":"https:\/\/www.ksttukku.fi\/kauppa\/wp-json\/wp\/v2\/media\/17628"}],"wp:attachment":[{"href":"https:\/\/www.ksttukku.fi\/kauppa\/wp-json\/wp\/v2\/media?parent=17627"}],"wp:term":[{"taxonomy":"product_brand","embeddable":true,"href":"https:\/\/www.ksttukku.fi\/kauppa\/wp-json\/wp\/v2\/product_brand?post=17627"},{"taxonomy":"product_cat","embeddable":true,"href":"https:\/\/www.ksttukku.fi\/kauppa\/wp-json\/wp\/v2\/product_cat?post=17627"},{"taxonomy":"product_tag","embeddable":true,"href":"https:\/\/www.ksttukku.fi\/kauppa\/wp-json\/wp\/v2\/product_tag?post=17627"}],"curies":[{"name":"wp","href":"https:\/\/api.w.org\/{rel}","templated":true}]}}