{"id":17638,"date":"2025-07-02T12:30:22","date_gmt":"2025-07-02T09:30:22","guid":{"rendered":"https:\/\/www.ksttukku.fi\/kauppa\/?post_type=product&#038;p=17638"},"modified":"2025-07-02T12:30:22","modified_gmt":"2025-07-02T09:30:22","slug":"rosa-tekstiilisuihkuverho-180-x-200-cm","status":"publish","type":"product","link":"https:\/\/www.ksttukku.fi\/kauppa\/tuote\/rosa-tekstiilisuihkuverho-180-x-200-cm\/","title":{"rendered":"Rosa tekstiilisuihkuverho 180 x 200 cm"},"content":{"rendered":"<p>Hillitty vaaleanpunainen suihkuverho. Yksiv\u00e4rinen verho luo rauhallisen tunnelman kylpyhuoneeseen.<\/p>\n<ul>\n<li>Materiaali 100 % polyesteri\u00e4.<\/li>\n<li>Konepesu 30\u00b0 C ja silitys miedossa l\u00e4mm\u00f6ss\u00e4.<\/li>\n<li>Verhon helmassa paino, joka est\u00e4\u00e4 verhon liimautumisen vartaloon.<\/li>\n<li>Renkaat sis\u00e4ltyv\u00e4t pakkaukseen.<\/li>\n<\/ul>\n","protected":false},"excerpt":{"rendered":"<p>Hillitty vaaleanpunainen suihkuverho. Yksiv\u00e4rinen verho luo rauhallisen tunnelman kylpyhuoneeseen. Materiaali 100 % polyesteri\u00e4. Konepesu 30\u00b0 C ja silitys miedossa l\u00e4mm\u00f6ss\u00e4. Verhon helmassa paino, joka est\u00e4\u00e4 verhon liimautumisen vartaloon. Renkaat sis\u00e4ltyv\u00e4t pakkaukseen.<\/p>\n","protected":false},"featured_media":17639,"comment_status":"closed","ping_status":"closed","template":"","meta":[],"product_brand":[],"product_cat":[150,533],"product_tag":[],"class_list":{"0":"post-17638","1":"product","2":"type-product","3":"status-publish","4":"has-post-thumbnail","6":"product_cat-kylpyhuone","7":"product_cat-angoli","9":"first","10":"instock","11":"taxable","12":"shipping-taxable","13":"purchasable","14":"product-type-simple"},"_links":{"self":[{"href":"https:\/\/www.ksttukku.fi\/kauppa\/wp-json\/wp\/v2\/product\/17638","targetHints":{"allow":["GET"]}}],"collection":[{"href":"https:\/\/www.ksttukku.fi\/kauppa\/wp-json\/wp\/v2\/product"}],"about":[{"href":"https:\/\/www.ksttukku.fi\/kauppa\/wp-json\/wp\/v2\/types\/product"}],"replies":[{"embeddable":true,"href":"https:\/\/www.ksttukku.fi\/kauppa\/wp-json\/wp\/v2\/comments?post=17638"}],"wp:featuredmedia":[{"embeddable":true,"href":"https:\/\/www.ksttukku.fi\/kauppa\/wp-json\/wp\/v2\/media\/17639"}],"wp:attachment":[{"href":"https:\/\/www.ksttukku.fi\/kauppa\/wp-json\/wp\/v2\/media?parent=17638"}],"wp:term":[{"taxonomy":"product_brand","embeddable":true,"href":"https:\/\/www.ksttukku.fi\/kauppa\/wp-json\/wp\/v2\/product_brand?post=17638"},{"taxonomy":"product_cat","embeddable":true,"href":"https:\/\/www.ksttukku.fi\/kauppa\/wp-json\/wp\/v2\/product_cat?post=17638"},{"taxonomy":"product_tag","embeddable":true,"href":"https:\/\/www.ksttukku.fi\/kauppa\/wp-json\/wp\/v2\/product_tag?post=17638"}],"curies":[{"name":"wp","href":"https:\/\/api.w.org\/{rel}","templated":true}]}}