{"id":17645,"date":"2025-07-03T15:15:33","date_gmt":"2025-07-03T12:15:33","guid":{"rendered":"https:\/\/www.ksttukku.fi\/kauppa\/?post_type=product&#038;p=17645"},"modified":"2025-07-03T15:15:33","modified_gmt":"2025-07-03T12:15:33","slug":"pisla-luna-verhotanko-165-300cm-mattamusta","status":"publish","type":"product","link":"https:\/\/www.ksttukku.fi\/kauppa\/tuote\/pisla-luna-verhotanko-165-300cm-mattamusta\/","title":{"rendered":"Pisla Luna verhotanko 165-300cm mattamusta"},"content":{"rendered":"<p>Pisla Luna verhotanko on muotokielelt\u00e4\u00e4n selke\u00e4n yksinkertainen ja sit\u00e4 koristaa hauska ovaalin muotoinen p\u00e4\u00e4tynuppi. Verhotanko tuo modernia tyylikkyytt\u00e4 tilaan ja sopii monenlaisiin sisustuksiin. S\u00e4\u00e4dett\u00e4v\u00e4 tanko on helppo asentaa v\u00e4lille 165-300 cm ja sen halkaisija on 16-19 mm.. Pakkaus sis\u00e4lt\u00e4\u00e4 sein\u00e4kannakkeet ja asennuskiinnikkeet, joten asennus on vaivatonta. T\u00e4m\u00e4 verhotanko on t\u00e4ydellinen valinta, kun arvostat laatua, k\u00e4yt\u00e4nn\u00f6llisyytt\u00e4 ja esteettisyytt\u00e4.<\/p>\n<p>Materiaali: ter\u00e4s<\/p>\n","protected":false},"excerpt":{"rendered":"<p>Pisla Luna verhotanko on muotokielelt\u00e4\u00e4n selke\u00e4n yksinkertainen ja sit\u00e4 koristaa hauska ovaalin muotoinen p\u00e4\u00e4tynuppi. Verhotanko tuo modernia tyylikkyytt\u00e4 tilaan ja sopii monenlaisiin sisustuksiin. S\u00e4\u00e4dett\u00e4v\u00e4 tanko on helppo asentaa v\u00e4lille 165-300 cm ja sen halkaisija on 16-19 mm.. Pakkaus sis\u00e4lt\u00e4\u00e4 sein\u00e4kannakkeet ja asennuskiinnikkeet, joten asennus on vaivatonta. T\u00e4m\u00e4 verhotanko on t\u00e4ydellinen valinta, kun arvostat laatua, k\u00e4yt\u00e4nn\u00f6llisyytt\u00e4 [&hellip;]<\/p>\n","protected":false},"featured_media":17646,"comment_status":"closed","ping_status":"closed","template":"","meta":[],"product_brand":[],"product_cat":[377,481],"product_tag":[],"class_list":{"0":"post-17645","1":"product","2":"type-product","3":"status-publish","4":"has-post-thumbnail","6":"product_cat-sisustus-lahjatavarat","7":"product_cat-verhotangot-sisustus-lahjatavarat","9":"first","10":"instock","11":"taxable","12":"shipping-taxable","13":"purchasable","14":"product-type-simple"},"_links":{"self":[{"href":"https:\/\/www.ksttukku.fi\/kauppa\/wp-json\/wp\/v2\/product\/17645","targetHints":{"allow":["GET"]}}],"collection":[{"href":"https:\/\/www.ksttukku.fi\/kauppa\/wp-json\/wp\/v2\/product"}],"about":[{"href":"https:\/\/www.ksttukku.fi\/kauppa\/wp-json\/wp\/v2\/types\/product"}],"replies":[{"embeddable":true,"href":"https:\/\/www.ksttukku.fi\/kauppa\/wp-json\/wp\/v2\/comments?post=17645"}],"wp:featuredmedia":[{"embeddable":true,"href":"https:\/\/www.ksttukku.fi\/kauppa\/wp-json\/wp\/v2\/media\/17646"}],"wp:attachment":[{"href":"https:\/\/www.ksttukku.fi\/kauppa\/wp-json\/wp\/v2\/media?parent=17645"}],"wp:term":[{"taxonomy":"product_brand","embeddable":true,"href":"https:\/\/www.ksttukku.fi\/kauppa\/wp-json\/wp\/v2\/product_brand?post=17645"},{"taxonomy":"product_cat","embeddable":true,"href":"https:\/\/www.ksttukku.fi\/kauppa\/wp-json\/wp\/v2\/product_cat?post=17645"},{"taxonomy":"product_tag","embeddable":true,"href":"https:\/\/www.ksttukku.fi\/kauppa\/wp-json\/wp\/v2\/product_tag?post=17645"}],"curies":[{"name":"wp","href":"https:\/\/api.w.org\/{rel}","templated":true}]}}