{"id":17654,"date":"2025-07-03T17:11:14","date_gmt":"2025-07-03T14:11:14","guid":{"rendered":"https:\/\/www.ksttukku.fi\/kauppa\/?post_type=product&#038;p=17654"},"modified":"2025-07-03T17:19:12","modified_gmt":"2025-07-03T14:19:12","slug":"viilu-allaskaapp-60-cm","status":"publish","type":"product","link":"https:\/\/www.ksttukku.fi\/kauppa\/tuote\/viilu-allaskaapp-60-cm\/","title":{"rendered":"VIILU allaskaappi 60 cm"},"content":{"rendered":"<p>VIILU allaskaappi on t\u00e4ysin vedenkest\u00e4v\u00e4st\u00e4 ja ekologisesta py\u00f6kki-poppelivanerista valmistettu pitk\u00e4ik\u00e4inen kylpyhuonekaluste. Kaapin ovissa on k\u00e4ytetty hidastesaranoita, joiden ansiosta ovet sulkeutuvat mukavan pehme\u00e4sti. Kaapin sis\u00e4lt\u00e4 l\u00f6yd\u00e4t hyllyn, jonka voit halutessasi siirt\u00e4\u00e4 haluamallesi korkeudelle.<\/p>\n<ul>\n<li>Leveys 600 mm<\/li>\n<li>Korkeus\u00a0500\u00a0mm<\/li>\n<li>Syvyys 390 mm<\/li>\n<li>Kuvassa n\u00e4kyv\u00e4 ML39G-600 posliiniallastaso ei kuulu toimitukseen, vaan se on tilattava erikseen.<\/li>\n<\/ul>\n<blockquote class=\"wp-embedded-content\" data-secret=\"u2oidF0ZOJ\"><p><a href=\"https:\/\/www.ksttukku.fi\/kauppa\/tuote\/ml39g-600-posliiniallastaso\/\">ML39G-600 posliiniallastaso<\/a><\/p><\/blockquote>\n<p><iframe loading=\"lazy\" class=\"wp-embedded-content\" sandbox=\"allow-scripts\" security=\"restricted\" style=\"position: absolute; visibility: hidden;\" title=\"&#8221;ML39G-600 posliiniallastaso&#8221; &#8212; \" src=\"https:\/\/www.ksttukku.fi\/kauppa\/tuote\/ml39g-600-posliiniallastaso\/embed\/#?secret=fy7x5VV7Mp#?secret=u2oidF0ZOJ\" data-secret=\"u2oidF0ZOJ\" width=\"600\" height=\"338\" frameborder=\"0\" marginwidth=\"0\" marginheight=\"0\" scrolling=\"no\"><\/iframe><\/p>\n","protected":false},"excerpt":{"rendered":"<p>VIILU allaskaappi on t\u00e4ysin vedenkest\u00e4v\u00e4st\u00e4 ja ekologisesta py\u00f6kki-poppelivanerista valmistettu pitk\u00e4ik\u00e4inen kylpyhuonekaluste. Kaapin ovissa on k\u00e4ytetty hidastesaranoita, joiden ansiosta ovet sulkeutuvat mukavan pehme\u00e4sti. Kaapin sis\u00e4lt\u00e4 l\u00f6yd\u00e4t hyllyn, jonka voit halutessasi siirt\u00e4\u00e4 haluamallesi korkeudelle. Leveys 600 mm Korkeus\u00a0500\u00a0mm Syvyys 390 mm Kuvassa n\u00e4kyv\u00e4 ML39G-600 posliiniallastaso ei kuulu toimitukseen, vaan se on tilattava erikseen. ML39G-600 posliiniallastaso<\/p>\n","protected":false},"featured_media":17655,"comment_status":"closed","ping_status":"closed","template":"","meta":[],"product_brand":[],"product_cat":[151,150],"product_tag":[],"class_list":{"0":"post-17654","1":"product","2":"type-product","3":"status-publish","4":"has-post-thumbnail","6":"product_cat-kalusteet","7":"product_cat-kylpyhuone","9":"first","10":"instock","11":"taxable","12":"shipping-taxable","13":"purchasable","14":"product-type-simple"},"_links":{"self":[{"href":"https:\/\/www.ksttukku.fi\/kauppa\/wp-json\/wp\/v2\/product\/17654","targetHints":{"allow":["GET"]}}],"collection":[{"href":"https:\/\/www.ksttukku.fi\/kauppa\/wp-json\/wp\/v2\/product"}],"about":[{"href":"https:\/\/www.ksttukku.fi\/kauppa\/wp-json\/wp\/v2\/types\/product"}],"replies":[{"embeddable":true,"href":"https:\/\/www.ksttukku.fi\/kauppa\/wp-json\/wp\/v2\/comments?post=17654"}],"wp:featuredmedia":[{"embeddable":true,"href":"https:\/\/www.ksttukku.fi\/kauppa\/wp-json\/wp\/v2\/media\/17655"}],"wp:attachment":[{"href":"https:\/\/www.ksttukku.fi\/kauppa\/wp-json\/wp\/v2\/media?parent=17654"}],"wp:term":[{"taxonomy":"product_brand","embeddable":true,"href":"https:\/\/www.ksttukku.fi\/kauppa\/wp-json\/wp\/v2\/product_brand?post=17654"},{"taxonomy":"product_cat","embeddable":true,"href":"https:\/\/www.ksttukku.fi\/kauppa\/wp-json\/wp\/v2\/product_cat?post=17654"},{"taxonomy":"product_tag","embeddable":true,"href":"https:\/\/www.ksttukku.fi\/kauppa\/wp-json\/wp\/v2\/product_tag?post=17654"}],"curies":[{"name":"wp","href":"https:\/\/api.w.org\/{rel}","templated":true}]}}