{"id":17659,"date":"2025-07-03T17:39:58","date_gmt":"2025-07-03T14:39:58","guid":{"rendered":"https:\/\/www.ksttukku.fi\/kauppa\/?post_type=product&#038;p=17659"},"modified":"2026-01-19T16:44:57","modified_gmt":"2026-01-19T14:44:57","slug":"viilu-allaskaappi-akl600-valkoinen","status":"publish","type":"product","link":"https:\/\/www.ksttukku.fi\/kauppa\/tuote\/viilu-allaskaappi-akl600-valkoinen\/","title":{"rendered":"VIILU allaskaappi AKL600 valkoinen"},"content":{"rendered":"<p>Laatikollinen VIILU allaskaappi laatua ja k\u00e4yt\u00e4nn\u00f6llisyytt\u00e4 rakastaviin kylpyhuoneisiin<\/p>\n<p>VIILU allaskaappi on t\u00e4ysin vedenkest\u00e4v\u00e4st\u00e4 ja ekologisesta py\u00f6kki-poppelivanerista valmistettu pitk\u00e4ik\u00e4inen kylpyhuonekaluste. Kaksi tilavaa, pehme\u00e4sti sulkeutuvaa vetolaatikkoa tekev\u00e4t arjen s\u00e4ilytyksest\u00e4 sujuvaa \u2013 ja tarvittaessa laatikot irtoavat helposti k\u00e4tev\u00e4n pikalukituksen ansiosta.<\/p>\n<ul>\n<li>Leveys 600 mm<\/li>\n<li>Korkeus\u00a0500\u00a0mm<\/li>\n<li>Syvyys 390 mm<\/li>\n<li>Levyn kokonaispaksuus 15mm<\/li>\n<li>Esiporatut rei\u00e4t vetimille<\/li>\n<\/ul>\n<p>Kuvassa n\u00e4kyv\u00e4 ML39G-600 posliiniallastaso ei kuulu toimitukseen, vaan se on tilattavava erikseen<\/p>\n<blockquote class=\"wp-embedded-content\" data-secret=\"1VvmW80Hhb\"><p><a href=\"https:\/\/www.ksttukku.fi\/kauppa\/tuote\/ml39g-600-posliiniallastaso\/\">ML39G-600 posliiniallastaso<\/a><\/p><\/blockquote>\n<p><iframe loading=\"lazy\" class=\"wp-embedded-content\" sandbox=\"allow-scripts\" security=\"restricted\" style=\"position: absolute; visibility: hidden;\" title=\"&#8221;ML39G-600 posliiniallastaso&#8221; &#8212; \" src=\"https:\/\/www.ksttukku.fi\/kauppa\/tuote\/ml39g-600-posliiniallastaso\/embed\/#?secret=cTwe2fjG6D#?secret=1VvmW80Hhb\" data-secret=\"1VvmW80Hhb\" width=\"600\" height=\"338\" frameborder=\"0\" marginwidth=\"0\" marginheight=\"0\" scrolling=\"no\"><\/iframe><\/p>\n<p>&nbsp;<\/p>\n<p>&nbsp;<\/p>\n","protected":false},"excerpt":{"rendered":"<p>Laatikollinen VIILU allaskaappi laatua ja k\u00e4yt\u00e4nn\u00f6llisyytt\u00e4 rakastaviin kylpyhuoneisiin VIILU allaskaappi on t\u00e4ysin vedenkest\u00e4v\u00e4st\u00e4 ja ekologisesta py\u00f6kki-poppelivanerista valmistettu pitk\u00e4ik\u00e4inen kylpyhuonekaluste. Kaksi tilavaa, pehme\u00e4sti sulkeutuvaa vetolaatikkoa tekev\u00e4t arjen s\u00e4ilytyksest\u00e4 sujuvaa \u2013 ja tarvittaessa laatikot irtoavat helposti k\u00e4tev\u00e4n pikalukituksen ansiosta. Leveys 600 mm Korkeus\u00a0500\u00a0mm Syvyys 390 mm Levyn kokonaispaksuus 15mm Esiporatut rei\u00e4t vetimille Kuvassa n\u00e4kyv\u00e4 ML39G-600 posliiniallastaso ei [&hellip;]<\/p>\n","protected":false},"featured_media":17660,"comment_status":"closed","ping_status":"closed","template":"","meta":[],"product_brand":[],"product_cat":[151,150],"product_tag":[],"class_list":{"0":"post-17659","1":"product","2":"type-product","3":"status-publish","4":"has-post-thumbnail","6":"product_cat-kalusteet","7":"product_cat-kylpyhuone","9":"first","10":"instock","11":"taxable","12":"shipping-taxable","13":"purchasable","14":"product-type-simple"},"_links":{"self":[{"href":"https:\/\/www.ksttukku.fi\/kauppa\/wp-json\/wp\/v2\/product\/17659","targetHints":{"allow":["GET"]}}],"collection":[{"href":"https:\/\/www.ksttukku.fi\/kauppa\/wp-json\/wp\/v2\/product"}],"about":[{"href":"https:\/\/www.ksttukku.fi\/kauppa\/wp-json\/wp\/v2\/types\/product"}],"replies":[{"embeddable":true,"href":"https:\/\/www.ksttukku.fi\/kauppa\/wp-json\/wp\/v2\/comments?post=17659"}],"wp:featuredmedia":[{"embeddable":true,"href":"https:\/\/www.ksttukku.fi\/kauppa\/wp-json\/wp\/v2\/media\/17660"}],"wp:attachment":[{"href":"https:\/\/www.ksttukku.fi\/kauppa\/wp-json\/wp\/v2\/media?parent=17659"}],"wp:term":[{"taxonomy":"product_brand","embeddable":true,"href":"https:\/\/www.ksttukku.fi\/kauppa\/wp-json\/wp\/v2\/product_brand?post=17659"},{"taxonomy":"product_cat","embeddable":true,"href":"https:\/\/www.ksttukku.fi\/kauppa\/wp-json\/wp\/v2\/product_cat?post=17659"},{"taxonomy":"product_tag","embeddable":true,"href":"https:\/\/www.ksttukku.fi\/kauppa\/wp-json\/wp\/v2\/product_tag?post=17659"}],"curies":[{"name":"wp","href":"https:\/\/api.w.org\/{rel}","templated":true}]}}