{"id":17665,"date":"2025-07-07T16:40:47","date_gmt":"2025-07-07T13:40:47","guid":{"rendered":"https:\/\/www.ksttukku.fi\/kauppa\/?post_type=product&#038;p=17665"},"modified":"2025-07-09T13:59:50","modified_gmt":"2025-07-09T10:59:50","slug":"viilu-pyykkikaappi-jaloilla-valkoinen","status":"publish","type":"product","link":"https:\/\/www.ksttukku.fi\/kauppa\/tuote\/viilu-pyykkikaappi-jaloilla-valkoinen\/","title":{"rendered":"VIILU pyykkikaappi jaloilla valkoinen"},"content":{"rendered":"<p>VIILU pyykkikaappi on t\u00e4ysin vedenkest\u00e4v\u00e4st\u00e4 ja ekologisesta py\u00f6kki-poppelivanerista valmistettu pitk\u00e4ik\u00e4inen kylpyhuonekaluste. Kaapin ovissa on k\u00e4ytetty hidastesaranoita, joiden ansiosta ovet sulkeutuvat mukavan pehme\u00e4sti. Kaapin sis\u00e4lt\u00e4 l\u00f6yd\u00e4t yhden kiinte\u00e4n ja yhden irrotettavan hyllyn sek\u00e4 yhden ulosvedett\u00e4v\u00e4n korin. Kaapin k\u00e4tisyys voidaan vaihtaa yksinkertaisesti k\u00e4\u00e4nt\u00e4m\u00e4ll\u00e4 kaappi.<\/p>\n<ul>\n<li>Leveys 400 mm<\/li>\n<li>Korkeus\u00a01400\u00a0mm<\/li>\n<li>Syvyys 400 mm<\/li>\n<li>Levyn kokonaispaksuus 15mm<\/li>\n<li>Esiporatut rei\u00e4t vetimille<\/li>\n<\/ul>\n","protected":false},"excerpt":{"rendered":"<p>VIILU pyykkikaappi on t\u00e4ysin vedenkest\u00e4v\u00e4st\u00e4 ja ekologisesta py\u00f6kki-poppelivanerista valmistettu pitk\u00e4ik\u00e4inen kylpyhuonekaluste. Kaapin ovissa on k\u00e4ytetty hidastesaranoita, joiden ansiosta ovet sulkeutuvat mukavan pehme\u00e4sti. Kaapin sis\u00e4lt\u00e4 l\u00f6yd\u00e4t yhden kiinte\u00e4n ja yhden irrotettavan hyllyn sek\u00e4 yhden ulosvedett\u00e4v\u00e4n korin. Kaapin k\u00e4tisyys voidaan vaihtaa yksinkertaisesti k\u00e4\u00e4nt\u00e4m\u00e4ll\u00e4 kaappi. Leveys 400 mm Korkeus\u00a01400\u00a0mm Syvyys 400 mm Levyn kokonaispaksuus 15mm Esiporatut rei\u00e4t vetimille<\/p>\n","protected":false},"featured_media":17666,"comment_status":"closed","ping_status":"closed","template":"","meta":[],"product_brand":[],"product_cat":[151,150],"product_tag":[],"class_list":{"0":"post-17665","1":"product","2":"type-product","3":"status-publish","4":"has-post-thumbnail","6":"product_cat-kalusteet","7":"product_cat-kylpyhuone","9":"first","10":"instock","11":"sale","12":"taxable","13":"shipping-taxable","14":"purchasable","15":"product-type-simple"},"_links":{"self":[{"href":"https:\/\/www.ksttukku.fi\/kauppa\/wp-json\/wp\/v2\/product\/17665","targetHints":{"allow":["GET"]}}],"collection":[{"href":"https:\/\/www.ksttukku.fi\/kauppa\/wp-json\/wp\/v2\/product"}],"about":[{"href":"https:\/\/www.ksttukku.fi\/kauppa\/wp-json\/wp\/v2\/types\/product"}],"replies":[{"embeddable":true,"href":"https:\/\/www.ksttukku.fi\/kauppa\/wp-json\/wp\/v2\/comments?post=17665"}],"wp:featuredmedia":[{"embeddable":true,"href":"https:\/\/www.ksttukku.fi\/kauppa\/wp-json\/wp\/v2\/media\/17666"}],"wp:attachment":[{"href":"https:\/\/www.ksttukku.fi\/kauppa\/wp-json\/wp\/v2\/media?parent=17665"}],"wp:term":[{"taxonomy":"product_brand","embeddable":true,"href":"https:\/\/www.ksttukku.fi\/kauppa\/wp-json\/wp\/v2\/product_brand?post=17665"},{"taxonomy":"product_cat","embeddable":true,"href":"https:\/\/www.ksttukku.fi\/kauppa\/wp-json\/wp\/v2\/product_cat?post=17665"},{"taxonomy":"product_tag","embeddable":true,"href":"https:\/\/www.ksttukku.fi\/kauppa\/wp-json\/wp\/v2\/product_tag?post=17665"}],"curies":[{"name":"wp","href":"https:\/\/api.w.org\/{rel}","templated":true}]}}