{"id":17668,"date":"2025-07-08T14:53:26","date_gmt":"2025-07-08T11:53:26","guid":{"rendered":"https:\/\/www.ksttukku.fi\/kauppa\/?post_type=product&#038;p=17668"},"modified":"2025-07-08T14:53:27","modified_gmt":"2025-07-08T11:53:27","slug":"flamme-dotty-led-kynttila-kirkas-10-cm","status":"publish","type":"product","link":"https:\/\/www.ksttukku.fi\/kauppa\/tuote\/flamme-dotty-led-kynttila-kirkas-10-cm\/","title":{"rendered":"Flamme Dotty LED-kynttil\u00e4 kirkas 10 cm"},"content":{"rendered":"<p>Flamme Dotty LED-kynttil\u00e4ss\u00e4 on pisarakuvioidun kirkkaan lasin sis\u00e4ll\u00e4 vahasta valmistettu kynttil\u00e4 aidon n\u00e4k\u00f6isell\u00e4 Flamme-liekill\u00e4. Kynttil\u00e4 sopii sis\u00e4k\u00e4ytt\u00f6\u00f6n ja siin\u00e4 on l\u00e4mpim\u00e4n valkoinen valo.<br \/>\nAjastintoiminnon avulla kynttil\u00e4 palaa 6 tunnin ajan kerrallaan ja syttyy seuraavana p\u00e4iv\u00e4n\u00e4 samaan aikaan uudelleen.<br \/>\nToimii kahdella AAA-paristolla, jotka eiv\u00e4t sis\u00e4lly pakkaukseen. Ajastintoimintoa k\u00e4ytett\u00e4ess\u00e4 paristokesto on noin 30 p\u00e4iv\u00e4\u00e4<\/p>\n<ul>\n<li>Pituus: 9 cm<\/li>\n<li>Leveys: 9 cm<\/li>\n<li>Korkeus: 10 cm<\/li>\n<\/ul>\n","protected":false},"excerpt":{"rendered":"<p>Flamme Dotty LED-kynttil\u00e4ss\u00e4 on pisarakuvioidun kirkkaan lasin sis\u00e4ll\u00e4 vahasta valmistettu kynttil\u00e4 aidon n\u00e4k\u00f6isell\u00e4 Flamme-liekill\u00e4. Kynttil\u00e4 sopii sis\u00e4k\u00e4ytt\u00f6\u00f6n ja siin\u00e4 on l\u00e4mpim\u00e4n valkoinen valo. Ajastintoiminnon avulla kynttil\u00e4 palaa 6 tunnin ajan kerrallaan ja syttyy seuraavana p\u00e4iv\u00e4n\u00e4 samaan aikaan uudelleen. Toimii kahdella AAA-paristolla, jotka eiv\u00e4t sis\u00e4lly pakkaukseen. Ajastintoimintoa k\u00e4ytett\u00e4ess\u00e4 paristokesto on noin 30 p\u00e4iv\u00e4\u00e4 Pituus: 9 cm [&hellip;]<\/p>\n","protected":false},"featured_media":17669,"comment_status":"closed","ping_status":"closed","template":"","meta":[],"product_brand":[],"product_cat":[176,491,199,377],"product_tag":[],"class_list":{"0":"post-17668","1":"product","2":"type-product","3":"status-publish","4":"has-post-thumbnail","6":"product_cat-joulu-ja-koristevalot","7":"product_cat-kodin-sisustustuotteet","8":"product_cat-koristevalot","9":"product_cat-sisustus-lahjatavarat","11":"first","12":"instock","13":"taxable","14":"shipping-taxable","15":"purchasable","16":"product-type-simple"},"_links":{"self":[{"href":"https:\/\/www.ksttukku.fi\/kauppa\/wp-json\/wp\/v2\/product\/17668","targetHints":{"allow":["GET"]}}],"collection":[{"href":"https:\/\/www.ksttukku.fi\/kauppa\/wp-json\/wp\/v2\/product"}],"about":[{"href":"https:\/\/www.ksttukku.fi\/kauppa\/wp-json\/wp\/v2\/types\/product"}],"replies":[{"embeddable":true,"href":"https:\/\/www.ksttukku.fi\/kauppa\/wp-json\/wp\/v2\/comments?post=17668"}],"wp:featuredmedia":[{"embeddable":true,"href":"https:\/\/www.ksttukku.fi\/kauppa\/wp-json\/wp\/v2\/media\/17669"}],"wp:attachment":[{"href":"https:\/\/www.ksttukku.fi\/kauppa\/wp-json\/wp\/v2\/media?parent=17668"}],"wp:term":[{"taxonomy":"product_brand","embeddable":true,"href":"https:\/\/www.ksttukku.fi\/kauppa\/wp-json\/wp\/v2\/product_brand?post=17668"},{"taxonomy":"product_cat","embeddable":true,"href":"https:\/\/www.ksttukku.fi\/kauppa\/wp-json\/wp\/v2\/product_cat?post=17668"},{"taxonomy":"product_tag","embeddable":true,"href":"https:\/\/www.ksttukku.fi\/kauppa\/wp-json\/wp\/v2\/product_tag?post=17668"}],"curies":[{"name":"wp","href":"https:\/\/api.w.org\/{rel}","templated":true}]}}