{"id":17691,"date":"2025-07-09T17:03:20","date_gmt":"2025-07-09T14:03:20","guid":{"rendered":"https:\/\/www.ksttukku.fi\/kauppa\/?post_type=product&#038;p=17691"},"modified":"2025-07-09T17:08:07","modified_gmt":"2025-07-09T14:08:07","slug":"viilu-peilikaappi-60-cm-valolla","status":"publish","type":"product","link":"https:\/\/www.ksttukku.fi\/kauppa\/tuote\/viilu-peilikaappi-60-cm-valolla\/","title":{"rendered":"Viilu peilikaappi 60 cm valolla"},"content":{"rendered":"<p>VIILU peilikaappi on t\u00e4ysin vedenkest\u00e4v\u00e4st\u00e4 ja ekologisesta py\u00f6kki-poppelivanerista valmistettu pitk\u00e4ik\u00e4inen kylpyhuonekaluste. Kaapin yl\u00e4osaan integroitu valolippa tarjoaa kirkkaan ja miellytt\u00e4v\u00e4n valon, joka helpottaa esimerkiksi meikkaamista tai parranajoa. Peiliovet ovat kaksipuoliset, mik\u00e4 tekee arkisista rutiineista sujuvampia. Kaapin sis\u00e4lt\u00e4 l\u00f6ytyv\u00e4t kaksi lasihylly\u00e4 sek\u00e4 k\u00e4yt\u00e4nn\u00f6llinen pistorasia, jonka ansiosta voit k\u00e4ytt\u00e4\u00e4 tai ladata s\u00e4hk\u00f6laitteita, kuten hiustenkuivaajaa tai s\u00e4hk\u00f6hammasharjaa, suoraan kaapin yhteydess\u00e4. T\u00e4m\u00e4 tekee kylpyhuoneen k\u00e4yt\u00f6st\u00e4 siistimp\u00e4\u00e4 ja vaivattomampaa.<\/p>\n<p>&#8211; Valittavissa kolme eri leveytt\u00e4<br \/>\n&#8211; Korkeus 700 mm<br \/>\n&#8211; Syvyys 130 mm<br \/>\n&#8211; Levyn kokonaispaksuus 15mm<br \/>\n&#8211; Kolme eri v\u00e4ri\u00e4: valkoinen, tammi ja antrasiitti<\/p>\n","protected":false},"excerpt":{"rendered":"<p>VIILU peilikaappi on t\u00e4ysin vedenkest\u00e4v\u00e4st\u00e4 ja ekologisesta py\u00f6kki-poppelivanerista valmistettu pitk\u00e4ik\u00e4inen kylpyhuonekaluste. Kaapin yl\u00e4osaan integroitu valolippa tarjoaa kirkkaan ja miellytt\u00e4v\u00e4n valon, joka helpottaa esimerkiksi meikkaamista tai parranajoa. Peiliovet ovat kaksipuoliset, mik\u00e4 tekee arkisista rutiineista sujuvampia. Kaapin sis\u00e4lt\u00e4 l\u00f6ytyv\u00e4t kaksi lasihylly\u00e4 sek\u00e4 k\u00e4yt\u00e4nn\u00f6llinen pistorasia, jonka ansiosta voit k\u00e4ytt\u00e4\u00e4 tai ladata s\u00e4hk\u00f6laitteita, kuten hiustenkuivaajaa tai s\u00e4hk\u00f6hammasharjaa, suoraan kaapin [&hellip;]<\/p>\n","protected":false},"featured_media":17696,"comment_status":"closed","ping_status":"closed","template":"","meta":[],"product_brand":[],"product_cat":[150,152],"product_tag":[],"class_list":{"0":"post-17691","1":"product","2":"type-product","3":"status-publish","4":"has-post-thumbnail","6":"product_cat-kylpyhuone","7":"product_cat-peilikaapit","9":"first","10":"instock","11":"taxable","12":"shipping-taxable","13":"purchasable","14":"product-type-variable"},"_links":{"self":[{"href":"https:\/\/www.ksttukku.fi\/kauppa\/wp-json\/wp\/v2\/product\/17691","targetHints":{"allow":["GET"]}}],"collection":[{"href":"https:\/\/www.ksttukku.fi\/kauppa\/wp-json\/wp\/v2\/product"}],"about":[{"href":"https:\/\/www.ksttukku.fi\/kauppa\/wp-json\/wp\/v2\/types\/product"}],"replies":[{"embeddable":true,"href":"https:\/\/www.ksttukku.fi\/kauppa\/wp-json\/wp\/v2\/comments?post=17691"}],"wp:featuredmedia":[{"embeddable":true,"href":"https:\/\/www.ksttukku.fi\/kauppa\/wp-json\/wp\/v2\/media\/17696"}],"wp:attachment":[{"href":"https:\/\/www.ksttukku.fi\/kauppa\/wp-json\/wp\/v2\/media?parent=17691"}],"wp:term":[{"taxonomy":"product_brand","embeddable":true,"href":"https:\/\/www.ksttukku.fi\/kauppa\/wp-json\/wp\/v2\/product_brand?post=17691"},{"taxonomy":"product_cat","embeddable":true,"href":"https:\/\/www.ksttukku.fi\/kauppa\/wp-json\/wp\/v2\/product_cat?post=17691"},{"taxonomy":"product_tag","embeddable":true,"href":"https:\/\/www.ksttukku.fi\/kauppa\/wp-json\/wp\/v2\/product_tag?post=17691"}],"curies":[{"name":"wp","href":"https:\/\/api.w.org\/{rel}","templated":true}]}}