{"id":1771,"date":"2018-06-18T18:43:08","date_gmt":"2018-06-18T15:43:08","guid":{"rendered":"http:\/\/www.ksttukku.fi\/kauppa\/?post_type=product&#038;p=1771"},"modified":"2018-06-18T18:43:08","modified_gmt":"2018-06-18T15:43:08","slug":"karsten-riippuvalaisin-valkoinen","status":"publish","type":"product","link":"https:\/\/www.ksttukku.fi\/kauppa\/tuote\/karsten-riippuvalaisin-valkoinen\/","title":{"rendered":"Karsten riippuvalaisin valkoinen"},"content":{"rendered":"<p>Karsten on metallista valmistettu tyylik\u00e4s riippuvalaisin, joka ei j\u00e4t\u00e4 ket\u00e4\u00e4n kylm\u00e4ksi. Metallisen kupunsa ansiosta Karsten on kest\u00e4v\u00e4 ja luotettava valaisin, joka k\u00e4y mihin tilaan tahansa.<\/p>\n<p>\u2022 V\u00e4ri : valkoinen<br \/>\n\u2022 halk. : 37,0cm<br \/>\n\u2022 kork. : 150,0cm<br \/>\n\u2022 1 x E27 \/ 60W (ei sis\u00e4lly pakkaukseen)<br \/>\nKoukkukiinnitys, sis\u00e4lt\u00e4\u00e4 pistokkeen<\/p>\n","protected":false},"excerpt":{"rendered":"<p>Karsten on metallista valmistettu tyylik\u00e4s riippuvalaisin, joka ei j\u00e4t\u00e4 ket\u00e4\u00e4n kylm\u00e4ksi. Metallisen kupunsa ansiosta Karsten on kest\u00e4v\u00e4 ja luotettava valaisin, joka k\u00e4y mihin tilaan tahansa. \u2022 V\u00e4ri : valkoinen \u2022 halk. : 37,0cm \u2022 kork. : 150,0cm \u2022 1 x E27 \/ 60W (ei sis\u00e4lly pakkaukseen) Koukkukiinnitys, sis\u00e4lt\u00e4\u00e4 pistokkeen<\/p>\n","protected":false},"featured_media":1772,"comment_status":"closed","ping_status":"closed","template":"","meta":[],"product_brand":[],"product_cat":[49,35,34],"product_tag":[],"class_list":{"0":"post-1771","1":"product","2":"type-product","3":"status-publish","4":"has-post-thumbnail","6":"product_cat-riippuvalaisimet","7":"product_cat-sisavalaisimet","8":"product_cat-valaisimet","10":"first","11":"instock","12":"taxable","13":"shipping-taxable","14":"purchasable","15":"product-type-simple"},"_links":{"self":[{"href":"https:\/\/www.ksttukku.fi\/kauppa\/wp-json\/wp\/v2\/product\/1771","targetHints":{"allow":["GET"]}}],"collection":[{"href":"https:\/\/www.ksttukku.fi\/kauppa\/wp-json\/wp\/v2\/product"}],"about":[{"href":"https:\/\/www.ksttukku.fi\/kauppa\/wp-json\/wp\/v2\/types\/product"}],"replies":[{"embeddable":true,"href":"https:\/\/www.ksttukku.fi\/kauppa\/wp-json\/wp\/v2\/comments?post=1771"}],"wp:featuredmedia":[{"embeddable":true,"href":"https:\/\/www.ksttukku.fi\/kauppa\/wp-json\/wp\/v2\/media\/1772"}],"wp:attachment":[{"href":"https:\/\/www.ksttukku.fi\/kauppa\/wp-json\/wp\/v2\/media?parent=1771"}],"wp:term":[{"taxonomy":"product_brand","embeddable":true,"href":"https:\/\/www.ksttukku.fi\/kauppa\/wp-json\/wp\/v2\/product_brand?post=1771"},{"taxonomy":"product_cat","embeddable":true,"href":"https:\/\/www.ksttukku.fi\/kauppa\/wp-json\/wp\/v2\/product_cat?post=1771"},{"taxonomy":"product_tag","embeddable":true,"href":"https:\/\/www.ksttukku.fi\/kauppa\/wp-json\/wp\/v2\/product_tag?post=1771"}],"curies":[{"name":"wp","href":"https:\/\/api.w.org\/{rel}","templated":true}]}}