{"id":17727,"date":"2025-07-11T16:39:49","date_gmt":"2025-07-11T13:39:49","guid":{"rendered":"https:\/\/www.ksttukku.fi\/kauppa\/?post_type=product&#038;p=17727"},"modified":"2025-09-24T14:06:16","modified_gmt":"2025-09-24T11:06:16","slug":"bianco-allaskaappi-vetolaatikolla-50-cm","status":"publish","type":"product","link":"https:\/\/www.ksttukku.fi\/kauppa\/tuote\/bianco-allaskaappi-vetolaatikolla-50-cm\/","title":{"rendered":"Bianco Allaskaappi vetolaatikolla 50 cm"},"content":{"rendered":"<p>valkoinen<\/p>\n<p>kest\u00e4v\u00e4 kalustelevy<\/p>\n<p>posliiniallas<\/p>\n<p>pehme\u00e4sti sulkeutuvat vetolaatikot<\/p>\n<p>harjatut kromivetimet<\/p>\n<p>asennetaan riippuvaksi<\/p>\n<p>tilaa vesilukolle ja poistoputkelle<\/p>\n<p>rungon syvyys: 35 cm, altaan syvyys: 42 cm<\/p>\n<p>rungon korkeus: 53 cm, korkeus altaan kanssa 61 cm<\/p>\n","protected":false},"excerpt":{"rendered":"<p>valkoinen kest\u00e4v\u00e4 kalustelevy posliiniallas pehme\u00e4sti sulkeutuvat vetolaatikot harjatut kromivetimet asennetaan riippuvaksi tilaa vesilukolle ja poistoputkelle rungon syvyys: 35 cm, altaan syvyys: 42 cm rungon korkeus: 53 cm, korkeus altaan kanssa 61 cm<\/p>\n","protected":false},"featured_media":17725,"comment_status":"closed","ping_status":"closed","template":"","meta":[],"product_brand":[],"product_cat":[151,150],"product_tag":[],"class_list":{"0":"post-17727","1":"product","2":"type-product","3":"status-publish","4":"has-post-thumbnail","6":"product_cat-kalusteet","7":"product_cat-kylpyhuone","9":"first","10":"instock","11":"taxable","12":"shipping-taxable","13":"purchasable","14":"product-type-simple"},"_links":{"self":[{"href":"https:\/\/www.ksttukku.fi\/kauppa\/wp-json\/wp\/v2\/product\/17727","targetHints":{"allow":["GET"]}}],"collection":[{"href":"https:\/\/www.ksttukku.fi\/kauppa\/wp-json\/wp\/v2\/product"}],"about":[{"href":"https:\/\/www.ksttukku.fi\/kauppa\/wp-json\/wp\/v2\/types\/product"}],"replies":[{"embeddable":true,"href":"https:\/\/www.ksttukku.fi\/kauppa\/wp-json\/wp\/v2\/comments?post=17727"}],"wp:featuredmedia":[{"embeddable":true,"href":"https:\/\/www.ksttukku.fi\/kauppa\/wp-json\/wp\/v2\/media\/17725"}],"wp:attachment":[{"href":"https:\/\/www.ksttukku.fi\/kauppa\/wp-json\/wp\/v2\/media?parent=17727"}],"wp:term":[{"taxonomy":"product_brand","embeddable":true,"href":"https:\/\/www.ksttukku.fi\/kauppa\/wp-json\/wp\/v2\/product_brand?post=17727"},{"taxonomy":"product_cat","embeddable":true,"href":"https:\/\/www.ksttukku.fi\/kauppa\/wp-json\/wp\/v2\/product_cat?post=17727"},{"taxonomy":"product_tag","embeddable":true,"href":"https:\/\/www.ksttukku.fi\/kauppa\/wp-json\/wp\/v2\/product_tag?post=17727"}],"curies":[{"name":"wp","href":"https:\/\/api.w.org\/{rel}","templated":true}]}}