{"id":17732,"date":"2025-07-11T17:07:59","date_gmt":"2025-07-11T14:07:59","guid":{"rendered":"https:\/\/www.ksttukku.fi\/kauppa\/?post_type=product&#038;p=17732"},"modified":"2025-07-31T12:31:42","modified_gmt":"2025-07-31T09:31:42","slug":"bianco-allaskaappi-ovilla-50-cm","status":"publish","type":"product","link":"https:\/\/www.ksttukku.fi\/kauppa\/tuote\/bianco-allaskaappi-ovilla-50-cm\/","title":{"rendered":"Bianco allaskaappi ovilla 50 cm"},"content":{"rendered":"<p>Bianco allaskaappi ovilla<\/p>\n<p>valkoinen<\/p>\n<p>kest\u00e4v\u00e4 kalustelevy<\/p>\n<p>posliiniallas ylivuotosuojalla<\/p>\n<p>pehme\u00e4sti sulkeutuvat ovet<\/p>\n<p>yksi hylly<\/p>\n<p>harjatut kromivetimet<\/p>\n<p>asennetaan riippuvaksi, toimitus sis\u00e4lt\u00e4\u00e4 my\u00f6s jalat<\/p>\n<p>tilaa vesilukolle ja poistoputkelle<\/p>\n<p>Leveys 50 cm<\/p>\n<p>rungon syvyys 35 cm, altaan syvyys 42 cm<\/p>\n<p>rungon korkeus 68 cm, korkeus altaan kanssa 75 cm<\/p>\n","protected":false},"excerpt":{"rendered":"<p>Bianco allaskaappi ovilla valkoinen kest\u00e4v\u00e4 kalustelevy posliiniallas ylivuotosuojalla pehme\u00e4sti sulkeutuvat ovet yksi hylly harjatut kromivetimet asennetaan riippuvaksi, toimitus sis\u00e4lt\u00e4\u00e4 my\u00f6s jalat tilaa vesilukolle ja poistoputkelle Leveys 50 cm rungon syvyys 35 cm, altaan syvyys 42 cm rungon korkeus 68 cm, korkeus altaan kanssa 75 cm<\/p>\n","protected":false},"featured_media":17730,"comment_status":"closed","ping_status":"closed","template":"","meta":[],"product_brand":[],"product_cat":[151,150],"product_tag":[],"class_list":{"0":"post-17732","1":"product","2":"type-product","3":"status-publish","4":"has-post-thumbnail","6":"product_cat-kalusteet","7":"product_cat-kylpyhuone","9":"first","10":"instock","11":"taxable","12":"shipping-taxable","13":"purchasable","14":"product-type-simple"},"_links":{"self":[{"href":"https:\/\/www.ksttukku.fi\/kauppa\/wp-json\/wp\/v2\/product\/17732","targetHints":{"allow":["GET"]}}],"collection":[{"href":"https:\/\/www.ksttukku.fi\/kauppa\/wp-json\/wp\/v2\/product"}],"about":[{"href":"https:\/\/www.ksttukku.fi\/kauppa\/wp-json\/wp\/v2\/types\/product"}],"replies":[{"embeddable":true,"href":"https:\/\/www.ksttukku.fi\/kauppa\/wp-json\/wp\/v2\/comments?post=17732"}],"wp:featuredmedia":[{"embeddable":true,"href":"https:\/\/www.ksttukku.fi\/kauppa\/wp-json\/wp\/v2\/media\/17730"}],"wp:attachment":[{"href":"https:\/\/www.ksttukku.fi\/kauppa\/wp-json\/wp\/v2\/media?parent=17732"}],"wp:term":[{"taxonomy":"product_brand","embeddable":true,"href":"https:\/\/www.ksttukku.fi\/kauppa\/wp-json\/wp\/v2\/product_brand?post=17732"},{"taxonomy":"product_cat","embeddable":true,"href":"https:\/\/www.ksttukku.fi\/kauppa\/wp-json\/wp\/v2\/product_cat?post=17732"},{"taxonomy":"product_tag","embeddable":true,"href":"https:\/\/www.ksttukku.fi\/kauppa\/wp-json\/wp\/v2\/product_tag?post=17732"}],"curies":[{"name":"wp","href":"https:\/\/api.w.org\/{rel}","templated":true}]}}